{"id":14453,"date":"2026-02-23T13:57:17","date_gmt":"2026-02-23T12:57:17","guid":{"rendered":"https:\/\/clubvinotico.com\/producto\/al-cap-del-carrer\/"},"modified":"2026-02-23T13:57:17","modified_gmt":"2026-02-23T12:57:17","slug":"al-cap-del-carrer","status":"publish","type":"product","link":"https:\/\/clubvinotico.com\/ca\/producto\/al-cap-del-carrer\/","title":{"rendered":"Al Cap del Carrer"},"content":{"rendered":"<p>Al Cap del Carrer, \u00e9s el Cupatge tradicional de la zona sud del Montsant, on la Carinyena pren el protagonisme. L&#8217;expressi\u00f3 d&#8217;una carinyena madura i floral, combina amb el frescor que ens hi donar\u00e0 la seva companya de viatge, la Garnatxa. \u00c9s un vi tal com raja, expressant la zona i les varietats.<\/p>\n","protected":false},"excerpt":{"rendered":"<p>Vi Negre DO Montsant 2023<\/p>\n","protected":false},"featured_media":14452,"template":"","meta":[],"product_brand":[219],"product_cat":[185,299],"product_tag":[],"class_list":{"0":"post-14453","1":"product","2":"type-product","3":"status-publish","4":"has-post-thumbnail","6":"product_brand-thunder-wine-makers","7":"product_cat-bodega","8":"product_cat-sin-categorizar","10":"first","11":"instock","12":"taxable","13":"shipping-taxable","14":"purchasable","15":"product-type-simple"},"_links":{"self":[{"href":"https:\/\/clubvinotico.com\/ca\/wp-json\/wp\/v2\/product\/14453","targetHints":{"allow":["GET"]}}],"collection":[{"href":"https:\/\/clubvinotico.com\/ca\/wp-json\/wp\/v2\/product"}],"about":[{"href":"https:\/\/clubvinotico.com\/ca\/wp-json\/wp\/v2\/types\/product"}],"version-history":[{"count":0,"href":"https:\/\/clubvinotico.com\/ca\/wp-json\/wp\/v2\/product\/14453\/revisions"}],"wp:featuredmedia":[{"embeddable":true,"href":"https:\/\/clubvinotico.com\/ca\/wp-json\/wp\/v2\/media\/14452"}],"wp:attachment":[{"href":"https:\/\/clubvinotico.com\/ca\/wp-json\/wp\/v2\/media?parent=14453"}],"wp:term":[{"taxonomy":"product_brand","embeddable":true,"href":"https:\/\/clubvinotico.com\/ca\/wp-json\/wp\/v2\/product_brand?post=14453"},{"taxonomy":"product_cat","embeddable":true,"href":"https:\/\/clubvinotico.com\/ca\/wp-json\/wp\/v2\/product_cat?post=14453"},{"taxonomy":"product_tag","embeddable":true,"href":"https:\/\/clubvinotico.com\/ca\/wp-json\/wp\/v2\/product_tag?post=14453"}],"curies":[{"name":"wp","href":"https:\/\/api.w.org\/{rel}","templated":true}]}}