{"id":14183,"date":"2025-11-06T11:12:03","date_gmt":"2025-11-06T10:12:03","guid":{"rendered":"https:\/\/clubvinotico.com\/?post_type=product&#038;p=14183"},"modified":"2025-11-08T18:56:49","modified_gmt":"2025-11-08T17:56:49","slug":"nos-friends-fun-2024-do-montsant","status":"publish","type":"product","link":"https:\/\/clubvinotico.com\/ca\/producto\/nos-friends-fun-2024-do-montsant\/","title":{"rendered":"NOS Friends &#038; Fun 2024 &#8211; DO Montsant"},"content":{"rendered":"<p><span class=\"a_GcMg font-feature-liga-off font-feature-clig-off font-feature-calt-off text-decoration-none text-strikethrough-none\">Negre jove, fresc i desenfadat, fidel a la idea NOS (Natural, Original i Sostenible). Cupatge de Merlot, Cabernet Sauvignon i Ull de Llebre amb fruita n\u00edtida, esp\u00e8cies fines i tra\u00e7 floral. Boca llaminera, tan\u00ed amable i final vibrant, ideal per compartir.<\/span><\/p>\n","protected":false},"excerpt":{"rendered":"<p><span data-sheets-root=\"1\">Or Vins Negres Joves Vinari 2025<\/span><\/p>\n","protected":false},"featured_media":14221,"template":"","meta":[],"product_brand":[288],"product_cat":[262],"product_tag":[227,282,287],"class_list":{"0":"post-14183","1":"product","2":"type-product","3":"status-publish","4":"has-post-thumbnail","6":"product_brand-celler-unio","7":"product_cat-premis-vinari-2025","8":"product_tag-227","9":"product_tag-do-montsant","10":"product_tag-or-negres","12":"first","13":"instock","14":"taxable","15":"shipping-taxable","16":"purchasable","17":"product-type-simple"},"_links":{"self":[{"href":"https:\/\/clubvinotico.com\/ca\/wp-json\/wp\/v2\/product\/14183","targetHints":{"allow":["GET"]}}],"collection":[{"href":"https:\/\/clubvinotico.com\/ca\/wp-json\/wp\/v2\/product"}],"about":[{"href":"https:\/\/clubvinotico.com\/ca\/wp-json\/wp\/v2\/types\/product"}],"version-history":[{"count":1,"href":"https:\/\/clubvinotico.com\/ca\/wp-json\/wp\/v2\/product\/14183\/revisions"}],"predecessor-version":[{"id":14184,"href":"https:\/\/clubvinotico.com\/ca\/wp-json\/wp\/v2\/product\/14183\/revisions\/14184"}],"wp:featuredmedia":[{"embeddable":true,"href":"https:\/\/clubvinotico.com\/ca\/wp-json\/wp\/v2\/media\/14221"}],"wp:attachment":[{"href":"https:\/\/clubvinotico.com\/ca\/wp-json\/wp\/v2\/media?parent=14183"}],"wp:term":[{"taxonomy":"product_brand","embeddable":true,"href":"https:\/\/clubvinotico.com\/ca\/wp-json\/wp\/v2\/product_brand?post=14183"},{"taxonomy":"product_cat","embeddable":true,"href":"https:\/\/clubvinotico.com\/ca\/wp-json\/wp\/v2\/product_cat?post=14183"},{"taxonomy":"product_tag","embeddable":true,"href":"https:\/\/clubvinotico.com\/ca\/wp-json\/wp\/v2\/product_tag?post=14183"}],"curies":[{"name":"wp","href":"https:\/\/api.w.org\/{rel}","templated":true}]}}