{"id":14181,"date":"2025-11-06T11:03:57","date_gmt":"2025-11-06T10:03:57","guid":{"rendered":"https:\/\/clubvinotico.com\/?post_type=product&#038;p=14181"},"modified":"2025-11-08T18:54:56","modified_gmt":"2025-11-08T17:54:56","slug":"nos-blanc-de-noirs-2024-do-montsant","status":"publish","type":"product","link":"https:\/\/clubvinotico.com\/ca\/producto\/nos-blanc-de-noirs-2024-do-montsant\/","title":{"rendered":"NOS Blanc de Noirs 2024 &#8211; DO Montsant"},"content":{"rendered":"<p><span class=\"a_GcMg font-feature-liga-off font-feature-clig-off font-feature-calt-off text-decoration-none text-strikethrough-none\">Blanc de Noirs singular de Merlot, fidel a la filosofia NOS (Natural, Original i Sostenible). Premsat suau per extreure nom\u00e9s el cor del most. Mostra fruita roja subtil, c\u00edtrics i flors blanques. Boca fresca i saborosa, tensi\u00f3 amable i final sal\u00ed que convida al segon glop.<\/span><\/p>\n","protected":false},"excerpt":{"rendered":"<p><span data-sheets-root=\"1\">Plata Vins Blancs Joves Vinari 2025<\/span><\/p>\n","protected":false},"featured_media":14216,"template":"","meta":[],"product_brand":[288],"product_cat":[262],"product_tag":[227,282,289],"class_list":{"0":"post-14181","1":"product","2":"type-product","3":"status-publish","4":"has-post-thumbnail","6":"product_brand-celler-unio","7":"product_cat-premis-vinari-2025","8":"product_tag-227","9":"product_tag-do-montsant","10":"product_tag-plata-blancs","12":"first","13":"instock","14":"taxable","15":"shipping-taxable","16":"purchasable","17":"product-type-simple"},"_links":{"self":[{"href":"https:\/\/clubvinotico.com\/ca\/wp-json\/wp\/v2\/product\/14181","targetHints":{"allow":["GET"]}}],"collection":[{"href":"https:\/\/clubvinotico.com\/ca\/wp-json\/wp\/v2\/product"}],"about":[{"href":"https:\/\/clubvinotico.com\/ca\/wp-json\/wp\/v2\/types\/product"}],"version-history":[{"count":2,"href":"https:\/\/clubvinotico.com\/ca\/wp-json\/wp\/v2\/product\/14181\/revisions"}],"predecessor-version":[{"id":14217,"href":"https:\/\/clubvinotico.com\/ca\/wp-json\/wp\/v2\/product\/14181\/revisions\/14217"}],"wp:featuredmedia":[{"embeddable":true,"href":"https:\/\/clubvinotico.com\/ca\/wp-json\/wp\/v2\/media\/14216"}],"wp:attachment":[{"href":"https:\/\/clubvinotico.com\/ca\/wp-json\/wp\/v2\/media?parent=14181"}],"wp:term":[{"taxonomy":"product_brand","embeddable":true,"href":"https:\/\/clubvinotico.com\/ca\/wp-json\/wp\/v2\/product_brand?post=14181"},{"taxonomy":"product_cat","embeddable":true,"href":"https:\/\/clubvinotico.com\/ca\/wp-json\/wp\/v2\/product_cat?post=14181"},{"taxonomy":"product_tag","embeddable":true,"href":"https:\/\/clubvinotico.com\/ca\/wp-json\/wp\/v2\/product_tag?post=14181"}],"curies":[{"name":"wp","href":"https:\/\/api.w.org\/{rel}","templated":true}]}}