{"id":14179,"date":"2025-11-06T10:56:56","date_gmt":"2025-11-06T09:56:56","guid":{"rendered":"https:\/\/clubvinotico.com\/?post_type=product&#038;p=14179"},"modified":"2025-11-08T18:55:51","modified_gmt":"2025-11-08T17:55:51","slug":"sot-neral-syrah-2024-do-costers-del-segre","status":"publish","type":"product","link":"https:\/\/clubvinotico.com\/ca\/producto\/sot-neral-syrah-2024-do-costers-del-segre\/","title":{"rendered":"Sot Neral Syrah 2024 &#8211; DO Costers del Segre"},"content":{"rendered":"<p><span class=\"a_GcMg font-feature-liga-off font-feature-clig-off font-feature-calt-off text-decoration-none text-strikethrough-none\">Syrah jove de car\u00e0cter franc i elegant, nascut a les Valls del riu Corb. Mostra fruita negra n\u00edtida, flors blaves i un tra\u00e7 especiat que dona tensi\u00f3. Boca suculenta, tan\u00ed polit i final fresc. Equilibri destacable que en potencia el perfil gastron\u00f2mic.<\/span><\/p>\n","protected":false},"excerpt":{"rendered":"<p><span data-sheets-root=\"1\">Or Vins Negres Joves Vinari 2025<\/span><\/p>\n","protected":false},"featured_media":14219,"template":"","meta":[],"product_brand":[285],"product_cat":[262],"product_tag":[227,286,287],"class_list":{"0":"post-14179","1":"product","2":"type-product","3":"status-publish","4":"has-post-thumbnail","6":"product_brand-carviresa","7":"product_cat-premis-vinari-2025","8":"product_tag-227","9":"product_tag-do-costers-del-segre","10":"product_tag-or-negres","12":"first","13":"instock","14":"taxable","15":"shipping-taxable","16":"purchasable","17":"product-type-simple"},"_links":{"self":[{"href":"https:\/\/clubvinotico.com\/ca\/wp-json\/wp\/v2\/product\/14179","targetHints":{"allow":["GET"]}}],"collection":[{"href":"https:\/\/clubvinotico.com\/ca\/wp-json\/wp\/v2\/product"}],"about":[{"href":"https:\/\/clubvinotico.com\/ca\/wp-json\/wp\/v2\/types\/product"}],"version-history":[{"count":1,"href":"https:\/\/clubvinotico.com\/ca\/wp-json\/wp\/v2\/product\/14179\/revisions"}],"predecessor-version":[{"id":14180,"href":"https:\/\/clubvinotico.com\/ca\/wp-json\/wp\/v2\/product\/14179\/revisions\/14180"}],"wp:featuredmedia":[{"embeddable":true,"href":"https:\/\/clubvinotico.com\/ca\/wp-json\/wp\/v2\/media\/14219"}],"wp:attachment":[{"href":"https:\/\/clubvinotico.com\/ca\/wp-json\/wp\/v2\/media?parent=14179"}],"wp:term":[{"taxonomy":"product_brand","embeddable":true,"href":"https:\/\/clubvinotico.com\/ca\/wp-json\/wp\/v2\/product_brand?post=14179"},{"taxonomy":"product_cat","embeddable":true,"href":"https:\/\/clubvinotico.com\/ca\/wp-json\/wp\/v2\/product_cat?post=14179"},{"taxonomy":"product_tag","embeddable":true,"href":"https:\/\/clubvinotico.com\/ca\/wp-json\/wp\/v2\/product_tag?post=14179"}],"curies":[{"name":"wp","href":"https:\/\/api.w.org\/{rel}","templated":true}]}}