{"id":13772,"date":"2025-10-01T10:49:45","date_gmt":"2025-10-01T08:49:45","guid":{"rendered":"https:\/\/clubvinotico.com\/?post_type=product&#038;p=13772"},"modified":"2025-10-06T17:13:47","modified_gmt":"2025-10-06T15:13:47","slug":"amor-nature-by-jovani-2022","status":"publish","type":"product","link":"https:\/\/clubvinotico.com\/ca\/producto\/amor-nature-by-jovani-2022\/","title":{"rendered":"AMOR NATURE BY JOVANI 2022 &#8211; DO CAVA"},"content":{"rendered":"<p>Amor Nature by Jovani 2022 \u00e9s un cava Brut Nature que destaca per la seva autenticitat i frescor. Elaborat sense sucres afegits, ofereix un car\u00e0cter net i directe, amb aromes de fruita blanca madura, c\u00edtrics i un toc de pa torrat procedent de la crian\u00e7a. La seva bombolla fina envolta el paladar amb eleg\u00e0ncia, convertint-lo en l&#8217;aliat perfecte per a celebracions o per brindar a la intimitat.<\/p>\n","protected":false},"excerpt":{"rendered":"<p>Gran Or\u00a0Escumosos Rosats Reserva<\/p>\n","protected":false},"featured_media":13657,"template":"","meta":[],"product_brand":[284],"product_cat":[262],"product_tag":[232,266,278],"class_list":{"0":"post-13772","1":"product","2":"type-product","3":"status-publish","4":"has-post-thumbnail","6":"product_brand-cava-jovani","7":"product_cat-premis-vinari-2025","8":"product_tag-232","9":"product_tag-do-cava","10":"product_tag-grans-or-rosats","12":"first","13":"instock","14":"taxable","15":"shipping-taxable","16":"purchasable","17":"product-type-simple"},"_links":{"self":[{"href":"https:\/\/clubvinotico.com\/ca\/wp-json\/wp\/v2\/product\/13772","targetHints":{"allow":["GET"]}}],"collection":[{"href":"https:\/\/clubvinotico.com\/ca\/wp-json\/wp\/v2\/product"}],"about":[{"href":"https:\/\/clubvinotico.com\/ca\/wp-json\/wp\/v2\/types\/product"}],"version-history":[{"count":2,"href":"https:\/\/clubvinotico.com\/ca\/wp-json\/wp\/v2\/product\/13772\/revisions"}],"predecessor-version":[{"id":14115,"href":"https:\/\/clubvinotico.com\/ca\/wp-json\/wp\/v2\/product\/13772\/revisions\/14115"}],"wp:featuredmedia":[{"embeddable":true,"href":"https:\/\/clubvinotico.com\/ca\/wp-json\/wp\/v2\/media\/13657"}],"wp:attachment":[{"href":"https:\/\/clubvinotico.com\/ca\/wp-json\/wp\/v2\/media?parent=13772"}],"wp:term":[{"taxonomy":"product_brand","embeddable":true,"href":"https:\/\/clubvinotico.com\/ca\/wp-json\/wp\/v2\/product_brand?post=13772"},{"taxonomy":"product_cat","embeddable":true,"href":"https:\/\/clubvinotico.com\/ca\/wp-json\/wp\/v2\/product_cat?post=13772"},{"taxonomy":"product_tag","embeddable":true,"href":"https:\/\/clubvinotico.com\/ca\/wp-json\/wp\/v2\/product_tag?post=13772"}],"curies":[{"name":"wp","href":"https:\/\/api.w.org\/{rel}","templated":true}]}}