{"id":13769,"date":"2025-10-01T10:49:44","date_gmt":"2025-10-01T08:49:44","guid":{"rendered":"https:\/\/clubvinotico.com\/?post_type=product&#038;p=13769"},"modified":"2025-10-01T11:12:00","modified_gmt":"2025-10-01T09:12:00","slug":"pack-grans-or-negres","status":"publish","type":"product","link":"https:\/\/clubvinotico.com\/ca\/producto\/pack-grans-or-negres\/","title":{"rendered":"Pack Grans Or Negres"},"content":{"rendered":"<p>Aquest pack reuneix dos negres amb molta personalitat. Castell d&#8217;Or Vi Negre Trepat 2024, elaborat amb la varietat aut\u00f2ctona Trepat, fresc i arom\u00e0tic, ideal per gaudir lleuger i sense complicacions. I Els Ocells 2022, un crian\u00e7a amb notes de fruita madura, esp\u00e8cies i un toc de b\u00f3ta que aporta complexitat i equilibri. Dos estils diferents que es complementen per descobrir i compartir.<\/p>\n","protected":false},"excerpt":{"rendered":"<p>Pack de negres aut\u00e8ntics, expressius i mediterranis<\/p>\n","protected":false},"featured_media":13717,"template":"","meta":[],"product_brand":[],"product_cat":[262],"product_tag":[265],"class_list":{"0":"post-13769","1":"product","2":"type-product","3":"status-publish","4":"has-post-thumbnail","6":"product_cat-premis-vinari-2025","7":"product_tag-grans-or-negres","9":"first","10":"instock","11":"taxable","12":"shipping-taxable","13":"purchasable","14":"product-type-simple"},"_links":{"self":[{"href":"https:\/\/clubvinotico.com\/ca\/wp-json\/wp\/v2\/product\/13769","targetHints":{"allow":["GET"]}}],"collection":[{"href":"https:\/\/clubvinotico.com\/ca\/wp-json\/wp\/v2\/product"}],"about":[{"href":"https:\/\/clubvinotico.com\/ca\/wp-json\/wp\/v2\/types\/product"}],"version-history":[{"count":1,"href":"https:\/\/clubvinotico.com\/ca\/wp-json\/wp\/v2\/product\/13769\/revisions"}],"predecessor-version":[{"id":13770,"href":"https:\/\/clubvinotico.com\/ca\/wp-json\/wp\/v2\/product\/13769\/revisions\/13770"}],"wp:featuredmedia":[{"embeddable":true,"href":"https:\/\/clubvinotico.com\/ca\/wp-json\/wp\/v2\/media\/13717"}],"wp:attachment":[{"href":"https:\/\/clubvinotico.com\/ca\/wp-json\/wp\/v2\/media?parent=13769"}],"wp:term":[{"taxonomy":"product_brand","embeddable":true,"href":"https:\/\/clubvinotico.com\/ca\/wp-json\/wp\/v2\/product_brand?post=13769"},{"taxonomy":"product_cat","embeddable":true,"href":"https:\/\/clubvinotico.com\/ca\/wp-json\/wp\/v2\/product_cat?post=13769"},{"taxonomy":"product_tag","embeddable":true,"href":"https:\/\/clubvinotico.com\/ca\/wp-json\/wp\/v2\/product_tag?post=13769"}],"curies":[{"name":"wp","href":"https:\/\/api.w.org\/{rel}","templated":true}]}}