{"id":13765,"date":"2025-10-01T10:49:44","date_gmt":"2025-10-01T08:49:44","guid":{"rendered":"https:\/\/clubvinotico.com\/?post_type=product&#038;p=13765"},"modified":"2025-10-01T11:12:01","modified_gmt":"2025-10-01T09:12:01","slug":"pack-guanyadors-premis-vinari-2025","status":"publish","type":"product","link":"https:\/\/clubvinotico.com\/ca\/producto\/pack-guanyadors-premis-vinari-2025\/","title":{"rendered":"Pack Guanyadors Premis Vinari 2025"},"content":{"rendered":"<p>Aquest exclusiu pack reuneix els dos grans guanyadors dels Premis Vinari 2025: Grans Muralles 2020, un negre excepcional de Fam\u00edlia Torres, potent i elegant, i Maria Bernet 2014, un escum\u00f3s Corpinnat de llarga crian\u00e7a, complex i sofisticat. Junts formen una experi\u00e8ncia \u00fanica que celebra el millor del vi i la bombolla catalana, ideal per regalar o gaudir en moments inoblidables.<\/p>\n","protected":false},"excerpt":{"rendered":"<p>Pack Premis Vinari 2025: vi i escum\u00f3s<\/p>\n","protected":false},"featured_media":13710,"template":"","meta":[],"product_brand":[263,272],"product_cat":[262],"product_tag":[],"class_list":{"0":"post-13765","1":"product","2":"type-product","3":"status-publish","4":"has-post-thumbnail","6":"product_brand-familia-torres","7":"product_brand-julia-bernet","8":"product_cat-premis-vinari-2025","10":"first","11":"instock","12":"taxable","13":"shipping-taxable","14":"purchasable","15":"product-type-simple"},"_links":{"self":[{"href":"https:\/\/clubvinotico.com\/ca\/wp-json\/wp\/v2\/product\/13765","targetHints":{"allow":["GET"]}}],"collection":[{"href":"https:\/\/clubvinotico.com\/ca\/wp-json\/wp\/v2\/product"}],"about":[{"href":"https:\/\/clubvinotico.com\/ca\/wp-json\/wp\/v2\/types\/product"}],"version-history":[{"count":1,"href":"https:\/\/clubvinotico.com\/ca\/wp-json\/wp\/v2\/product\/13765\/revisions"}],"predecessor-version":[{"id":13767,"href":"https:\/\/clubvinotico.com\/ca\/wp-json\/wp\/v2\/product\/13765\/revisions\/13767"}],"wp:featuredmedia":[{"embeddable":true,"href":"https:\/\/clubvinotico.com\/ca\/wp-json\/wp\/v2\/media\/13710"}],"wp:attachment":[{"href":"https:\/\/clubvinotico.com\/ca\/wp-json\/wp\/v2\/media?parent=13765"}],"wp:term":[{"taxonomy":"product_brand","embeddable":true,"href":"https:\/\/clubvinotico.com\/ca\/wp-json\/wp\/v2\/product_brand?post=13765"},{"taxonomy":"product_cat","embeddable":true,"href":"https:\/\/clubvinotico.com\/ca\/wp-json\/wp\/v2\/product_cat?post=13765"},{"taxonomy":"product_tag","embeddable":true,"href":"https:\/\/clubvinotico.com\/ca\/wp-json\/wp\/v2\/product_tag?post=13765"}],"curies":[{"name":"wp","href":"https:\/\/api.w.org\/{rel}","templated":true}]}}