{"id":13764,"date":"2025-10-01T10:49:45","date_gmt":"2025-10-01T08:49:45","guid":{"rendered":"https:\/\/clubvinotico.com\/?post_type=product&#038;p=13764"},"modified":"2025-10-06T17:17:42","modified_gmt":"2025-10-06T15:17:42","slug":"castell-dor-cava-brut-2023","status":"publish","type":"product","link":"https:\/\/clubvinotico.com\/ca\/producto\/castell-dor-cava-brut-2023\/","title":{"rendered":"CASTELL D&#8217;OR CAVA BRUT 2023 &#8211; DO CAVA"},"content":{"rendered":"<p>Castell d&#8217;Or Cava Brut 2023 \u00e9s un escum\u00f3s vibrant i f\u00e0cil de gaudir, pensat per als que busquen frescor i alegria a la copa. Amb aromes de poma verda, c\u00edtrics i lleugers tocs florals, resulta equilibrat i lleuger al paladar. La seva bombolla fina i refrescant el converteix en un acompanyant ideal per a aperitius, tapes o qualsevol moment de celebraci\u00f3 informal.<\/p>\n","protected":false},"excerpt":{"rendered":"<p>Gran Or Escumosos Blancs Joves<\/p>\n","protected":false},"featured_media":13661,"template":"","meta":[],"product_brand":[261],"product_cat":[262],"product_tag":[188,266,276],"class_list":{"0":"post-13764","1":"product","2":"type-product","3":"status-publish","4":"has-post-thumbnail","6":"product_brand-castell-dor","7":"product_cat-premis-vinari-2025","8":"product_tag-188","9":"product_tag-do-cava","10":"product_tag-grans-or-escumosos","12":"first","13":"instock","14":"taxable","15":"shipping-taxable","16":"purchasable","17":"product-type-simple"},"_links":{"self":[{"href":"https:\/\/clubvinotico.com\/ca\/wp-json\/wp\/v2\/product\/13764","targetHints":{"allow":["GET"]}}],"collection":[{"href":"https:\/\/clubvinotico.com\/ca\/wp-json\/wp\/v2\/product"}],"about":[{"href":"https:\/\/clubvinotico.com\/ca\/wp-json\/wp\/v2\/types\/product"}],"version-history":[{"count":2,"href":"https:\/\/clubvinotico.com\/ca\/wp-json\/wp\/v2\/product\/13764\/revisions"}],"predecessor-version":[{"id":14120,"href":"https:\/\/clubvinotico.com\/ca\/wp-json\/wp\/v2\/product\/13764\/revisions\/14120"}],"wp:featuredmedia":[{"embeddable":true,"href":"https:\/\/clubvinotico.com\/ca\/wp-json\/wp\/v2\/media\/13661"}],"wp:attachment":[{"href":"https:\/\/clubvinotico.com\/ca\/wp-json\/wp\/v2\/media?parent=13764"}],"wp:term":[{"taxonomy":"product_brand","embeddable":true,"href":"https:\/\/clubvinotico.com\/ca\/wp-json\/wp\/v2\/product_brand?post=13764"},{"taxonomy":"product_cat","embeddable":true,"href":"https:\/\/clubvinotico.com\/ca\/wp-json\/wp\/v2\/product_cat?post=13764"},{"taxonomy":"product_tag","embeddable":true,"href":"https:\/\/clubvinotico.com\/ca\/wp-json\/wp\/v2\/product_tag?post=13764"}],"curies":[{"name":"wp","href":"https:\/\/api.w.org\/{rel}","templated":true}]}}