{"id":13760,"date":"2025-10-01T10:49:45","date_gmt":"2025-10-01T08:49:45","guid":{"rendered":"https:\/\/clubvinotico.com\/?post_type=product&#038;p=13760"},"modified":"2025-10-06T17:16:54","modified_gmt":"2025-10-06T15:16:54","slug":"raventos-rosell-heretat-2022","status":"publish","type":"product","link":"https:\/\/clubvinotico.com\/ca\/producto\/raventos-rosell-heretat-2022\/","title":{"rendered":"RAVENT\u00d3S ROSELL HERETAT 2022 &#8211; DO CAVA"},"content":{"rendered":"<p>Ravent\u00f3s Rosell Heretat 2022 \u00e9s un escum\u00f3s que combina el car\u00e0cter del Pened\u00e8s amb el saber fer familiar. Fresc i equilibrat, ofereix aromes de fruita blanca, notes c\u00edtriques i un toc floral que el fan molt agradable i f\u00e0cil de gaudir-ne. La bombolla fina i persistent el converteixen en una opci\u00f3 vers\u00e0til per a aperitius, celebracions o brindar en qualsevol ocasi\u00f3.<\/p>\n","protected":false},"excerpt":{"rendered":"<p>Gran Or Escumosos Blancs Reserva<\/p>\n","protected":false},"featured_media":13665,"template":"","meta":[],"product_brand":[280],"product_cat":[262],"product_tag":[232,266,276],"class_list":{"0":"post-13760","1":"product","2":"type-product","3":"status-publish","4":"has-post-thumbnail","6":"product_brand-ravents-rosell","7":"product_cat-premis-vinari-2025","8":"product_tag-232","9":"product_tag-do-cava","10":"product_tag-grans-or-escumosos","12":"first","13":"outofstock","14":"taxable","15":"shipping-taxable","16":"purchasable","17":"product-type-simple"},"_links":{"self":[{"href":"https:\/\/clubvinotico.com\/ca\/wp-json\/wp\/v2\/product\/13760","targetHints":{"allow":["GET"]}}],"collection":[{"href":"https:\/\/clubvinotico.com\/ca\/wp-json\/wp\/v2\/product"}],"about":[{"href":"https:\/\/clubvinotico.com\/ca\/wp-json\/wp\/v2\/types\/product"}],"version-history":[{"count":7,"href":"https:\/\/clubvinotico.com\/ca\/wp-json\/wp\/v2\/product\/13760\/revisions"}],"predecessor-version":[{"id":14119,"href":"https:\/\/clubvinotico.com\/ca\/wp-json\/wp\/v2\/product\/13760\/revisions\/14119"}],"wp:featuredmedia":[{"embeddable":true,"href":"https:\/\/clubvinotico.com\/ca\/wp-json\/wp\/v2\/media\/13665"}],"wp:attachment":[{"href":"https:\/\/clubvinotico.com\/ca\/wp-json\/wp\/v2\/media?parent=13760"}],"wp:term":[{"taxonomy":"product_brand","embeddable":true,"href":"https:\/\/clubvinotico.com\/ca\/wp-json\/wp\/v2\/product_brand?post=13760"},{"taxonomy":"product_cat","embeddable":true,"href":"https:\/\/clubvinotico.com\/ca\/wp-json\/wp\/v2\/product_cat?post=13760"},{"taxonomy":"product_tag","embeddable":true,"href":"https:\/\/clubvinotico.com\/ca\/wp-json\/wp\/v2\/product_tag?post=13760"}],"curies":[{"name":"wp","href":"https:\/\/api.w.org\/{rel}","templated":true}]}}