{"id":13757,"date":"2025-10-01T10:49:45","date_gmt":"2025-10-01T08:49:45","guid":{"rendered":"https:\/\/clubvinotico.com\/?post_type=product&#038;p=13757"},"modified":"2025-10-06T17:14:30","modified_gmt":"2025-10-06T15:14:30","slug":"gine-rosat-2024","status":"publish","type":"product","link":"https:\/\/clubvinotico.com\/ca\/producto\/gine-rosat-2024\/","title":{"rendered":"GIN\u00c9 ROSAT 2024 &#8211; DOQ PRIORAT"},"content":{"rendered":"<p>Gin\u00e9 Rosat 2024 \u00e9s un vi que apropa el car\u00e0cter del Priorat en versi\u00f3 fresca i lleugera. Amb aromes de maduixes, cireres i un subtil toc floral, convida a beure&#8217;l en qualsevol ocasi\u00f3. A la boca \u00e9s viu, equilibrat i amb un final agradablement afruitat. Ideal per acompanyar plats mediterranis, tapes o simplement gaudir d\u00b4una copa refrescant en bona companyia.<\/p>\n","protected":false},"excerpt":{"rendered":"<p>Gran Or Vins Rosats<\/p>\n","protected":false},"featured_media":13649,"template":"","meta":[],"product_brand":[277],"product_cat":[262],"product_tag":[227,279,278],"class_list":{"0":"post-13757","1":"product","2":"type-product","3":"status-publish","4":"has-post-thumbnail","6":"product_brand-buil-gine","7":"product_cat-premis-vinari-2025","8":"product_tag-227","9":"product_tag-do-priorat","10":"product_tag-grans-or-rosats","12":"first","13":"instock","14":"taxable","15":"shipping-taxable","16":"purchasable","17":"product-type-simple"},"_links":{"self":[{"href":"https:\/\/clubvinotico.com\/ca\/wp-json\/wp\/v2\/product\/13757","targetHints":{"allow":["GET"]}}],"collection":[{"href":"https:\/\/clubvinotico.com\/ca\/wp-json\/wp\/v2\/product"}],"about":[{"href":"https:\/\/clubvinotico.com\/ca\/wp-json\/wp\/v2\/types\/product"}],"version-history":[{"count":2,"href":"https:\/\/clubvinotico.com\/ca\/wp-json\/wp\/v2\/product\/13757\/revisions"}],"predecessor-version":[{"id":14116,"href":"https:\/\/clubvinotico.com\/ca\/wp-json\/wp\/v2\/product\/13757\/revisions\/14116"}],"wp:featuredmedia":[{"embeddable":true,"href":"https:\/\/clubvinotico.com\/ca\/wp-json\/wp\/v2\/media\/13649"}],"wp:attachment":[{"href":"https:\/\/clubvinotico.com\/ca\/wp-json\/wp\/v2\/media?parent=13757"}],"wp:term":[{"taxonomy":"product_brand","embeddable":true,"href":"https:\/\/clubvinotico.com\/ca\/wp-json\/wp\/v2\/product_brand?post=13757"},{"taxonomy":"product_cat","embeddable":true,"href":"https:\/\/clubvinotico.com\/ca\/wp-json\/wp\/v2\/product_cat?post=13757"},{"taxonomy":"product_tag","embeddable":true,"href":"https:\/\/clubvinotico.com\/ca\/wp-json\/wp\/v2\/product_tag?post=13757"}],"curies":[{"name":"wp","href":"https:\/\/api.w.org\/{rel}","templated":true}]}}