{"id":13756,"date":"2025-10-01T10:49:46","date_gmt":"2025-10-01T08:49:46","guid":{"rendered":"https:\/\/clubvinotico.com\/?post_type=product&#038;p=13756"},"modified":"2025-10-06T17:16:05","modified_gmt":"2025-10-06T15:16:05","slug":"la-llena-2020","status":"publish","type":"product","link":"https:\/\/clubvinotico.com\/ca\/producto\/la-llena-2020\/","title":{"rendered":"LA LLENA 2020 &#8211; CORPINNAT"},"content":{"rendered":"<p>La Llena 2020 \u00e9s un escum\u00f3s elaborat amb ra\u00efms Xarel\u00b7lo i Macabeu al Pened\u00e8s, amb crian\u00e7a superior a 48 mesos sobre mares. Brut Nature, de bombolla fina vellutada, desplega aromes de fruita cuita, flors blanques, caramel i esp\u00e8cies. \u00c9s complex per\u00f2 proper, perfecte per acompanyar plats delicats o brindar en moments especials.<\/p>\n","protected":false},"excerpt":{"rendered":"<p>Gran Or Escumosos Blancs Gran Reserva<\/p>\n","protected":false},"featured_media":13669,"template":"","meta":[],"product_brand":[275],"product_cat":[262],"product_tag":[210,274,276],"class_list":{"0":"post-13756","1":"product","2":"type-product","3":"status-publish","4":"has-post-thumbnail","6":"product_brand-celler-viader","7":"product_cat-premis-vinari-2025","8":"product_tag-210","9":"product_tag-corpinnat","10":"product_tag-grans-or-escumosos","12":"first","13":"instock","14":"taxable","15":"shipping-taxable","16":"purchasable","17":"product-type-simple"},"_links":{"self":[{"href":"https:\/\/clubvinotico.com\/ca\/wp-json\/wp\/v2\/product\/13756","targetHints":{"allow":["GET"]}}],"collection":[{"href":"https:\/\/clubvinotico.com\/ca\/wp-json\/wp\/v2\/product"}],"about":[{"href":"https:\/\/clubvinotico.com\/ca\/wp-json\/wp\/v2\/types\/product"}],"version-history":[{"count":7,"href":"https:\/\/clubvinotico.com\/ca\/wp-json\/wp\/v2\/product\/13756\/revisions"}],"predecessor-version":[{"id":14118,"href":"https:\/\/clubvinotico.com\/ca\/wp-json\/wp\/v2\/product\/13756\/revisions\/14118"}],"wp:featuredmedia":[{"embeddable":true,"href":"https:\/\/clubvinotico.com\/ca\/wp-json\/wp\/v2\/media\/13669"}],"wp:attachment":[{"href":"https:\/\/clubvinotico.com\/ca\/wp-json\/wp\/v2\/media?parent=13756"}],"wp:term":[{"taxonomy":"product_brand","embeddable":true,"href":"https:\/\/clubvinotico.com\/ca\/wp-json\/wp\/v2\/product_brand?post=13756"},{"taxonomy":"product_cat","embeddable":true,"href":"https:\/\/clubvinotico.com\/ca\/wp-json\/wp\/v2\/product_cat?post=13756"},{"taxonomy":"product_tag","embeddable":true,"href":"https:\/\/clubvinotico.com\/ca\/wp-json\/wp\/v2\/product_tag?post=13756"}],"curies":[{"name":"wp","href":"https:\/\/api.w.org\/{rel}","templated":true}]}}