{"id":13754,"date":"2025-10-01T10:49:44","date_gmt":"2025-10-01T08:49:44","guid":{"rendered":"https:\/\/clubvinotico.com\/?post_type=product&#038;p=13754"},"modified":"2025-10-06T17:18:24","modified_gmt":"2025-10-06T15:18:24","slug":"maria-bernet-2014","status":"publish","type":"product","link":"https:\/\/clubvinotico.com\/ca\/producto\/maria-bernet-2014\/","title":{"rendered":"MARIA BERNET 2014 &#8211; CORPINNAT"},"content":{"rendered":"<p>Maria Bernet 2014 \u00e9s un escum\u00f3s Corpinnat de llarga crian\u00e7a que reflecteix el temps i la paci\u00e8ncia a cada bombolla. Despr\u00e9s de m\u00e9s de 100 mesos en ampolla, ofereix aromes complexes de fruita madura, fruita seca, pa torrat i un toc mineral. A la boca \u00e9s crem\u00f3s, fresc i persistent. Un escum\u00f3s sofisticat, ideal per a celebracions especials o per als que gaudeixen d&#8217;experi\u00e8ncies \u00faniques a la copa.<\/p>\n","protected":false},"excerpt":{"rendered":"<p>Millor Escum\u00f3s Catal\u00e0 2025<\/p>\n","protected":false},"featured_media":13617,"template":"","meta":[],"product_brand":[272],"product_cat":[262],"product_tag":[273,274],"class_list":{"0":"post-13754","1":"product","2":"type-product","3":"status-publish","4":"has-post-thumbnail","6":"product_brand-julia-bernet","7":"product_cat-premis-vinari-2025","8":"product_tag-273","9":"product_tag-corpinnat","11":"first","12":"instock","13":"taxable","14":"shipping-taxable","15":"purchasable","16":"product-type-simple"},"_links":{"self":[{"href":"https:\/\/clubvinotico.com\/ca\/wp-json\/wp\/v2\/product\/13754","targetHints":{"allow":["GET"]}}],"collection":[{"href":"https:\/\/clubvinotico.com\/ca\/wp-json\/wp\/v2\/product"}],"about":[{"href":"https:\/\/clubvinotico.com\/ca\/wp-json\/wp\/v2\/types\/product"}],"version-history":[{"count":2,"href":"https:\/\/clubvinotico.com\/ca\/wp-json\/wp\/v2\/product\/13754\/revisions"}],"predecessor-version":[{"id":14121,"href":"https:\/\/clubvinotico.com\/ca\/wp-json\/wp\/v2\/product\/13754\/revisions\/14121"}],"wp:featuredmedia":[{"embeddable":true,"href":"https:\/\/clubvinotico.com\/ca\/wp-json\/wp\/v2\/media\/13617"}],"wp:attachment":[{"href":"https:\/\/clubvinotico.com\/ca\/wp-json\/wp\/v2\/media?parent=13754"}],"wp:term":[{"taxonomy":"product_brand","embeddable":true,"href":"https:\/\/clubvinotico.com\/ca\/wp-json\/wp\/v2\/product_brand?post=13754"},{"taxonomy":"product_cat","embeddable":true,"href":"https:\/\/clubvinotico.com\/ca\/wp-json\/wp\/v2\/product_cat?post=13754"},{"taxonomy":"product_tag","embeddable":true,"href":"https:\/\/clubvinotico.com\/ca\/wp-json\/wp\/v2\/product_tag?post=13754"}],"curies":[{"name":"wp","href":"https:\/\/api.w.org\/{rel}","templated":true}]}}