{"id":13752,"date":"2025-10-01T10:49:44","date_gmt":"2025-10-01T08:49:44","guid":{"rendered":"https:\/\/clubvinotico.com\/?post_type=product&#038;p=13752"},"modified":"2025-10-06T17:09:49","modified_gmt":"2025-10-06T15:09:49","slug":"vinyes-del-grau-garnatxa-blanca-2024","status":"publish","type":"product","link":"https:\/\/clubvinotico.com\/ca\/producto\/vinyes-del-grau-garnatxa-blanca-2024\/","title":{"rendered":"VINYES DEL GRAU GARNATXA BLANCA 2024 &#8211; DO TERRA ALTA"},"content":{"rendered":"<p>Vinyes del Grau Garnatxa Blanca 2024 \u00e9s un vi blanc que expressa l&#8217;ess\u00e8ncia mediterr\u00e0nia de la varietat. Aromes de fruita blanca, notes c\u00edtriques i un lleuger toc mineral es combinen en una boca fresca, equilibrada i molt agradable. Elaborat per Celler Josep Vicens, \u00e9s perfecte per acompanyar peixos, mariscs, arrossos o simplement gaudir d\u00b4una copa refrescant en bona companyia.<\/p>\n","protected":false},"excerpt":{"rendered":"<p>Gran Or Vins Blancs Joves<\/p>\n","protected":false},"featured_media":13622,"template":"","meta":[],"product_brand":[271],"product_cat":[262],"product_tag":[227,269,268],"class_list":{"0":"post-13752","1":"product","2":"type-product","3":"status-publish","4":"has-post-thumbnail","6":"product_brand-celler-josep-vicens","7":"product_cat-premis-vinari-2025","8":"product_tag-227","9":"product_tag-do-terra-alta","10":"product_tag-grans-or-blancs","12":"first","13":"instock","14":"taxable","15":"shipping-taxable","16":"purchasable","17":"product-type-simple"},"_links":{"self":[{"href":"https:\/\/clubvinotico.com\/ca\/wp-json\/wp\/v2\/product\/13752","targetHints":{"allow":["GET"]}}],"collection":[{"href":"https:\/\/clubvinotico.com\/ca\/wp-json\/wp\/v2\/product"}],"about":[{"href":"https:\/\/clubvinotico.com\/ca\/wp-json\/wp\/v2\/types\/product"}],"version-history":[{"count":2,"href":"https:\/\/clubvinotico.com\/ca\/wp-json\/wp\/v2\/product\/13752\/revisions"}],"predecessor-version":[{"id":14112,"href":"https:\/\/clubvinotico.com\/ca\/wp-json\/wp\/v2\/product\/13752\/revisions\/14112"}],"wp:featuredmedia":[{"embeddable":true,"href":"https:\/\/clubvinotico.com\/ca\/wp-json\/wp\/v2\/media\/13622"}],"wp:attachment":[{"href":"https:\/\/clubvinotico.com\/ca\/wp-json\/wp\/v2\/media?parent=13752"}],"wp:term":[{"taxonomy":"product_brand","embeddable":true,"href":"https:\/\/clubvinotico.com\/ca\/wp-json\/wp\/v2\/product_brand?post=13752"},{"taxonomy":"product_cat","embeddable":true,"href":"https:\/\/clubvinotico.com\/ca\/wp-json\/wp\/v2\/product_cat?post=13752"},{"taxonomy":"product_tag","embeddable":true,"href":"https:\/\/clubvinotico.com\/ca\/wp-json\/wp\/v2\/product_tag?post=13752"}],"curies":[{"name":"wp","href":"https:\/\/api.w.org\/{rel}","templated":true}]}}