{"id":13746,"date":"2025-10-01T10:49:43","date_gmt":"2025-10-01T08:49:43","guid":{"rendered":"https:\/\/clubvinotico.com\/?post_type=product&#038;p=13746"},"modified":"2025-11-04T14:56:24","modified_gmt":"2025-11-04T13:56:24","slug":"pack-grans-or-espumosos","status":"publish","type":"product","link":"https:\/\/clubvinotico.com\/ca\/producto\/pack-grans-or-espumosos\/","title":{"rendered":"Pack Grans Or Escumosos"},"content":{"rendered":"<p>Aquest lot reuneix els tres Grans Or escumosos guardonats als Premis Vinari 2025, d&#8217;una qualitat alt\u00edssima. Castell d&#8217;Or Cava Brut 2023, jove, fresc i espurnejant, perfecte per a celebracions informals. Ravent\u00f3s Rosell Heretat 2022, elegant i equilibrat, amb fruita blanca i un toc floral que enamora a cada glop. I La Llena 2020, de llarga crian\u00e7a, complex i sofisticat, amb bombolla fina i gran persist\u00e8ncia. Tres estils que mostren la grandesa del Pened\u00e8s.<\/p>\n","protected":false},"excerpt":{"rendered":"<p>Pack d&#8217;escumosos variats, elegants i memorables<\/p>\n","protected":false},"featured_media":14247,"template":"","meta":[],"product_brand":[],"product_cat":[262],"product_tag":[276],"class_list":{"0":"post-13746","1":"product","2":"type-product","3":"status-publish","4":"has-post-thumbnail","6":"product_cat-premis-vinari-2025","7":"product_tag-grans-or-escumosos","9":"first","10":"instock","11":"taxable","12":"shipping-taxable","13":"purchasable","14":"product-type-simple"},"_links":{"self":[{"href":"https:\/\/clubvinotico.com\/ca\/wp-json\/wp\/v2\/product\/13746","targetHints":{"allow":["GET"]}}],"collection":[{"href":"https:\/\/clubvinotico.com\/ca\/wp-json\/wp\/v2\/product"}],"about":[{"href":"https:\/\/clubvinotico.com\/ca\/wp-json\/wp\/v2\/types\/product"}],"version-history":[{"count":3,"href":"https:\/\/clubvinotico.com\/ca\/wp-json\/wp\/v2\/product\/13746\/revisions"}],"predecessor-version":[{"id":14173,"href":"https:\/\/clubvinotico.com\/ca\/wp-json\/wp\/v2\/product\/13746\/revisions\/14173"}],"wp:featuredmedia":[{"embeddable":true,"href":"https:\/\/clubvinotico.com\/ca\/wp-json\/wp\/v2\/media\/14247"}],"wp:attachment":[{"href":"https:\/\/clubvinotico.com\/ca\/wp-json\/wp\/v2\/media?parent=13746"}],"wp:term":[{"taxonomy":"product_brand","embeddable":true,"href":"https:\/\/clubvinotico.com\/ca\/wp-json\/wp\/v2\/product_brand?post=13746"},{"taxonomy":"product_cat","embeddable":true,"href":"https:\/\/clubvinotico.com\/ca\/wp-json\/wp\/v2\/product_cat?post=13746"},{"taxonomy":"product_tag","embeddable":true,"href":"https:\/\/clubvinotico.com\/ca\/wp-json\/wp\/v2\/product_tag?post=13746"}],"curies":[{"name":"wp","href":"https:\/\/api.w.org\/{rel}","templated":true}]}}