{"id":13743,"date":"2025-10-01T10:48:44","date_gmt":"2025-10-01T08:48:44","guid":{"rendered":"https:\/\/clubvinotico.com\/?post_type=product&#038;p=13743"},"modified":"2025-10-01T11:11:59","modified_gmt":"2025-10-01T09:11:59","slug":"pack-grans-or-blancs","status":"publish","type":"product","link":"https:\/\/clubvinotico.com\/ca\/producto\/pack-grans-or-blancs\/","title":{"rendered":"Pack Grans Or Blancs"},"content":{"rendered":"<p>Aquest pack reuneix tres blancs amb personalitats diferents que es complementen a la perfecci\u00f3. Laquarta Blanc 2n Any Vinyes Velles 2023, amb la complexitat que aporten les vinyes velles; Ninot de Bellotes Blanc 2023, un blanc amb pells ple de car\u00e0cter i frescor; i Vinyes del Grau Garnatxa Blanca 2024, expressi\u00f3 mediterr\u00e0nia equilibrada i vibrant. Una selecci\u00f3 ideal per descobrir matisos i gaudir-ne en qualsevol ocasi\u00f3.<\/p>\n","protected":false},"excerpt":{"rendered":"<p>Pack de blancs frescos, \u00fanics i vers\u00e0tils<\/p>\n","protected":false},"featured_media":13713,"template":"","meta":[],"product_brand":[],"product_cat":[262],"product_tag":[268],"class_list":{"0":"post-13743","1":"product","2":"type-product","3":"status-publish","4":"has-post-thumbnail","6":"product_cat-premis-vinari-2025","7":"product_tag-grans-or-blancs","9":"first","10":"instock","11":"taxable","12":"shipping-taxable","13":"purchasable","14":"product-type-simple"},"_links":{"self":[{"href":"https:\/\/clubvinotico.com\/ca\/wp-json\/wp\/v2\/product\/13743","targetHints":{"allow":["GET"]}}],"collection":[{"href":"https:\/\/clubvinotico.com\/ca\/wp-json\/wp\/v2\/product"}],"about":[{"href":"https:\/\/clubvinotico.com\/ca\/wp-json\/wp\/v2\/types\/product"}],"version-history":[{"count":1,"href":"https:\/\/clubvinotico.com\/ca\/wp-json\/wp\/v2\/product\/13743\/revisions"}],"predecessor-version":[{"id":13744,"href":"https:\/\/clubvinotico.com\/ca\/wp-json\/wp\/v2\/product\/13743\/revisions\/13744"}],"wp:featuredmedia":[{"embeddable":true,"href":"https:\/\/clubvinotico.com\/ca\/wp-json\/wp\/v2\/media\/13713"}],"wp:attachment":[{"href":"https:\/\/clubvinotico.com\/ca\/wp-json\/wp\/v2\/media?parent=13743"}],"wp:term":[{"taxonomy":"product_brand","embeddable":true,"href":"https:\/\/clubvinotico.com\/ca\/wp-json\/wp\/v2\/product_brand?post=13743"},{"taxonomy":"product_cat","embeddable":true,"href":"https:\/\/clubvinotico.com\/ca\/wp-json\/wp\/v2\/product_cat?post=13743"},{"taxonomy":"product_tag","embeddable":true,"href":"https:\/\/clubvinotico.com\/ca\/wp-json\/wp\/v2\/product_tag?post=13743"}],"curies":[{"name":"wp","href":"https:\/\/api.w.org\/{rel}","templated":true}]}}