{"id":13741,"date":"2025-10-01T10:49:44","date_gmt":"2025-10-01T08:49:44","guid":{"rendered":"https:\/\/clubvinotico.com\/?post_type=product&#038;p=13741"},"modified":"2025-10-06T17:19:27","modified_gmt":"2025-10-06T15:19:27","slug":"grans-muralles-2020","status":"publish","type":"product","link":"https:\/\/clubvinotico.com\/ca\/producto\/grans-muralles-2020\/","title":{"rendered":"GRANS MURALLES 2020 &#8211; DO CONCA DE BARBER\u00c0"},"content":{"rendered":"<p>Grans Muralles 2020 \u00e9s un vi negre emblem\u00e0tic de Fam\u00edlia Torres, nascut a la DO Conca de Barber\u00e0. Elabora varietats aut\u00f2ctones recuperades, com ara la Querol i la Garr\u00f3, que li aporten singularitat i profunditat. Amb aromes intenses de fruita madura, esp\u00e8cies i notes minerals, a la boca \u00e9s potent per\u00f2 refinat, amb tanins sedosos. Un vi excepcional per a ocasions especials i amants dels grans negres.<\/p>\n","protected":false},"excerpt":{"rendered":"<p>Millor Vi Catal\u00e0 2025<\/p>\n","protected":false},"featured_media":13612,"template":"","meta":[],"product_brand":[263],"product_cat":[262],"product_tag":[210,264],"class_list":{"0":"post-13741","1":"product","2":"type-product","3":"status-publish","4":"has-post-thumbnail","6":"product_brand-familia-torres","7":"product_cat-premis-vinari-2025","8":"product_tag-210","9":"product_tag-do-conca-de-barbera","11":"first","12":"instock","13":"taxable","14":"shipping-taxable","15":"purchasable","16":"product-type-simple"},"_links":{"self":[{"href":"https:\/\/clubvinotico.com\/ca\/wp-json\/wp\/v2\/product\/13741","targetHints":{"allow":["GET"]}}],"collection":[{"href":"https:\/\/clubvinotico.com\/ca\/wp-json\/wp\/v2\/product"}],"about":[{"href":"https:\/\/clubvinotico.com\/ca\/wp-json\/wp\/v2\/types\/product"}],"version-history":[{"count":3,"href":"https:\/\/clubvinotico.com\/ca\/wp-json\/wp\/v2\/product\/13741\/revisions"}],"predecessor-version":[{"id":14123,"href":"https:\/\/clubvinotico.com\/ca\/wp-json\/wp\/v2\/product\/13741\/revisions\/14123"}],"wp:featuredmedia":[{"embeddable":true,"href":"https:\/\/clubvinotico.com\/ca\/wp-json\/wp\/v2\/media\/13612"}],"wp:attachment":[{"href":"https:\/\/clubvinotico.com\/ca\/wp-json\/wp\/v2\/media?parent=13741"}],"wp:term":[{"taxonomy":"product_brand","embeddable":true,"href":"https:\/\/clubvinotico.com\/ca\/wp-json\/wp\/v2\/product_brand?post=13741"},{"taxonomy":"product_cat","embeddable":true,"href":"https:\/\/clubvinotico.com\/ca\/wp-json\/wp\/v2\/product_cat?post=13741"},{"taxonomy":"product_tag","embeddable":true,"href":"https:\/\/clubvinotico.com\/ca\/wp-json\/wp\/v2\/product_tag?post=13741"}],"curies":[{"name":"wp","href":"https:\/\/api.w.org\/{rel}","templated":true}]}}