{"id":13740,"date":"2025-10-01T10:49:45","date_gmt":"2025-10-01T08:49:45","guid":{"rendered":"https:\/\/clubvinotico.com\/?post_type=product&#038;p=13740"},"modified":"2025-10-06T17:02:18","modified_gmt":"2025-10-06T15:02:18","slug":"castell-dor-vi-negre-trepat-2024","status":"publish","type":"product","link":"https:\/\/clubvinotico.com\/ca\/producto\/castell-dor-vi-negre-trepat-2024\/","title":{"rendered":"CASTELL D&#8217;OR VI NEGRE TREPAT 2024 &#8211; DO CONCA DE BARBER\u00c0"},"content":{"rendered":"<p>Castell d&#8217;Or Vi Negre Trepat 2024 \u00e9s un vi negre que mostra l&#8217;ess\u00e8ncia \u00fanica d&#8217;aquesta varietat aut\u00f2ctona. Amb aromes de fruits vermells frescos, esp\u00e8cies suaus i un toc herbaci, resulta viu i molt agradable a la boca. El seu car\u00e0cter lleuger i refrescant el fa perfecte per maridar amb embotits, tapes o plats mediterranis senzills, gaudint-ho sense complicacions en bona companyia.<\/p>\n","protected":false},"excerpt":{"rendered":"<p>Gran Or Vins Negres Joves<\/p>\n","protected":false},"featured_media":13640,"template":"","meta":[],"product_brand":[261],"product_cat":[262],"product_tag":[227,266,265],"class_list":{"0":"post-13740","1":"product","2":"type-product","3":"status-publish","4":"has-post-thumbnail","6":"product_brand-castell-dor","7":"product_cat-premis-vinari-2025","8":"product_tag-227","9":"product_tag-do-cava","10":"product_tag-grans-or-negres","12":"first","13":"instock","14":"taxable","15":"shipping-taxable","16":"purchasable","17":"product-type-simple"},"_links":{"self":[{"href":"https:\/\/clubvinotico.com\/ca\/wp-json\/wp\/v2\/product\/13740","targetHints":{"allow":["GET"]}}],"collection":[{"href":"https:\/\/clubvinotico.com\/ca\/wp-json\/wp\/v2\/product"}],"about":[{"href":"https:\/\/clubvinotico.com\/ca\/wp-json\/wp\/v2\/types\/product"}],"version-history":[{"count":3,"href":"https:\/\/clubvinotico.com\/ca\/wp-json\/wp\/v2\/product\/13740\/revisions"}],"predecessor-version":[{"id":14110,"href":"https:\/\/clubvinotico.com\/ca\/wp-json\/wp\/v2\/product\/13740\/revisions\/14110"}],"wp:featuredmedia":[{"embeddable":true,"href":"https:\/\/clubvinotico.com\/ca\/wp-json\/wp\/v2\/media\/13640"}],"wp:attachment":[{"href":"https:\/\/clubvinotico.com\/ca\/wp-json\/wp\/v2\/media?parent=13740"}],"wp:term":[{"taxonomy":"product_brand","embeddable":true,"href":"https:\/\/clubvinotico.com\/ca\/wp-json\/wp\/v2\/product_brand?post=13740"},{"taxonomy":"product_cat","embeddable":true,"href":"https:\/\/clubvinotico.com\/ca\/wp-json\/wp\/v2\/product_cat?post=13740"},{"taxonomy":"product_tag","embeddable":true,"href":"https:\/\/clubvinotico.com\/ca\/wp-json\/wp\/v2\/product_tag?post=13740"}],"curies":[{"name":"wp","href":"https:\/\/api.w.org\/{rel}","templated":true}]}}