{"id":13495,"date":"2025-05-27T11:48:23","date_gmt":"2025-05-27T09:48:23","guid":{"rendered":"https:\/\/clubvinotico.com\/producto\/garum-2022\/"},"modified":"2025-09-22T11:02:39","modified_gmt":"2025-09-22T09:02:39","slug":"garum-2022","status":"publish","type":"product","link":"https:\/\/clubvinotico.com\/ca\/producto\/garum-2022\/","title":{"rendered":"Garum 2022"},"content":{"rendered":"<p>Negre d&#8217;exquisida intensitat, amb aromes elegants de fruites vermelles madures, bosc i esp\u00e8cies. A la boca resulta sed\u00f3s, amb tanins suaus, matisos de cacau i caf\u00e8 torrat, i un final equilibrat i profund. Reflecteix perfectament el car\u00e0cter elegant del seu terroir gadit\u00e0.<\/p>\n","protected":false},"excerpt":{"rendered":"<p>Negre d&#8217;exquisida intensitat, amb aromes elegants de fruites vermelles madures, bosc i esp\u00e8cies. A la boca resulta sed\u00f3s, amb tanins suaus, matisos de cacau i caf\u00e8 torrat, i un final equilibrat i profund. Reflecteix perfectament el car\u00e0cter elegant del seu terroir gadit\u00e0.<\/p>\n","protected":false},"featured_media":13302,"template":"","meta":[],"product_brand":[230],"product_cat":[185],"product_tag":[232,231,233,199,234],"class_list":{"0":"post-13495","1":"product","2":"type-product","3":"status-publish","4":"has-post-thumbnail","6":"product_brand-cellers-luis-perez","7":"product_cat-bodega","8":"product_tag-232","9":"product_tag-merlot","10":"product_tag-petit-verdot","11":"product_tag-syrah","12":"product_tag-vt-cadis","14":"first","15":"instock","16":"taxable","17":"shipping-taxable","18":"purchasable","19":"product-type-simple"},"_links":{"self":[{"href":"https:\/\/clubvinotico.com\/ca\/wp-json\/wp\/v2\/product\/13495","targetHints":{"allow":["GET"]}}],"collection":[{"href":"https:\/\/clubvinotico.com\/ca\/wp-json\/wp\/v2\/product"}],"about":[{"href":"https:\/\/clubvinotico.com\/ca\/wp-json\/wp\/v2\/types\/product"}],"version-history":[{"count":1,"href":"https:\/\/clubvinotico.com\/ca\/wp-json\/wp\/v2\/product\/13495\/revisions"}],"predecessor-version":[{"id":13498,"href":"https:\/\/clubvinotico.com\/ca\/wp-json\/wp\/v2\/product\/13495\/revisions\/13498"}],"wp:featuredmedia":[{"embeddable":true,"href":"https:\/\/clubvinotico.com\/ca\/wp-json\/wp\/v2\/media\/13302"}],"wp:attachment":[{"href":"https:\/\/clubvinotico.com\/ca\/wp-json\/wp\/v2\/media?parent=13495"}],"wp:term":[{"taxonomy":"product_brand","embeddable":true,"href":"https:\/\/clubvinotico.com\/ca\/wp-json\/wp\/v2\/product_brand?post=13495"},{"taxonomy":"product_cat","embeddable":true,"href":"https:\/\/clubvinotico.com\/ca\/wp-json\/wp\/v2\/product_cat?post=13495"},{"taxonomy":"product_tag","embeddable":true,"href":"https:\/\/clubvinotico.com\/ca\/wp-json\/wp\/v2\/product_tag?post=13495"}],"curies":[{"name":"wp","href":"https:\/\/api.w.org\/{rel}","templated":true}]}}