{"id":13488,"date":"2024-11-28T09:23:04","date_gmt":"2024-11-28T08:23:04","guid":{"rendered":"https:\/\/clubvinotico.com\/producto\/duo-vinotic\/"},"modified":"2025-10-02T12:28:25","modified_gmt":"2025-10-02T10:28:25","slug":"duo-vinotic","status":"publish","type":"product","link":"https:\/\/clubvinotico.com\/ca\/producto\/duo-vinotic\/","title":{"rendered":"Duo Vin\u00f2tic"},"content":{"rendered":"\t\t<div data-elementor-type=\"product-post\" data-elementor-id=\"13488\" class=\"elementor elementor-13488 elementor-3433\" data-elementor-post-type=\"product\">\n\t\t\t\t<div class=\"elementor-element elementor-element-e684145 e-flex e-con-boxed e-con e-parent\" data-id=\"e684145\" data-element_type=\"container\">\n\t\t\t\t\t<div class=\"e-con-inner\">\n\t\t\t\t<div class=\"elementor-element elementor-element-18e5598 elementor-widget elementor-widget-text-editor\" data-id=\"18e5598\" data-element_type=\"widget\" data-widget_type=\"text-editor.default\">\n\t\t\t\t<div class=\"elementor-widget-container\">\n\t\t\t\t\t\t\t\t\t<p>La subscripci\u00f3 ideal si vols una experi\u00e8ncia m\u00e9s lleugera o si est\u00e0s comen\u00e7ant.<\/p><p>Cada mes rebr\u00e0s dos vins seleccionats amb criteri pels nostres sumillers. Pot ser una barreja de negres, blancs o fins i tot algun rosat. <\/p><p>Inclou notes de tast impreses amb informaci\u00f3 sobre cada vi i targetes amb descomptes per utilitzar a packs, botiga limitada o accessoris.<\/p><h5>Qu\u00e8 hi ha a la caixa?<\/h5><ul><li>2 vins, un negre i un blanc<\/li><li>Una nota de tast per a cada vi<\/li><\/ul>\t\t\t\t\t\t\t\t<\/div>\n\t\t\t\t<\/div>\n\t\t\t\t\t<\/div>\n\t\t\t\t<\/div>\n\t\t\t\t<\/div>\n\t\t","protected":false},"excerpt":{"rendered":"<div class=\"et_pb_module et_pb_text et_pb_text_1 et_pb_text_align_left et_pb_bg_layout_light\">\n<div class=\"et_pb_text_inner\">\n<p>Dos vins al mes per gaudir de l&#8217;experi\u00e8ncia Vin\u00f2tic.<\/p>\n<\/div>\n<\/div>\n","protected":false},"featured_media":13493,"template":"","meta":[],"product_brand":[],"product_cat":[214],"product_tag":[],"class_list":{"0":"post-13488","1":"product","2":"type-product","3":"status-publish","4":"has-post-thumbnail","6":"product_cat-subscripcions","7":"product_shipping_class-sense-despeses-denviament-per-a-duo-vinotico","9":"first","10":"instock","11":"taxable","12":"shipping-taxable","13":"purchasable","14":"product-type-subscription"},"_links":{"self":[{"href":"https:\/\/clubvinotico.com\/ca\/wp-json\/wp\/v2\/product\/13488","targetHints":{"allow":["GET"]}}],"collection":[{"href":"https:\/\/clubvinotico.com\/ca\/wp-json\/wp\/v2\/product"}],"about":[{"href":"https:\/\/clubvinotico.com\/ca\/wp-json\/wp\/v2\/types\/product"}],"version-history":[{"count":2,"href":"https:\/\/clubvinotico.com\/ca\/wp-json\/wp\/v2\/product\/13488\/revisions"}],"predecessor-version":[{"id":13494,"href":"https:\/\/clubvinotico.com\/ca\/wp-json\/wp\/v2\/product\/13488\/revisions\/13494"}],"wp:featuredmedia":[{"embeddable":true,"href":"https:\/\/clubvinotico.com\/ca\/wp-json\/wp\/v2\/media\/13493"}],"wp:attachment":[{"href":"https:\/\/clubvinotico.com\/ca\/wp-json\/wp\/v2\/media?parent=13488"}],"wp:term":[{"taxonomy":"product_brand","embeddable":true,"href":"https:\/\/clubvinotico.com\/ca\/wp-json\/wp\/v2\/product_brand?post=13488"},{"taxonomy":"product_cat","embeddable":true,"href":"https:\/\/clubvinotico.com\/ca\/wp-json\/wp\/v2\/product_cat?post=13488"},{"taxonomy":"product_tag","embeddable":true,"href":"https:\/\/clubvinotico.com\/ca\/wp-json\/wp\/v2\/product_tag?post=13488"}],"curies":[{"name":"wp","href":"https:\/\/api.w.org\/{rel}","templated":true}]}}