{"id":13487,"date":"2025-06-03T17:57:09","date_gmt":"2025-06-03T15:57:09","guid":{"rendered":"https:\/\/clubvinotico.com\/producto\/la-imprudent-2024\/"},"modified":"2025-09-22T11:02:38","modified_gmt":"2025-09-22T09:02:38","slug":"la-imprudent-2024","status":"publish","type":"product","link":"https:\/\/clubvinotico.com\/ca\/producto\/la-imprudent-2024\/","title":{"rendered":"La Imprudent 2024"},"content":{"rendered":"<p>Blanc jove de car\u00e0cter fresc i directe, amb gran expressi\u00f3 de fruita i notes c\u00edtriques vibrants. La seva acidesa equilibrada aporta tensi\u00f3 i lleugeresa, mentre que les aromes recorden fruita blanca, flors i un subtil fons mineral. Ideal per gaudir en aperitius o maridar amb cuina lleugera i mediterr\u00e0nia.<\/p>\n","protected":false},"excerpt":{"rendered":"<p>Blanc jove de car\u00e0cter fresc i directe, amb gran expressi\u00f3 de fruita i notes c\u00edtriques vibrants. La seva acidesa equilibrada aporta tensi\u00f3 i lleugeresa, mentre que les aromes recorden fruita blanca, flors i un subtil fons mineral. Ideal per gaudir en aperitius o maridar amb cuina lleugera i mediterr\u00e0nia.<\/p>\n","protected":false},"featured_media":13306,"template":"","meta":[],"product_brand":[225],"product_cat":[185],"product_tag":[227,228,226],"class_list":{"0":"post-13487","1":"product","2":"type-product","3":"status-publish","4":"has-post-thumbnail","6":"product_brand-herencia-altes","7":"product_cat-bodega","8":"product_tag-227","9":"product_tag-garnatxa-blanca","10":"product_tag-terra-alta","12":"first","13":"instock","14":"taxable","15":"shipping-taxable","16":"purchasable","17":"product-type-simple"},"_links":{"self":[{"href":"https:\/\/clubvinotico.com\/ca\/wp-json\/wp\/v2\/product\/13487","targetHints":{"allow":["GET"]}}],"collection":[{"href":"https:\/\/clubvinotico.com\/ca\/wp-json\/wp\/v2\/product"}],"about":[{"href":"https:\/\/clubvinotico.com\/ca\/wp-json\/wp\/v2\/types\/product"}],"version-history":[{"count":1,"href":"https:\/\/clubvinotico.com\/ca\/wp-json\/wp\/v2\/product\/13487\/revisions"}],"predecessor-version":[{"id":13490,"href":"https:\/\/clubvinotico.com\/ca\/wp-json\/wp\/v2\/product\/13487\/revisions\/13490"}],"wp:featuredmedia":[{"embeddable":true,"href":"https:\/\/clubvinotico.com\/ca\/wp-json\/wp\/v2\/media\/13306"}],"wp:attachment":[{"href":"https:\/\/clubvinotico.com\/ca\/wp-json\/wp\/v2\/media?parent=13487"}],"wp:term":[{"taxonomy":"product_brand","embeddable":true,"href":"https:\/\/clubvinotico.com\/ca\/wp-json\/wp\/v2\/product_brand?post=13487"},{"taxonomy":"product_cat","embeddable":true,"href":"https:\/\/clubvinotico.com\/ca\/wp-json\/wp\/v2\/product_cat?post=13487"},{"taxonomy":"product_tag","embeddable":true,"href":"https:\/\/clubvinotico.com\/ca\/wp-json\/wp\/v2\/product_tag?post=13487"}],"curies":[{"name":"wp","href":"https:\/\/api.w.org\/{rel}","templated":true}]}}