{"id":13480,"date":"2025-06-03T17:56:05","date_gmt":"2025-06-03T15:56:05","guid":{"rendered":"https:\/\/clubvinotico.com\/producto\/frontoni-microcosmic-macabeu-2023\/"},"modified":"2025-09-22T11:02:37","modified_gmt":"2025-09-22T09:02:37","slug":"frontoni-microcosmic-macabeu-2023","status":"publish","type":"product","link":"https:\/\/clubvinotico.com\/ca\/producto\/frontoni-microcosmic-macabeu-2023\/","title":{"rendered":"Frontoni Microc\u00f2smic Macabeu 2023"},"content":{"rendered":"<p>Jove blanc de marcada frescor i estructura delicada. Amb aromes c\u00edtriques vibrants i flors silvestres, mostra textura sedosa i acidesa viva que aporta tensi\u00f3. El final \u00e9s llarg, lleugerament amarg i mineral, reflectint l&#8217;expressi\u00f3 sublim del terrer i l&#8217;autenticitat artesanal.<\/p>\n","protected":false},"excerpt":{"rendered":"<p>Jove blanc de marcada frescor i estructura delicada. Amb aromes c\u00edtriques vibrants i flors silvestres, mostra textura sedosa i acidesa viva que aporta tensi\u00f3. El final \u00e9s llarg, lleugerament amarg i mineral, reflectint l&#8217;expressi\u00f3 sublim del terrer i l&#8217;autenticitat artesanal.<\/p>\n","protected":false},"featured_media":13308,"template":"","meta":[],"product_brand":[222],"product_cat":[185],"product_tag":[188,224,223],"class_list":{"0":"post-13480","1":"product","2":"type-product","3":"status-publish","4":"has-post-thumbnail","6":"product_brand-cellers-frontoni","7":"product_cat-bodega","8":"product_tag-188","9":"product_tag-igp-valdejalon","10":"product_tag-macabeu","12":"first","13":"instock","14":"taxable","15":"shipping-taxable","16":"purchasable","17":"product-type-simple"},"_links":{"self":[{"href":"https:\/\/clubvinotico.com\/ca\/wp-json\/wp\/v2\/product\/13480","targetHints":{"allow":["GET"]}}],"collection":[{"href":"https:\/\/clubvinotico.com\/ca\/wp-json\/wp\/v2\/product"}],"about":[{"href":"https:\/\/clubvinotico.com\/ca\/wp-json\/wp\/v2\/types\/product"}],"version-history":[{"count":1,"href":"https:\/\/clubvinotico.com\/ca\/wp-json\/wp\/v2\/product\/13480\/revisions"}],"predecessor-version":[{"id":13485,"href":"https:\/\/clubvinotico.com\/ca\/wp-json\/wp\/v2\/product\/13480\/revisions\/13485"}],"wp:featuredmedia":[{"embeddable":true,"href":"https:\/\/clubvinotico.com\/ca\/wp-json\/wp\/v2\/media\/13308"}],"wp:attachment":[{"href":"https:\/\/clubvinotico.com\/ca\/wp-json\/wp\/v2\/media?parent=13480"}],"wp:term":[{"taxonomy":"product_brand","embeddable":true,"href":"https:\/\/clubvinotico.com\/ca\/wp-json\/wp\/v2\/product_brand?post=13480"},{"taxonomy":"product_cat","embeddable":true,"href":"https:\/\/clubvinotico.com\/ca\/wp-json\/wp\/v2\/product_cat?post=13480"},{"taxonomy":"product_tag","embeddable":true,"href":"https:\/\/clubvinotico.com\/ca\/wp-json\/wp\/v2\/product_tag?post=13480"}],"curies":[{"name":"wp","href":"https:\/\/api.w.org\/{rel}","templated":true}]}}