{"id":13479,"date":"2024-11-17T10:01:09","date_gmt":"2024-11-17T09:01:09","guid":{"rendered":"https:\/\/clubvinotico.com\/producto\/seleccio-blancs\/"},"modified":"2025-10-02T12:28:25","modified_gmt":"2025-10-02T10:28:25","slug":"seleccio-blancs","status":"publish","type":"product","link":"https:\/\/clubvinotico.com\/ca\/producto\/seleccio-blancs\/","title":{"rendered":"Selecci\u00f3 Blancs"},"content":{"rendered":"\t\t<div data-elementor-type=\"product-post\" data-elementor-id=\"13479\" class=\"elementor elementor-13479 elementor-1617\" data-elementor-post-type=\"product\">\n\t\t\t\t<div class=\"elementor-element elementor-element-1b51fc2 e-flex e-con-boxed e-con e-parent\" data-id=\"1b51fc2\" data-element_type=\"container\">\n\t\t\t\t\t<div class=\"e-con-inner\">\n\t\t\t\t<div class=\"elementor-element elementor-element-23c9892 elementor-widget elementor-widget-text-editor\" data-id=\"23c9892\" data-element_type=\"widget\" data-widget_type=\"text-editor.default\">\n\t\t\t\t<div class=\"elementor-widget-container\">\n\t\t\t\t\t\t\t\t\t<p>Una subscripci\u00f3 perfecta per als que gaudeixen del vi blanc en totes les formes.<\/p><p>Cada mes t&#8217;arribaran tres blancs diferents elegits pels nostres sumillers: poden ser minerals, untuosos, arom\u00e0tics o molt frescos.<\/p><p>La idea \u00e9s descobrir zones poc conegudes i varietats sorprenents. Inclou notes de tast impreses amb hist\u00f2ria del vi i descomptes exclusius per continuar explorant la botiga Vin\u00f2tic. <\/p><h5>Qu\u00e8 hi ha a la caixa?<\/h5><ul><li>3 vins blancs<\/li><li>Una nota de tast per a cada vi<\/li><\/ul>\t\t\t\t\t\t\t\t<\/div>\n\t\t\t\t<\/div>\n\t\t\t\t\t<\/div>\n\t\t\t\t<\/div>\n\t\t\t\t<\/div>\n\t\t","protected":false},"excerpt":{"rendered":"<div class=\"et_pb_module et_pb_text et_pb_text_1 et_pb_text_align_left et_pb_bg_layout_light\">\n<div class=\"et_pb_text_inner\">\n<p><span style=\"font-weight: 400;\">Tres blancs cada mes. Frescor, textura i personalitat. <\/span><\/p>\n<\/div>\n<\/div>\n","protected":false},"featured_media":13483,"template":"","meta":[],"product_brand":[],"product_cat":[214],"product_tag":[],"class_list":{"0":"post-13479","1":"product","2":"type-product","3":"status-publish","4":"has-post-thumbnail","6":"product_cat-subscripcions","8":"first","9":"instock","10":"taxable","11":"shipping-taxable","12":"purchasable","13":"product-type-subscription"},"_links":{"self":[{"href":"https:\/\/clubvinotico.com\/ca\/wp-json\/wp\/v2\/product\/13479","targetHints":{"allow":["GET"]}}],"collection":[{"href":"https:\/\/clubvinotico.com\/ca\/wp-json\/wp\/v2\/product"}],"about":[{"href":"https:\/\/clubvinotico.com\/ca\/wp-json\/wp\/v2\/types\/product"}],"version-history":[{"count":2,"href":"https:\/\/clubvinotico.com\/ca\/wp-json\/wp\/v2\/product\/13479\/revisions"}],"predecessor-version":[{"id":13486,"href":"https:\/\/clubvinotico.com\/ca\/wp-json\/wp\/v2\/product\/13479\/revisions\/13486"}],"wp:featuredmedia":[{"embeddable":true,"href":"https:\/\/clubvinotico.com\/ca\/wp-json\/wp\/v2\/media\/13483"}],"wp:attachment":[{"href":"https:\/\/clubvinotico.com\/ca\/wp-json\/wp\/v2\/media?parent=13479"}],"wp:term":[{"taxonomy":"product_brand","embeddable":true,"href":"https:\/\/clubvinotico.com\/ca\/wp-json\/wp\/v2\/product_brand?post=13479"},{"taxonomy":"product_cat","embeddable":true,"href":"https:\/\/clubvinotico.com\/ca\/wp-json\/wp\/v2\/product_cat?post=13479"},{"taxonomy":"product_tag","embeddable":true,"href":"https:\/\/clubvinotico.com\/ca\/wp-json\/wp\/v2\/product_tag?post=13479"}],"curies":[{"name":"wp","href":"https:\/\/api.w.org\/{rel}","templated":true}]}}