{"id":13472,"date":"2025-06-03T17:53:01","date_gmt":"2025-06-03T15:53:01","guid":{"rendered":"https:\/\/clubvinotico.com\/producto\/u4-2021\/"},"modified":"2025-09-22T11:02:36","modified_gmt":"2025-09-22T09:02:36","slug":"u4-2021","status":"publish","type":"product","link":"https:\/\/clubvinotico.com\/ca\/producto\/u4-2021\/","title":{"rendered":"U4 2021"},"content":{"rendered":"<p>Vermell amb aromes de fruita fresca i un subtil perfil especiat. A la boca \u00e9s suc\u00f3s, d&#8217;entrada vibrant i pas equilibrat cap a un final sostingut, equilibrant tensi\u00f3 i rodonesa. Reflecteix l&#8217;expressi\u00f3 aut\u00e8ntica del Cabernet Franc, des de la vinya fins a cada glop final.<\/p>\n","protected":false},"excerpt":{"rendered":"<p>Vermell amb aromes de fruita fresca i un subtil perfil especiat. A la boca \u00e9s suc\u00f3s, d&#8217;entrada vibrant i pas equilibrat cap a un final sostingut, equilibrant tensi\u00f3 i rodonesa. Reflecteix l&#8217;expressi\u00f3 aut\u00e8ntica del Cabernet Franc, des de la vinya fins a cada glop final.<\/p>\n","protected":false},"featured_media":13316,"template":"","meta":[],"product_brand":[219],"product_cat":[185],"product_tag":[220,221,190],"class_list":{"0":"post-13472","1":"product","2":"type-product","3":"status-publish","4":"has-post-thumbnail","6":"product_brand-thunder-wine-makers","7":"product_cat-bodega","8":"product_tag-220","9":"product_tag-cabernet-franc","10":"product_tag-penedes","12":"first","13":"instock","14":"taxable","15":"shipping-taxable","16":"purchasable","17":"product-type-simple"},"_links":{"self":[{"href":"https:\/\/clubvinotico.com\/ca\/wp-json\/wp\/v2\/product\/13472","targetHints":{"allow":["GET"]}}],"collection":[{"href":"https:\/\/clubvinotico.com\/ca\/wp-json\/wp\/v2\/product"}],"about":[{"href":"https:\/\/clubvinotico.com\/ca\/wp-json\/wp\/v2\/types\/product"}],"version-history":[{"count":1,"href":"https:\/\/clubvinotico.com\/ca\/wp-json\/wp\/v2\/product\/13472\/revisions"}],"predecessor-version":[{"id":13478,"href":"https:\/\/clubvinotico.com\/ca\/wp-json\/wp\/v2\/product\/13472\/revisions\/13478"}],"wp:featuredmedia":[{"embeddable":true,"href":"https:\/\/clubvinotico.com\/ca\/wp-json\/wp\/v2\/media\/13316"}],"wp:attachment":[{"href":"https:\/\/clubvinotico.com\/ca\/wp-json\/wp\/v2\/media?parent=13472"}],"wp:term":[{"taxonomy":"product_brand","embeddable":true,"href":"https:\/\/clubvinotico.com\/ca\/wp-json\/wp\/v2\/product_brand?post=13472"},{"taxonomy":"product_cat","embeddable":true,"href":"https:\/\/clubvinotico.com\/ca\/wp-json\/wp\/v2\/product_cat?post=13472"},{"taxonomy":"product_tag","embeddable":true,"href":"https:\/\/clubvinotico.com\/ca\/wp-json\/wp\/v2\/product_tag?post=13472"}],"curies":[{"name":"wp","href":"https:\/\/api.w.org\/{rel}","templated":true}]}}