{"id":13467,"date":"2025-06-03T17:51:14","date_gmt":"2025-06-03T15:51:14","guid":{"rendered":"https:\/\/clubvinotico.com\/producto\/motor-blanc-2023\/"},"modified":"2025-09-22T11:02:35","modified_gmt":"2025-09-22T09:02:35","slug":"motor-blanc-2023","status":"publish","type":"product","link":"https:\/\/clubvinotico.com\/ca\/producto\/motor-blanc-2023\/","title":{"rendered":"Motor Blanc 2023"},"content":{"rendered":"<p>Blanc natural i expressiu, desborda frescor amb aromes de poma verda, mel\u00f3, pinya i un mat\u00eds c\u00edtric subtil. L&#8217;acidesa vibrant en real\u00e7a el car\u00e0cter refrescant, mentre que el fons mineral aporta equilibri i persist\u00e8ncia. Una joia lleugera amb energia aut\u00e8ntica i mediterr\u00e0nia.<\/p>\n","protected":false},"excerpt":{"rendered":"<p>Blanc natural i expressiu, desborda frescor amb aromes de poma verda, mel\u00f3, pinya i un mat\u00eds c\u00edtric subtil. L&#8217;acidesa vibrant en real\u00e7a el car\u00e0cter refrescant, mentre que el fons mineral aporta equilibri i persist\u00e8ncia. Una joia lleugera amb energia aut\u00e8ntica i mediterr\u00e0nia.<\/p>\n","protected":false},"featured_media":13310,"template":"","meta":[],"product_brand":[215],"product_cat":[185],"product_tag":[188,216,218,217],"class_list":{"0":"post-13467","1":"product","2":"type-product","3":"status-publish","4":"has-post-thumbnail","6":"product_brand-4-quilos","7":"product_cat-bodega","8":"product_tag-188","9":"product_tag-mallorca","10":"product_tag-malvasia-de-banyalbufar","11":"product_tag-premsal-blanc","13":"first","14":"instock","15":"taxable","16":"shipping-taxable","17":"purchasable","18":"product-type-simple"},"_links":{"self":[{"href":"https:\/\/clubvinotico.com\/ca\/wp-json\/wp\/v2\/product\/13467","targetHints":{"allow":["GET"]}}],"collection":[{"href":"https:\/\/clubvinotico.com\/ca\/wp-json\/wp\/v2\/product"}],"about":[{"href":"https:\/\/clubvinotico.com\/ca\/wp-json\/wp\/v2\/types\/product"}],"version-history":[{"count":1,"href":"https:\/\/clubvinotico.com\/ca\/wp-json\/wp\/v2\/product\/13467\/revisions"}],"predecessor-version":[{"id":13470,"href":"https:\/\/clubvinotico.com\/ca\/wp-json\/wp\/v2\/product\/13467\/revisions\/13470"}],"wp:featuredmedia":[{"embeddable":true,"href":"https:\/\/clubvinotico.com\/ca\/wp-json\/wp\/v2\/media\/13310"}],"wp:attachment":[{"href":"https:\/\/clubvinotico.com\/ca\/wp-json\/wp\/v2\/media?parent=13467"}],"wp:term":[{"taxonomy":"product_brand","embeddable":true,"href":"https:\/\/clubvinotico.com\/ca\/wp-json\/wp\/v2\/product_brand?post=13467"},{"taxonomy":"product_cat","embeddable":true,"href":"https:\/\/clubvinotico.com\/ca\/wp-json\/wp\/v2\/product_cat?post=13467"},{"taxonomy":"product_tag","embeddable":true,"href":"https:\/\/clubvinotico.com\/ca\/wp-json\/wp\/v2\/product_tag?post=13467"}],"curies":[{"name":"wp","href":"https:\/\/api.w.org\/{rel}","templated":true}]}}