{"id":13459,"date":"2024-11-17T09:23:25","date_gmt":"2024-11-17T08:23:25","guid":{"rendered":"https:\/\/clubvinotico.com\/producto\/seleccio-vinotic\/"},"modified":"2025-09-23T18:59:49","modified_gmt":"2025-09-23T16:59:49","slug":"seleccio-vinotic","status":"publish","type":"product","link":"https:\/\/clubvinotico.com\/ca\/producto\/seleccio-vinotic\/","title":{"rendered":"Selecci\u00f3 Vin\u00f3tico"},"content":{"rendered":"\t\t<div data-elementor-type=\"product-post\" data-elementor-id=\"13459\" class=\"elementor elementor-13459 elementor-1613\" data-elementor-post-type=\"product\">\n\t\t\t\t<div class=\"elementor-element elementor-element-7ec182e e-flex e-con-boxed e-con e-parent\" data-id=\"7ec182e\" data-element_type=\"container\">\n\t\t\t\t\t<div class=\"e-con-inner\">\n\t\t\t\t<div class=\"elementor-element elementor-element-800b93e elementor-widget elementor-widget-text-editor\" data-id=\"800b93e\" data-element_type=\"widget\" data-widget_type=\"text-editor.default\">\n\t\t\t\t<div class=\"elementor-widget-container\">\n\t\t\t\t\t\t\t\t\t<p>La subscripci\u00f3 m\u00e9s completa de Vin\u00f3tico.<\/p><p>Cada mes rebr\u00e0s tres vins seleccionats pels nostres sumillers entre petits productors i joies poc conegudes.<\/p><p>La combinaci\u00f3 varia: pot incloure blancs, negres, rosats o fins i tot escumosos, sempre buscant equilibri, sorpresa i qualitat.<\/p><p>Ideal per als que volen provar coses noves sense complicar-se. Inclou notes de tast impreses amb informaci\u00f3 sobre el vi i la seva hist\u00f2ria, i targetes amb descomptes per comprar a la nostra botiga limitada, packs tem\u00e0tics i accessoris. <\/p><h5>Qu\u00e8 hi ha a la caixa?<\/h5><ul><li>3 vins, poden ser negres, blancs o rosats<\/li><li>Una nota de tast per a cada vi<\/li><\/ul>\t\t\t\t\t\t\t\t<\/div>\n\t\t\t\t<\/div>\n\t\t\t\t\t<\/div>\n\t\t\t\t<\/div>\n\t\t\t\t<\/div>\n\t\t","protected":false},"excerpt":{"rendered":"<div class=\"et_pb_module et_pb_text et_pb_text_1 et_pb_text_align_left et_pb_bg_layout_light\">\n<div class=\"et_pb_text_inner\"><\/div>\n<\/div>\n<div class=\"et_pb_module et_pb_text et_pb_text_1 et_pb_text_align_left et_pb_bg_layout_light\">\n<p>Tres vins sorpresa per descobrir qualitat, atreveix-te.<\/p>\n<\/div>\n","protected":false},"featured_media":13466,"template":"","meta":[],"product_brand":[],"product_cat":[214],"product_tag":[],"class_list":{"0":"post-13459","1":"product","2":"type-product","3":"status-publish","4":"has-post-thumbnail","6":"product_cat-subscripcions","8":"first","9":"instock","10":"taxable","11":"shipping-taxable","12":"purchasable","13":"product-type-subscription"},"_links":{"self":[{"href":"https:\/\/clubvinotico.com\/ca\/wp-json\/wp\/v2\/product\/13459","targetHints":{"allow":["GET"]}}],"collection":[{"href":"https:\/\/clubvinotico.com\/ca\/wp-json\/wp\/v2\/product"}],"about":[{"href":"https:\/\/clubvinotico.com\/ca\/wp-json\/wp\/v2\/types\/product"}],"version-history":[{"count":5,"href":"https:\/\/clubvinotico.com\/ca\/wp-json\/wp\/v2\/product\/13459\/revisions"}],"predecessor-version":[{"id":13571,"href":"https:\/\/clubvinotico.com\/ca\/wp-json\/wp\/v2\/product\/13459\/revisions\/13571"}],"wp:featuredmedia":[{"embeddable":true,"href":"https:\/\/clubvinotico.com\/ca\/wp-json\/wp\/v2\/media\/13466"}],"wp:attachment":[{"href":"https:\/\/clubvinotico.com\/ca\/wp-json\/wp\/v2\/media?parent=13459"}],"wp:term":[{"taxonomy":"product_brand","embeddable":true,"href":"https:\/\/clubvinotico.com\/ca\/wp-json\/wp\/v2\/product_brand?post=13459"},{"taxonomy":"product_cat","embeddable":true,"href":"https:\/\/clubvinotico.com\/ca\/wp-json\/wp\/v2\/product_cat?post=13459"},{"taxonomy":"product_tag","embeddable":true,"href":"https:\/\/clubvinotico.com\/ca\/wp-json\/wp\/v2\/product_tag?post=13459"}],"curies":[{"name":"wp","href":"https:\/\/api.w.org\/{rel}","templated":true}]}}