{"id":13428,"date":"2025-08-31T18:09:05","date_gmt":"2025-08-31T16:09:05","guid":{"rendered":"https:\/\/clubvinotico.com\/producto\/sendera-de-les-tordigues-2020\/"},"modified":"2025-09-22T11:02:14","modified_gmt":"2025-09-22T09:02:14","slug":"sendera-de-les-tordigues-2020","status":"publish","type":"product","link":"https:\/\/clubvinotico.com\/ca\/producto\/sendera-de-les-tordigues-2020\/","title":{"rendered":"Sendera de les T\u00f2rdigues 2020"},"content":{"rendered":"<p>Negre molt afruitat i expressiu, amb la frescor vibrant de la Garnatxa sobre s\u00f2ls gran\u00edtics. Gol\u00f3s i directe, presenta un subtil toc de crian\u00e7a en formig\u00f3 i fusta que aporta complexitat sense restar vivacitat. No filtra, sense clarificar: un vi pur, aut\u00e8ntic i amb car\u00e0cter de poble.<\/p>\n","protected":false},"excerpt":{"rendered":"<p>Negre molt afruitat i expressiu, amb la frescor vibrant de la Garnatxa sobre s\u00f2ls gran\u00edtics. Gol\u00f3s i directe, presenta un subtil toc de crian\u00e7a en formig\u00f3 i fusta que aporta complexitat sense restar vivacitat. No filtra, sense clarificar: un vi pur, aut\u00e8ntic i amb car\u00e0cter de poble.<\/p>\n","protected":false},"featured_media":13314,"template":"","meta":[],"product_brand":[209],"product_cat":[185],"product_tag":[210,211,198],"class_list":{"0":"post-13428","1":"product","2":"type-product","3":"status-publish","4":"has-post-thumbnail","6":"product_brand-ric-nou","7":"product_cat-bodega","8":"product_tag-210","9":"product_tag-cebrers","10":"product_tag-garnatxa","12":"first","13":"instock","14":"taxable","15":"shipping-taxable","16":"purchasable","17":"product-type-simple"},"_links":{"self":[{"href":"https:\/\/clubvinotico.com\/ca\/wp-json\/wp\/v2\/product\/13428","targetHints":{"allow":["GET"]}}],"collection":[{"href":"https:\/\/clubvinotico.com\/ca\/wp-json\/wp\/v2\/product"}],"about":[{"href":"https:\/\/clubvinotico.com\/ca\/wp-json\/wp\/v2\/types\/product"}],"version-history":[{"count":1,"href":"https:\/\/clubvinotico.com\/ca\/wp-json\/wp\/v2\/product\/13428\/revisions"}],"predecessor-version":[{"id":13429,"href":"https:\/\/clubvinotico.com\/ca\/wp-json\/wp\/v2\/product\/13428\/revisions\/13429"}],"wp:featuredmedia":[{"embeddable":true,"href":"https:\/\/clubvinotico.com\/ca\/wp-json\/wp\/v2\/media\/13314"}],"wp:attachment":[{"href":"https:\/\/clubvinotico.com\/ca\/wp-json\/wp\/v2\/media?parent=13428"}],"wp:term":[{"taxonomy":"product_brand","embeddable":true,"href":"https:\/\/clubvinotico.com\/ca\/wp-json\/wp\/v2\/product_brand?post=13428"},{"taxonomy":"product_cat","embeddable":true,"href":"https:\/\/clubvinotico.com\/ca\/wp-json\/wp\/v2\/product_cat?post=13428"},{"taxonomy":"product_tag","embeddable":true,"href":"https:\/\/clubvinotico.com\/ca\/wp-json\/wp\/v2\/product_tag?post=13428"}],"curies":[{"name":"wp","href":"https:\/\/api.w.org\/{rel}","templated":true}]}}