{"id":13424,"date":"2025-06-03T17:54:16","date_gmt":"2025-06-03T15:54:16","guid":{"rendered":"https:\/\/clubvinotico.com\/producto\/finca-ratoli-2019\/"},"modified":"2025-09-23T19:49:40","modified_gmt":"2025-09-23T17:49:40","slug":"finca-ratoli-2019","status":"publish","type":"product","link":"https:\/\/clubvinotico.com\/ca\/producto\/finca-ratoli-2019\/","title":{"rendered":"Finca Rat\u00f3n 2019"},"content":{"rendered":"<p>Negre de perfil elegant i profund, nascut de vinyes cuidades amb cura i produccions limitades. Destaca per la intensitat arom\u00e0tica, amb fruita madura, esp\u00e8cies fines i tocs bals\u00e0mics. A la boca mostra cos estructurat, tanins polits i un final llarg i persistent, perfecte per acompanyar carns, guisats i plats contundents.<\/p>\n","protected":false},"excerpt":{"rendered":"<p>Negre de perfil elegant i profund, nascut de vinyes cuidades amb cura i produccions limitades. Destaca per la intensitat arom\u00e0tica, amb fruita madura, esp\u00e8cies fines i tocs bals\u00e0mics. A la boca mostra cos estructurat, tanins polits i un final llarg i persistent, perfecte per acompanyar carns, guisats i plats contundents.<\/p>\n","protected":false},"featured_media":13300,"template":"","meta":[],"product_brand":[205],"product_cat":[185],"product_tag":[208,206,207],"class_list":{"0":"post-13424","1":"product","2":"type-product","3":"status-publish","4":"has-post-thumbnail","6":"product_brand-gomez-de-segura","7":"product_cat-bodega","8":"product_tag-208","9":"product_tag-rioja","10":"product_tag-ull-de-llebre","12":"first","13":"instock","14":"taxable","15":"shipping-taxable","16":"purchasable","17":"product-type-simple"},"_links":{"self":[{"href":"https:\/\/clubvinotico.com\/ca\/wp-json\/wp\/v2\/product\/13424","targetHints":{"allow":["GET"]}}],"collection":[{"href":"https:\/\/clubvinotico.com\/ca\/wp-json\/wp\/v2\/product"}],"about":[{"href":"https:\/\/clubvinotico.com\/ca\/wp-json\/wp\/v2\/types\/product"}],"version-history":[{"count":2,"href":"https:\/\/clubvinotico.com\/ca\/wp-json\/wp\/v2\/product\/13424\/revisions"}],"predecessor-version":[{"id":13590,"href":"https:\/\/clubvinotico.com\/ca\/wp-json\/wp\/v2\/product\/13424\/revisions\/13590"}],"wp:featuredmedia":[{"embeddable":true,"href":"https:\/\/clubvinotico.com\/ca\/wp-json\/wp\/v2\/media\/13300"}],"wp:attachment":[{"href":"https:\/\/clubvinotico.com\/ca\/wp-json\/wp\/v2\/media?parent=13424"}],"wp:term":[{"taxonomy":"product_brand","embeddable":true,"href":"https:\/\/clubvinotico.com\/ca\/wp-json\/wp\/v2\/product_brand?post=13424"},{"taxonomy":"product_cat","embeddable":true,"href":"https:\/\/clubvinotico.com\/ca\/wp-json\/wp\/v2\/product_cat?post=13424"},{"taxonomy":"product_tag","embeddable":true,"href":"https:\/\/clubvinotico.com\/ca\/wp-json\/wp\/v2\/product_tag?post=13424"}],"curies":[{"name":"wp","href":"https:\/\/api.w.org\/{rel}","templated":true}]}}