{"id":13416,"date":"2025-05-27T20:07:33","date_gmt":"2025-05-27T18:07:33","guid":{"rendered":"https:\/\/clubvinotico.com\/producto\/rose-mon-amour\/"},"modified":"2025-10-02T12:28:25","modified_gmt":"2025-10-02T10:28:25","slug":"rose-mon-amour","status":"publish","type":"product","link":"https:\/\/clubvinotico.com\/ca\/producto\/rose-mon-amour\/","title":{"rendered":"Ros\u00e9, mon amour"},"content":{"rendered":"\t\t<div data-elementor-type=\"product-post\" data-elementor-id=\"13416\" class=\"elementor elementor-13416 elementor-11711\" data-elementor-post-type=\"product\">\n\t\t\t\t<div class=\"elementor-element elementor-element-51387233 e-flex e-con-boxed e-con e-parent\" data-id=\"51387233\" data-element_type=\"container\">\n\t\t\t\t\t<div class=\"e-con-inner\">\n\t\t\t\t<div class=\"elementor-element elementor-element-6c7d0a0d elementor-widget elementor-widget-text-editor\" data-id=\"6c7d0a0d\" data-element_type=\"widget\" data-widget_type=\"text-editor.default\">\n\t\t\t\t<div class=\"elementor-widget-container\">\n\t\t\t\t\t\t\t\t\t<h3><span style=\"font-weight: 400;\">Qu\u00e8 hi ha a la caixa?<\/span><\/h3><ul><li style=\"font-weight: 400;\" aria-level=\"1\"><b>Ultimate Provence Ros\u00e9<\/b> <span style=\"font-weight: 400;\">(75 cl)<\/span><span style=\"font-weight: 400;\"><br><\/span><\/li><li style=\"font-weight: 400;\" aria-level=\"1\"><b>Miraval Ros\u00e9<\/b> <span style=\"font-weight: 400;\">(75 cl)<\/span><span style=\"font-weight: 400;\"><br><\/span><\/li><li style=\"font-weight: 400;\" aria-level=\"1\"><b>M de Minuty Ros\u00e9<\/b> <span style=\"font-weight: 400;\">(75 cl)<\/span><\/li><li style=\"font-weight: 400;\" aria-level=\"1\"><span style=\"font-weight: 400;\">Una nota de tast detallada per a cada vi<\/span><\/li><\/ul><p><span style=\"font-weight: 400;\"><br>Submergeix-te en l&#8217;eleg\u00e0ncia i la frescor de la Proven\u00e7a amb aquesta selecci\u00f3 \u00fanica de rosats.<\/span><\/p><p><span style=\"font-weight: 400;\">Descobrir\u00e0s la subtilesa arom\u00e0tica de l&#8217;<\/span> <b>Ultimate Provence<\/b> <span style=\"font-weight: 400;\">, la refinada tradici\u00f3 de<\/span> <b>Miraval<\/b> <span style=\"font-weight: 400;\">i la intensitat delicada de<\/span> <b>M de Minuty<\/b> <span style=\"font-weight: 400;\">.<\/span><\/p><p><span style=\"font-weight: 400;\">Aquests vins comparteixen la m\u00e0gia dels s\u00f2ls calcaris i el clima assolellat de la Mediterr\u00e0nia, oferint notes de fruits vermells, flors silvestres i una acidesa equilibrada que convida a continuar bevent.<\/span><\/p><p><span style=\"font-weight: 400;\">Ideal per als que busquen experi\u00e8ncies sensorials fora del com\u00fa sense renunciar a la qualitat.<\/span><\/p><p><span style=\"font-weight: 400;\">Inclou notes de tast impreses amb dades sobre cada productor i la seva hist\u00f2ria, aix\u00ed com targetes amb descomptes exclusius per explorar altres seleccions especials i accessoris a la nostra botiga.<\/span><\/p>\t\t\t\t\t\t\t\t<\/div>\n\t\t\t\t<\/div>\n\t\t\t\t\t<\/div>\n\t\t\t\t<\/div>\n\t\t\t\t<\/div>\n\t\t","protected":false},"excerpt":{"rendered":"<p>Tres rosats de la Proven\u00e7a<\/p>\n","protected":false},"featured_media":13417,"template":"","meta":[],"product_brand":[],"product_cat":[203],"product_tag":[],"class_list":{"0":"post-13416","1":"product","2":"type-product","3":"status-publish","4":"has-post-thumbnail","6":"product_cat-seleccions-especials","8":"first","9":"instock","10":"taxable","11":"shipping-taxable","12":"purchasable","13":"product-type-simple"},"_links":{"self":[{"href":"https:\/\/clubvinotico.com\/ca\/wp-json\/wp\/v2\/product\/13416","targetHints":{"allow":["GET"]}}],"collection":[{"href":"https:\/\/clubvinotico.com\/ca\/wp-json\/wp\/v2\/product"}],"about":[{"href":"https:\/\/clubvinotico.com\/ca\/wp-json\/wp\/v2\/types\/product"}],"version-history":[{"count":2,"href":"https:\/\/clubvinotico.com\/ca\/wp-json\/wp\/v2\/product\/13416\/revisions"}],"predecessor-version":[{"id":13423,"href":"https:\/\/clubvinotico.com\/ca\/wp-json\/wp\/v2\/product\/13416\/revisions\/13423"}],"wp:featuredmedia":[{"embeddable":true,"href":"https:\/\/clubvinotico.com\/ca\/wp-json\/wp\/v2\/media\/13417"}],"wp:attachment":[{"href":"https:\/\/clubvinotico.com\/ca\/wp-json\/wp\/v2\/media?parent=13416"}],"wp:term":[{"taxonomy":"product_brand","embeddable":true,"href":"https:\/\/clubvinotico.com\/ca\/wp-json\/wp\/v2\/product_brand?post=13416"},{"taxonomy":"product_cat","embeddable":true,"href":"https:\/\/clubvinotico.com\/ca\/wp-json\/wp\/v2\/product_cat?post=13416"},{"taxonomy":"product_tag","embeddable":true,"href":"https:\/\/clubvinotico.com\/ca\/wp-json\/wp\/v2\/product_tag?post=13416"}],"curies":[{"name":"wp","href":"https:\/\/api.w.org\/{rel}","templated":true}]}}