{"id":13402,"date":"2025-05-27T20:06:13","date_gmt":"2025-05-27T18:06:13","guid":{"rendered":"https:\/\/clubvinotico.com\/producto\/vinarte\/"},"modified":"2025-10-02T12:28:25","modified_gmt":"2025-10-02T10:28:25","slug":"vinarte","status":"publish","type":"product","link":"https:\/\/clubvinotico.com\/ca\/producto\/vinarte\/","title":{"rendered":"VinArte"},"content":{"rendered":"\t\t<div data-elementor-type=\"product-post\" data-elementor-id=\"13402\" class=\"elementor elementor-13402 elementor-11706\" data-elementor-post-type=\"product\">\n\t\t\t\t<div class=\"elementor-element elementor-element-de056f2 e-flex e-con-boxed e-con e-parent\" data-id=\"de056f2\" data-element_type=\"container\">\n\t\t\t\t\t<div class=\"e-con-inner\">\n\t\t\t\t<div class=\"elementor-element elementor-element-19ef2842 elementor-widget elementor-widget-text-editor\" data-id=\"19ef2842\" data-element_type=\"widget\" data-widget_type=\"text-editor.default\">\n\t\t\t\t<div class=\"elementor-widget-container\">\n\t\t\t\t\t\t\t\t\t<p><span style=\"font-weight: 400;\">Converteix qualsevol lloc en un estudi art\u00edstic amb el nostre exclusiu set de pintura i vi.<\/span><\/p><h3>Qu\u00e8 inclou la Selecci\u00f3 Especial Vinarte?<\/h3><p><span style=\"font-weight: 400;\">  Dissenyat per crear moments \u00fanics, aquest set inclou tot el que necessites per a una tarda entretinguda:<\/span><\/p><ul><li style=\"font-weight: 400;\" aria-level=\"1\"><span style=\"font-weight: 400;\">Dos llen\u00e7os.<\/span><\/li><li style=\"font-weight: 400;\" aria-level=\"1\"><span style=\"font-weight: 400;\">Dos cavallets.<\/span><\/li><li style=\"font-weight: 400;\" aria-level=\"1\"><span style=\"font-weight: 400;\">Pinzells i pintures.<\/span><\/li><li style=\"font-weight: 400;\" aria-level=\"1\"><span style=\"font-weight: 400;\">Dues excepcionals ampolles de vi del celler Estones Vins del Montsant.<\/span><\/li><\/ul><h4>\u00c9s la teva primera vegada? No et preocupis <\/h4><p><span style=\"font-weight: 400;\">Guia d\u00b4\u00fas pas a pas, ideal tant per a principiants com per a experts.<\/span><\/p><h4>A qui va destinada aquesta Selecci\u00f3 Especial Vinarte?<\/h4><p><span style=\"font-weight: 400;\">Perfecte per gaudir amb fam\u00edlia, amics o parella, aquest set transforma una simple reuni\u00f3 en una experi\u00e8ncia inoblidable. Deixa&#8217;t portar per la creativitat, relaxa&#8217;t amb una copa de vi, i fes que cada tra\u00e7 compti. <\/span><\/p>\t\t\t\t\t\t\t\t<\/div>\n\t\t\t\t<\/div>\n\t\t\t\t\t<\/div>\n\t\t\t\t<\/div>\n\t\t\t\t<\/div>\n\t\t","protected":false},"excerpt":{"rendered":"<p>Crea, brinda i gaudeix.<\/p>\n","protected":false},"featured_media":13403,"template":"","meta":[],"product_brand":[],"product_cat":[203],"product_tag":[],"class_list":{"0":"post-13402","1":"product","2":"type-product","3":"status-publish","4":"has-post-thumbnail","6":"product_cat-seleccions-especials","8":"first","9":"instock","10":"taxable","11":"shipping-taxable","12":"purchasable","13":"product-type-simple"},"_links":{"self":[{"href":"https:\/\/clubvinotico.com\/ca\/wp-json\/wp\/v2\/product\/13402","targetHints":{"allow":["GET"]}}],"collection":[{"href":"https:\/\/clubvinotico.com\/ca\/wp-json\/wp\/v2\/product"}],"about":[{"href":"https:\/\/clubvinotico.com\/ca\/wp-json\/wp\/v2\/types\/product"}],"version-history":[{"count":2,"href":"https:\/\/clubvinotico.com\/ca\/wp-json\/wp\/v2\/product\/13402\/revisions"}],"predecessor-version":[{"id":13407,"href":"https:\/\/clubvinotico.com\/ca\/wp-json\/wp\/v2\/product\/13402\/revisions\/13407"}],"wp:featuredmedia":[{"embeddable":true,"href":"https:\/\/clubvinotico.com\/ca\/wp-json\/wp\/v2\/media\/13403"}],"wp:attachment":[{"href":"https:\/\/clubvinotico.com\/ca\/wp-json\/wp\/v2\/media?parent=13402"}],"wp:term":[{"taxonomy":"product_brand","embeddable":true,"href":"https:\/\/clubvinotico.com\/ca\/wp-json\/wp\/v2\/product_brand?post=13402"},{"taxonomy":"product_cat","embeddable":true,"href":"https:\/\/clubvinotico.com\/ca\/wp-json\/wp\/v2\/product_cat?post=13402"},{"taxonomy":"product_tag","embeddable":true,"href":"https:\/\/clubvinotico.com\/ca\/wp-json\/wp\/v2\/product_tag?post=13402"}],"curies":[{"name":"wp","href":"https:\/\/api.w.org\/{rel}","templated":true}]}}