{"id":13399,"date":"2025-05-27T20:04:55","date_gmt":"2025-05-27T18:04:55","guid":{"rendered":"https:\/\/clubvinotico.com\/producto\/set-dessencies-vi-negre\/"},"modified":"2025-09-22T11:02:05","modified_gmt":"2025-09-22T09:02:05","slug":"set-dessencies-vi-negre","status":"publish","type":"product","link":"https:\/\/clubvinotico.com\/ca\/producto\/set-dessencies-vi-negre\/","title":{"rendered":"Set d&#8217;Ess\u00e8ncies (vi negre)"},"content":{"rendered":"<p><span style=\"font-weight: 400;\">Una col\u00b7lecci\u00f3 dissenyada per aguditzar el sentit de l&#8217;olfacte i aprendre a identificar les notes arom\u00e0tiques principals del vi negre. L&#8217;estoig inclou 12 flascons amb aromes caracter\u00edstiques i una guia explicativa amb descripcions detallades de cadascun. Ideal per a amants del vi que vulguin aprofundir en l&#8217;art del tast i desenvolupar-ne la mem\u00f2ria olfactiva.  <\/span><\/p>\n","protected":false},"excerpt":{"rendered":"<p>Una col\u00b7lecci\u00f3 dissenyada per aguditzar el sentit de l&#8217;olfacte i aprendre a identificar les notes arom\u00e0tiques principals del vi negre. L&#8217;estoig inclou 12 flascons amb aromes caracter\u00edstiques i una guia explicativa amb descripcions detallades de cadascun. Ideal per a amants del vi que vulguin aprofundir en l&#8217;art del tast i desenvolupar-ne la mem\u00f2ria olfactiva.<\/p>\n","protected":false},"featured_media":13400,"template":"","meta":[],"product_brand":[],"product_cat":[183],"product_tag":[],"class_list":{"0":"post-13399","1":"product","2":"type-product","3":"status-publish","4":"has-post-thumbnail","6":"product_cat-accessoris","8":"first","9":"instock","10":"taxable","11":"shipping-taxable","12":"purchasable","13":"product-type-simple"},"_links":{"self":[{"href":"https:\/\/clubvinotico.com\/ca\/wp-json\/wp\/v2\/product\/13399","targetHints":{"allow":["GET"]}}],"collection":[{"href":"https:\/\/clubvinotico.com\/ca\/wp-json\/wp\/v2\/product"}],"about":[{"href":"https:\/\/clubvinotico.com\/ca\/wp-json\/wp\/v2\/types\/product"}],"version-history":[{"count":1,"href":"https:\/\/clubvinotico.com\/ca\/wp-json\/wp\/v2\/product\/13399\/revisions"}],"predecessor-version":[{"id":13401,"href":"https:\/\/clubvinotico.com\/ca\/wp-json\/wp\/v2\/product\/13399\/revisions\/13401"}],"wp:featuredmedia":[{"embeddable":true,"href":"https:\/\/clubvinotico.com\/ca\/wp-json\/wp\/v2\/media\/13400"}],"wp:attachment":[{"href":"https:\/\/clubvinotico.com\/ca\/wp-json\/wp\/v2\/media?parent=13399"}],"wp:term":[{"taxonomy":"product_brand","embeddable":true,"href":"https:\/\/clubvinotico.com\/ca\/wp-json\/wp\/v2\/product_brand?post=13399"},{"taxonomy":"product_cat","embeddable":true,"href":"https:\/\/clubvinotico.com\/ca\/wp-json\/wp\/v2\/product_cat?post=13399"},{"taxonomy":"product_tag","embeddable":true,"href":"https:\/\/clubvinotico.com\/ca\/wp-json\/wp\/v2\/product_tag?post=13399"}],"curies":[{"name":"wp","href":"https:\/\/api.w.org\/{rel}","templated":true}]}}