{"id":13394,"date":"2025-05-27T11:50:33","date_gmt":"2025-05-27T09:50:33","guid":{"rendered":"https:\/\/clubvinotico.com\/producto\/parallele-45-2023\/"},"modified":"2025-09-22T11:02:05","modified_gmt":"2025-09-22T09:02:05","slug":"parallele-45-2023","status":"publish","type":"product","link":"https:\/\/clubvinotico.com\/ca\/producto\/parallele-45-2023\/","title":{"rendered":"Parall\u00e8le 45 2023"},"content":{"rendered":"<p>Negre vibrant de fruita vermella sucosa i esp\u00e8cies subtils, amb cos mitj\u00e0 i tanins suaus. Destaca per un car\u00e0cter gener\u00f3s i equilibrat, on la frescor es barreja amb un lleu fons herbaci. Ideal per acompanyar guisats mediterranis o xarcuteria variada.<\/p>\n","protected":false},"excerpt":{"rendered":"<p>Negre vibrant de fruita vermella sucosa i esp\u00e8cies subtils, amb cos mitj\u00e0 i tanins suaus. Destaca per un car\u00e0cter gener\u00f3s i equilibrat, on la frescor es barreja amb un lleu fons herbaci. Ideal per acompanyar guisats mediterranis o xarcuteria variada.<\/p>\n","protected":false},"featured_media":13312,"template":"","meta":[],"product_brand":[197],"product_cat":[185],"product_tag":[188,202,200,198,201,199],"class_list":{"0":"post-13394","1":"product","2":"type-product","3":"status-publish","4":"has-post-thumbnail","6":"product_brand-paul-jaboulet","7":"product_cat-bodega","8":"product_tag-188","9":"product_tag-aoc-cotes-du-rhone","10":"product_tag-carinyena","11":"product_tag-garnatxa","12":"product_tag-marselan","13":"product_tag-syrah","15":"first","16":"instock","17":"taxable","18":"shipping-taxable","19":"purchasable","20":"product-type-simple"},"_links":{"self":[{"href":"https:\/\/clubvinotico.com\/ca\/wp-json\/wp\/v2\/product\/13394","targetHints":{"allow":["GET"]}}],"collection":[{"href":"https:\/\/clubvinotico.com\/ca\/wp-json\/wp\/v2\/product"}],"about":[{"href":"https:\/\/clubvinotico.com\/ca\/wp-json\/wp\/v2\/types\/product"}],"version-history":[{"count":1,"href":"https:\/\/clubvinotico.com\/ca\/wp-json\/wp\/v2\/product\/13394\/revisions"}],"predecessor-version":[{"id":13398,"href":"https:\/\/clubvinotico.com\/ca\/wp-json\/wp\/v2\/product\/13394\/revisions\/13398"}],"wp:featuredmedia":[{"embeddable":true,"href":"https:\/\/clubvinotico.com\/ca\/wp-json\/wp\/v2\/media\/13312"}],"wp:attachment":[{"href":"https:\/\/clubvinotico.com\/ca\/wp-json\/wp\/v2\/media?parent=13394"}],"wp:term":[{"taxonomy":"product_brand","embeddable":true,"href":"https:\/\/clubvinotico.com\/ca\/wp-json\/wp\/v2\/product_brand?post=13394"},{"taxonomy":"product_cat","embeddable":true,"href":"https:\/\/clubvinotico.com\/ca\/wp-json\/wp\/v2\/product_cat?post=13394"},{"taxonomy":"product_tag","embeddable":true,"href":"https:\/\/clubvinotico.com\/ca\/wp-json\/wp\/v2\/product_tag?post=13394"}],"curies":[{"name":"wp","href":"https:\/\/api.w.org\/{rel}","templated":true}]}}