{"id":13380,"date":"2025-05-27T20:04:29","date_gmt":"2025-05-27T18:04:29","guid":{"rendered":"https:\/\/clubvinotico.com\/producto\/glaconera\/"},"modified":"2025-09-22T11:02:04","modified_gmt":"2025-09-22T09:02:04","slug":"glaconera","status":"publish","type":"product","link":"https:\/\/clubvinotico.com\/ca\/producto\/glaconera\/","title":{"rendered":"Gla\u00e7onera"},"content":{"rendered":"<p><span style=\"font-weight: 400;\">Fabricada en resistent pl\u00e0stic acr\u00edlic, aquesta gla\u00e7onera suporta impactes i variacions de temperatura sense renunciar a la lleugeresa. El seu disseny compacte, amb base estreta i nanses laterals, la fa f\u00e0cil de manejar fins i tot plena de gel i ampolla. L&#8217;obertura superior est\u00e0 pensada per recolzar c\u00f2modament el coll de l&#8217;ampolla i buidar l&#8217;aigua sense esquitxades. Un toc modern i pr\u00e0ctic per a qualsevol taula.   <\/span><\/p>\n<p>Disponible en diversos colors: Or, Plata, Porpra, Transl\u00facida i Wood.<\/p>\n","protected":false},"excerpt":{"rendered":"<p>Fabricada en resistent pl\u00e0stic acr\u00edlic, aquesta gla\u00e7onera suporta impactes i variacions de temperatura sense renunciar a la lleugeresa. El seu disseny compacte, amb base estreta i nanses laterals, la fa f\u00e0cil de manejar fins i tot plena de gel i ampolla. L&#8217;obertura superior est\u00e0 pensada per recolzar c\u00f2modament el coll de l&#8217;ampolla i buidar l&#8217;aigua [&hellip;]<\/p>\n","protected":false},"featured_media":13385,"template":"","meta":[],"product_brand":[],"product_cat":[183],"product_tag":[],"class_list":{"0":"post-13380","1":"product","2":"type-product","3":"status-publish","4":"has-post-thumbnail","6":"product_cat-accessoris","8":"first","9":"instock","10":"taxable","11":"shipping-taxable","12":"purchasable","13":"product-type-variable"},"_links":{"self":[{"href":"https:\/\/clubvinotico.com\/ca\/wp-json\/wp\/v2\/product\/13380","targetHints":{"allow":["GET"]}}],"collection":[{"href":"https:\/\/clubvinotico.com\/ca\/wp-json\/wp\/v2\/product"}],"about":[{"href":"https:\/\/clubvinotico.com\/ca\/wp-json\/wp\/v2\/types\/product"}],"version-history":[{"count":1,"href":"https:\/\/clubvinotico.com\/ca\/wp-json\/wp\/v2\/product\/13380\/revisions"}],"predecessor-version":[{"id":13384,"href":"https:\/\/clubvinotico.com\/ca\/wp-json\/wp\/v2\/product\/13380\/revisions\/13384"}],"wp:featuredmedia":[{"embeddable":true,"href":"https:\/\/clubvinotico.com\/ca\/wp-json\/wp\/v2\/media\/13385"}],"wp:attachment":[{"href":"https:\/\/clubvinotico.com\/ca\/wp-json\/wp\/v2\/media?parent=13380"}],"wp:term":[{"taxonomy":"product_brand","embeddable":true,"href":"https:\/\/clubvinotico.com\/ca\/wp-json\/wp\/v2\/product_brand?post=13380"},{"taxonomy":"product_cat","embeddable":true,"href":"https:\/\/clubvinotico.com\/ca\/wp-json\/wp\/v2\/product_cat?post=13380"},{"taxonomy":"product_tag","embeddable":true,"href":"https:\/\/clubvinotico.com\/ca\/wp-json\/wp\/v2\/product_tag?post=13380"}],"curies":[{"name":"wp","href":"https:\/\/api.w.org\/{rel}","templated":true}]}}