{"id":13379,"date":"2025-05-27T11:49:51","date_gmt":"2025-05-27T09:49:51","guid":{"rendered":"https:\/\/clubvinotico.com\/producto\/honeymoon-2023\/"},"modified":"2025-09-22T11:02:03","modified_gmt":"2025-09-22T09:02:03","slug":"honeymoon-2023","status":"publish","type":"product","link":"https:\/\/clubvinotico.com\/ca\/producto\/honeymoon-2023\/","title":{"rendered":"Honeymoon 2023"},"content":{"rendered":"<p>Blanc ecol\u00f2gic de notable frescor i eleg\u00e0ncia arom\u00e0tica. Les seves aromes delicades combinen flors blanques, fruita madura i c\u00edtrics subtils. A la boca, resulta suau, amb dol\u00e7or vestigial ben integrada i bona acidesa, oferint un final equilibrat i seductor, ideal per a moments desenfadats i mediterranis.<\/p>\n","protected":false},"excerpt":{"rendered":"<p>Blanc ecol\u00f2gic de notable frescor i eleg\u00e0ncia arom\u00e0tica. Les seves aromes delicades combinen flors blanques, fruita madura i c\u00edtrics subtils. A la boca, resulta suau, amb dol\u00e7or vestigial ben integrada i bona acidesa, oferint un final equilibrat i seductor, ideal per a moments desenfadats i mediterranis.<\/p>\n","protected":false},"featured_media":13304,"template":"","meta":[],"product_brand":[189],"product_cat":[185],"product_tag":[188,191,190],"class_list":{"0":"post-13379","1":"product","2":"type-product","3":"status-publish","4":"has-post-thumbnail","6":"product_brand-pares-balta","7":"product_cat-bodega","8":"product_tag-188","9":"product_tag-parellada","10":"product_tag-penedes","12":"first","13":"instock","14":"taxable","15":"shipping-taxable","16":"purchasable","17":"product-type-simple"},"_links":{"self":[{"href":"https:\/\/clubvinotico.com\/ca\/wp-json\/wp\/v2\/product\/13379","targetHints":{"allow":["GET"]}}],"collection":[{"href":"https:\/\/clubvinotico.com\/ca\/wp-json\/wp\/v2\/product"}],"about":[{"href":"https:\/\/clubvinotico.com\/ca\/wp-json\/wp\/v2\/types\/product"}],"version-history":[{"count":1,"href":"https:\/\/clubvinotico.com\/ca\/wp-json\/wp\/v2\/product\/13379\/revisions"}],"predecessor-version":[{"id":13383,"href":"https:\/\/clubvinotico.com\/ca\/wp-json\/wp\/v2\/product\/13379\/revisions\/13383"}],"wp:featuredmedia":[{"embeddable":true,"href":"https:\/\/clubvinotico.com\/ca\/wp-json\/wp\/v2\/media\/13304"}],"wp:attachment":[{"href":"https:\/\/clubvinotico.com\/ca\/wp-json\/wp\/v2\/media?parent=13379"}],"wp:term":[{"taxonomy":"product_brand","embeddable":true,"href":"https:\/\/clubvinotico.com\/ca\/wp-json\/wp\/v2\/product_brand?post=13379"},{"taxonomy":"product_cat","embeddable":true,"href":"https:\/\/clubvinotico.com\/ca\/wp-json\/wp\/v2\/product_cat?post=13379"},{"taxonomy":"product_tag","embeddable":true,"href":"https:\/\/clubvinotico.com\/ca\/wp-json\/wp\/v2\/product_tag?post=13379"}],"curies":[{"name":"wp","href":"https:\/\/api.w.org\/{rel}","templated":true}]}}