{"id":13373,"date":"2025-05-27T19:54:32","date_gmt":"2025-05-27T17:54:32","guid":{"rendered":"https:\/\/clubvinotico.com\/producto\/decantador-apollo\/"},"modified":"2025-09-22T11:02:02","modified_gmt":"2025-09-22T09:02:02","slug":"decantador-apollo","status":"publish","type":"product","link":"https:\/\/clubvinotico.com\/ca\/producto\/decantador-apollo\/","title":{"rendered":"Decantador APOLLO"},"content":{"rendered":"<p><span style=\"font-weight: 400;\">Una pe\u00e7a artesanal de l\u00ednies modernes i sofisticades. El seu coll llarg i boca extraampla afavoreixen una oxigenaci\u00f3 r\u00e0pida del vi, mentre que el tall bisellat a la vora permet un servei net i prec\u00eds, evitant degoteigs sobre la taula. Eleg\u00e0ncia i funcionalitat per real\u00e7ar cada destap.  <\/span><\/p>\n","protected":false},"excerpt":{"rendered":"<p>Una pe\u00e7a artesanal de l\u00ednies modernes i sofisticades. El seu coll llarg i boca extraampla afavoreixen una oxigenaci\u00f3 r\u00e0pida del vi, mentre que el tall bisellat a la vora permet un servei net i prec\u00eds, evitant degoteigs sobre la taula. Eleg\u00e0ncia i funcionalitat per real\u00e7ar cada destap.<\/p>\n","protected":false},"featured_media":13377,"template":"","meta":[],"product_brand":[],"product_cat":[183],"product_tag":[],"class_list":{"0":"post-13373","1":"product","2":"type-product","3":"status-publish","4":"has-post-thumbnail","6":"product_cat-accessoris","8":"first","9":"instock","10":"taxable","11":"shipping-taxable","12":"purchasable","13":"product-type-simple"},"_links":{"self":[{"href":"https:\/\/clubvinotico.com\/ca\/wp-json\/wp\/v2\/product\/13373","targetHints":{"allow":["GET"]}}],"collection":[{"href":"https:\/\/clubvinotico.com\/ca\/wp-json\/wp\/v2\/product"}],"about":[{"href":"https:\/\/clubvinotico.com\/ca\/wp-json\/wp\/v2\/types\/product"}],"version-history":[{"count":1,"href":"https:\/\/clubvinotico.com\/ca\/wp-json\/wp\/v2\/product\/13373\/revisions"}],"predecessor-version":[{"id":13378,"href":"https:\/\/clubvinotico.com\/ca\/wp-json\/wp\/v2\/product\/13373\/revisions\/13378"}],"wp:featuredmedia":[{"embeddable":true,"href":"https:\/\/clubvinotico.com\/ca\/wp-json\/wp\/v2\/media\/13377"}],"wp:attachment":[{"href":"https:\/\/clubvinotico.com\/ca\/wp-json\/wp\/v2\/media?parent=13373"}],"wp:term":[{"taxonomy":"product_brand","embeddable":true,"href":"https:\/\/clubvinotico.com\/ca\/wp-json\/wp\/v2\/product_brand?post=13373"},{"taxonomy":"product_cat","embeddable":true,"href":"https:\/\/clubvinotico.com\/ca\/wp-json\/wp\/v2\/product_cat?post=13373"},{"taxonomy":"product_tag","embeddable":true,"href":"https:\/\/clubvinotico.com\/ca\/wp-json\/wp\/v2\/product_tag?post=13373"}],"curies":[{"name":"wp","href":"https:\/\/api.w.org\/{rel}","templated":true}]}}