{"id":13370,"date":"2025-05-27T11:49:06","date_gmt":"2025-05-27T09:49:06","guid":{"rendered":"https:\/\/clubvinotico.com\/producto\/cinquena-apolonia-2023\/"},"modified":"2025-09-23T19:54:20","modified_gmt":"2025-09-23T17:54:20","slug":"cinquena-apolonia-2023","status":"publish","type":"product","link":"https:\/\/clubvinotico.com\/ca\/producto\/cinquena-apolonia-2023\/","title":{"rendered":"Quinta Apol\u00f2nia 2023"},"content":{"rendered":"<p><span data-sheets-root=\"1\">Cinquena Apol\u00f2nia 2023 \u00e9s la cara m\u00e9s fresca i juganera de Belondrade. Verdejo que barreja fruita blanca cruixent i c\u00edtrics amb una picada d&#8217;ullet de flors silvestres i un lleu mat\u00eds crem\u00f3s de la part fermentada en b\u00f3ta. Boca \u00e0mplia i viva\u00e7, ideal per a tapes, sushi o capvespres improvisats. Un blanc modern amb \u00e0nima castellana.   <\/span><\/p>\n","protected":false},"excerpt":{"rendered":"<p>Cinquena Apol\u00f2nia 2023 \u00e9s la cara m\u00e9s fresca i juganera de Belondrade. Verdejo que barreja fruita blanca cruixent i c\u00edtrics amb una picada d&#8217;ullet de flors silvestres i un lleu mat\u00eds crem\u00f3s de la part fermentada en b\u00f3ta. Boca \u00e0mplia i viva\u00e7, ideal per a tapes, sushi o capvespres improvisats. Un blanc modern amb \u00e0nima [&hellip;]<\/p>\n","protected":false},"featured_media":13375,"template":"","meta":[],"product_brand":[184],"product_cat":[185],"product_tag":[188,186,187],"class_list":{"0":"post-13370","1":"product","2":"type-product","3":"status-publish","4":"has-post-thumbnail","6":"product_brand-belondrade","7":"product_cat-bodega","8":"product_tag-188","9":"product_tag-castella","10":"product_tag-verdejo","12":"first","13":"outofstock","14":"taxable","15":"shipping-taxable","16":"purchasable","17":"product-type-simple"},"_links":{"self":[{"href":"https:\/\/clubvinotico.com\/ca\/wp-json\/wp\/v2\/product\/13370","targetHints":{"allow":["GET"]}}],"collection":[{"href":"https:\/\/clubvinotico.com\/ca\/wp-json\/wp\/v2\/product"}],"about":[{"href":"https:\/\/clubvinotico.com\/ca\/wp-json\/wp\/v2\/types\/product"}],"version-history":[{"count":2,"href":"https:\/\/clubvinotico.com\/ca\/wp-json\/wp\/v2\/product\/13370\/revisions"}],"predecessor-version":[{"id":13591,"href":"https:\/\/clubvinotico.com\/ca\/wp-json\/wp\/v2\/product\/13370\/revisions\/13591"}],"wp:featuredmedia":[{"embeddable":true,"href":"https:\/\/clubvinotico.com\/ca\/wp-json\/wp\/v2\/media\/13375"}],"wp:attachment":[{"href":"https:\/\/clubvinotico.com\/ca\/wp-json\/wp\/v2\/media?parent=13370"}],"wp:term":[{"taxonomy":"product_brand","embeddable":true,"href":"https:\/\/clubvinotico.com\/ca\/wp-json\/wp\/v2\/product_brand?post=13370"},{"taxonomy":"product_cat","embeddable":true,"href":"https:\/\/clubvinotico.com\/ca\/wp-json\/wp\/v2\/product_cat?post=13370"},{"taxonomy":"product_tag","embeddable":true,"href":"https:\/\/clubvinotico.com\/ca\/wp-json\/wp\/v2\/product_tag?post=13370"}],"curies":[{"name":"wp","href":"https:\/\/api.w.org\/{rel}","templated":true}]}}