{"id":13368,"date":"2025-05-27T19:53:46","date_gmt":"2025-05-27T17:53:46","guid":{"rendered":"https:\/\/clubvinotico.com\/producto\/llevataps-electronic\/"},"modified":"2025-09-22T11:02:01","modified_gmt":"2025-09-22T09:02:01","slug":"llevataps-electronic","status":"publish","type":"product","link":"https:\/\/clubvinotico.com\/ca\/producto\/llevataps-electronic\/","title":{"rendered":"Llevataps Electr\u00f2nic"},"content":{"rendered":"<p><span style=\"font-weight: 400;\">Petit, potent i amb estil. El llevataps destaca pel seu disseny compacte \u2014el m\u00e9s manejable del mercat\u2014 i per oferir un rendiment sorprenent: obre una ampolla en nom\u00e9s 6 segons. Inclou un tallac\u00e0psules integrat a la base i funciona amb bateria de liti de c\u00e0rrega r\u00e0pida mitjan\u00e7ant USB-C. Tecnologia i eleg\u00e0ncia per gaudir del vi sense esfor\u00e7.   <\/span><\/p>\n","protected":false},"excerpt":{"rendered":"<p>Petit, potent i amb estil. El llevataps destaca pel seu disseny compacte \u2014el m\u00e9s manejable del mercat\u2014 i per oferir un rendiment sorprenent: obre una ampolla en nom\u00e9s 6 segons. Inclou un tallac\u00e0psules integrat a la base i funciona amb bateria de liti de c\u00e0rrega r\u00e0pida mitjan\u00e7ant USB-C. Tecnologia i eleg\u00e0ncia per gaudir del vi [&hellip;]<\/p>\n","protected":false},"featured_media":13371,"template":"","meta":[],"product_brand":[],"product_cat":[183],"product_tag":[],"class_list":{"0":"post-13368","1":"product","2":"type-product","3":"status-publish","4":"has-post-thumbnail","6":"product_cat-accessoris","8":"first","9":"instock","10":"sale","11":"taxable","12":"shipping-taxable","13":"purchasable","14":"product-type-simple"},"_links":{"self":[{"href":"https:\/\/clubvinotico.com\/ca\/wp-json\/wp\/v2\/product\/13368","targetHints":{"allow":["GET"]}}],"collection":[{"href":"https:\/\/clubvinotico.com\/ca\/wp-json\/wp\/v2\/product"}],"about":[{"href":"https:\/\/clubvinotico.com\/ca\/wp-json\/wp\/v2\/types\/product"}],"version-history":[{"count":1,"href":"https:\/\/clubvinotico.com\/ca\/wp-json\/wp\/v2\/product\/13368\/revisions"}],"predecessor-version":[{"id":13372,"href":"https:\/\/clubvinotico.com\/ca\/wp-json\/wp\/v2\/product\/13368\/revisions\/13372"}],"wp:featuredmedia":[{"embeddable":true,"href":"https:\/\/clubvinotico.com\/ca\/wp-json\/wp\/v2\/media\/13371"}],"wp:attachment":[{"href":"https:\/\/clubvinotico.com\/ca\/wp-json\/wp\/v2\/media?parent=13368"}],"wp:term":[{"taxonomy":"product_brand","embeddable":true,"href":"https:\/\/clubvinotico.com\/ca\/wp-json\/wp\/v2\/product_brand?post=13368"},{"taxonomy":"product_cat","embeddable":true,"href":"https:\/\/clubvinotico.com\/ca\/wp-json\/wp\/v2\/product_cat?post=13368"},{"taxonomy":"product_tag","embeddable":true,"href":"https:\/\/clubvinotico.com\/ca\/wp-json\/wp\/v2\/product_tag?post=13368"}],"curies":[{"name":"wp","href":"https:\/\/api.w.org\/{rel}","templated":true}]}}