{"id":13533,"date":"2025-06-01T12:32:20","date_gmt":"2025-06-01T10:32:20","guid":{"rendered":"https:\/\/clubvinotico.com\/politica-de-devolucions-i-reemborsament\/"},"modified":"2025-10-02T12:28:27","modified_gmt":"2025-10-02T10:28:27","slug":"politica-de-devolucions-i-reemborsament","status":"publish","type":"page","link":"https:\/\/clubvinotico.com\/ca\/politica-de-devolucions-i-reemborsament\/","title":{"rendered":"Pol\u00edtica de devolucions i reemborsament"},"content":{"rendered":"<p><b>This is a sample page.<\/b><\/p><h2 class=\"wp-block-heading\">Overview<\/h2><p>Our refund and returns policy lasts 30 days. If 30 days have passed since your purchase, we can&#8217;t offer you a full refund or exchange. <\/p><p>Per escollir per return, el nostre producte s&#8217;ha d&#8217;unusar i en la condici\u00f3 de temps, que vost\u00e8 ha rebut. It must also be in the original packaging. <\/p><p>Severals tipus de goods s\u00f3n exempts de being returned. Perishable goods such as food, flowers, newspapers o magazines cannot be returned. We also no no accept productes que s\u00f3n intimats o sanitary goods, hazardous materials, or flammable liquids o gasos.  <\/p><p>Additional non-returnable items:<\/p><ul class=\"wp-block-list\">\n<li>Gift cards<\/li>\n<li>Downloadable software products<\/li>\n<li>Some health and personal care items<\/li>\n<\/ul><p>Per completar la return, necessiteu receipt or proof of purchase.<\/p><p>Si us plau, no tingueu cap amunt de la botiga.<\/p><p>There are certain situations where only partial refunds are granted:<\/p><ul class=\"wp-block-list\">\n<li>Book with obvious signs of use<\/li>\n<li>CD, DVD, VHS tape, programari, video game, casset tape, or vinyl record that has been opened.<\/li>\n<li>Any no s&#8217;ha trobat en l&#8217;original condition, es desamaga el missing parts per reasons no duu a l&#8217;error.<\/li>\n<li>Any item that is returned more than 30 days after delivery<\/li>\n<\/ul><h2 class=\"wp-block-heading\">Refunds<\/h2><p>Onze your return s\u00f3n rebuts i inspecteds, we will send you aneu e-mail a notify you that we have received your returned item. We will also notify you of the approval or rejection of your refund. <\/p><p>Per a vost\u00e8 approved, la seva refundaci\u00f3 \u00e9s processada, i el cr\u00e8dit autom\u00e0ticament s&#8217;aplicar\u00e0 a la nostra targeta de seguretat oa l&#8217;original m\u00e8tode de pagament, sense certain durant els dies.<\/p><h3 class=\"wp-block-heading\">Late or missing refunds<\/h3><p>If you haven&#8217;t received a refund yet, first check your bank account again.<\/p><p>El contacte de la nostra companyia de cr\u00e8dit, la teva feina \u00e9s una mica abans de la seva soluci\u00f3 \u00e9s officially posted.<\/p><p>Next contact your bank. There is often some processing time before a refund is posted. <\/p><p>Perqu\u00e8 us doneu all\u00e0 ia la vostra disposici\u00f3 no heu rebut cap refont i, si us plau contacteu amb l&#8217;e-mail address.<\/p><h3 class=\"wp-block-heading\">Surt items<\/h3><p>Only regular priced items may be refunded. Surt items cannot be refunded. <\/p><h2 class=\"wp-block-heading\">Exchanges<\/h2><p>We only replace items if they are defective or damaged. Per tal d&#8217;utilitzar l&#8217;exchange per a una llista de dades, send us a l&#8217;adre\u00e7a electr\u00f2nica {email address} ia send your item to: {physical address}. <\/p><h2 class=\"wp-block-heading\">Gifts<\/h2><p>Per tant, les etiquetes s\u00f3n gift quan purchased i shipped directament per a vost\u00e8, vost\u00e8 receive a gift cr\u00e8dit per valor de la seva tornada. Onze el returned item received, a gift certificate will be mailed to you. <\/p><p>If el seu \u00edtem no s&#8217;ha de marcar com a gift quan purchased, or el gift giver ha d&#8217;ordres shipped to themselves to dive to you later, we will send a refund to gift giver and they will find out about your return.<\/p><h2 class=\"wp-block-heading\">Shipping returns<\/h2><p>Return your product, should mail your product to: {physical address}.<\/p><p>Heu de respondre a les despeses de pagament per returning item. Shipping costs are no refundable. If you receive a refund, el cost de return shipping will be deducted from your refund.  <\/p><p>Depending on where you live, time it may take for your exchanged product to reach you may vary.<\/p><p>Per returning m\u00e9s extenses \u00edtems, vost\u00e8 mai considera using a trackable shipping service or purchasing shipping insurance. We don&#8217;t guarantee that we will receive your returned item. <\/p><h2 class=\"wp-block-heading\">Need help?<\/h2><p>Contact us at{email} for questions related to refunds and returns.<\/p>","protected":false},"excerpt":{"rendered":"<p>This is a sample page. Overview Our refund and returns policy lasts 30 days. If 30 days have passed since your purchase, we can&#8217;t offer you a full refund or exchange. Per escollir per return, el nostre producte s&#8217;ha d&#8217;unusar i en la condici\u00f3 de temps, que vost\u00e8 ha rebut. It must also be in [&hellip;]<\/p>\n","protected":false},"author":1,"featured_media":0,"parent":0,"menu_order":0,"comment_status":"closed","ping_status":"closed","template":"","meta":{"footnotes":""},"class_list":["post-13533","page","type-page","status-publish","hentry"],"_links":{"self":[{"href":"https:\/\/clubvinotico.com\/ca\/wp-json\/wp\/v2\/pages\/13533","targetHints":{"allow":["GET"]}}],"collection":[{"href":"https:\/\/clubvinotico.com\/ca\/wp-json\/wp\/v2\/pages"}],"about":[{"href":"https:\/\/clubvinotico.com\/ca\/wp-json\/wp\/v2\/types\/page"}],"author":[{"embeddable":true,"href":"https:\/\/clubvinotico.com\/ca\/wp-json\/wp\/v2\/users\/1"}],"replies":[{"embeddable":true,"href":"https:\/\/clubvinotico.com\/ca\/wp-json\/wp\/v2\/comments?post=13533"}],"version-history":[{"count":2,"href":"https:\/\/clubvinotico.com\/ca\/wp-json\/wp\/v2\/pages\/13533\/revisions"}],"predecessor-version":[{"id":13535,"href":"https:\/\/clubvinotico.com\/ca\/wp-json\/wp\/v2\/pages\/13533\/revisions\/13535"}],"wp:attachment":[{"href":"https:\/\/clubvinotico.com\/ca\/wp-json\/wp\/v2\/media?parent=13533"}],"curies":[{"name":"wp","href":"https:\/\/api.w.org\/{rel}","templated":true}]}}