{"id":13529,"date":"2025-06-01T12:09:40","date_gmt":"2025-06-01T10:09:40","guid":{"rendered":"https:\/\/clubvinotico.com\/politica-de-privadesa\/"},"modified":"2025-10-02T12:28:29","modified_gmt":"2025-10-02T10:28:29","slug":"politica-de-privadesa","status":"publish","type":"page","link":"https:\/\/clubvinotico.com\/ca\/politica-de-privadesa\/","title":{"rendered":"Pol\u00edtica de privadesa"},"content":{"rendered":"<h2 class=\"wp-block-heading\"><strong>1. RESPONSABLE DEL TRACTAMENT:<\/strong><\/h2><p>Titular: VIN\u00d3TICO (d&#8217;ara endavant, \u201cVIN\u00d3TICO\u201d)<br\/>Domicili: Carretera dels Vilars, n\u00famero 114, baix esquerra, Escaldes Engordany, AD700 (Principat d&#8217;Andorra)<br\/>NRT: 192052R<br\/>Tel\u00e8fon: +376 630 290<br\/>Correu electr\u00f2nic: <a href=\"mailto:contacto@pidevinotico.com\">contacto@pidevinotico.com<\/a><br\/>Delegat de Protecci\u00f3 de Dades: <a href=\"mailto:contacto@pidevinotico.com\">contacto@pidevinotico.com<\/a><\/p><h2 class=\"wp-block-heading\"><strong>2. FINALITATS DEL TRACTAMENT DE LES DADES PERSONALS, BASES LEGITIMADORES I CATEGORIES DE DADES PERSONALS TRACTADES<\/strong><\/h2><p><strong>2.1. Finalitats dels tractaments:<\/strong><br\/>VIN\u00d3TICO tractar\u00e0 les seves dades personals, de forma manual i\/o automatitzada, per a les finalitats espec\u00edfiques seg\u00fcents:<\/p><p><strong><em>a. Contacte i servei d&#8217;atenci\u00f3 al client:<\/em><\/strong> Mitjan\u00e7ant el formulari i el correu de contacte indicats tant al Web de VIN\u00d3TICO com a aquesta Pol\u00edtica de Privadesa, i al servei d&#8217;atenci\u00f3 al client oa les xarxes socials, VIN\u00d3TICO recollir\u00e0 i tractar\u00e0 les seves dades personals, si escau, per tal de gestionar correctament les seves sol\u00b7licituds d&#8217;informaci\u00f3 o drets, i les seves consultes o reclamacions;<\/p><p><strong><em>Dades personals sol\u00b7licitades:<\/em><\/strong> Nom i Cognoms, N\u00famero de tel\u00e8fon, E-mail<\/p><p><em> <\/em><strong><em>b. An\u00e0lisi d&#8217;\u00fas, funcionament i millora de la web: <\/em><\/strong> Mitjan\u00e7ant <em>cookies<\/em> i altres tecnologies de rastreig que VIN\u00d3TICO posa al dispositiu, sempre tenint en compte les indicacions del seu consentiment, VIN\u00d3TICO recollir\u00e0 i tractar\u00e0 les seves dades personals per millorar la seva experi\u00e8ncia i els nostres serveis analitzant la seva navegaci\u00f3 i com interactua amb nosaltres a la Web i tamb\u00e9, per poder mostrar publicitat en funci\u00f3 dels seus h\u00e0bits de navegaci\u00f3. Per a m\u00e9s informaci\u00f3, si us plau consulteu la nostra pol\u00edtica de \u201ccookies\u201d. <\/p><p><strong><em>Dades personals sol\u00b7licitades:<\/em><\/strong> <em>adre\u00e7a d&#8217;IP, processos iniciats i abandonats, tipus de dispositiu amb qu\u00e8 accedeix a la web, temps de perman\u00e8ncia a la web, p\u00e0gina web visitada anteriorment, navegador, localitat i pa\u00eds, sistema operatiu, entre d&#8217;altres.<\/em><\/p><p><strong><em>c. Enviament de comunicacions publicit\u00e0ries per vies electr\u00f2niques:   <\/em><\/strong>VIN\u00d2TIC recollir\u00e0 i tractar\u00e0 les vostres dades personals per enviar informaci\u00f3 a trav\u00e9s de correu electr\u00f2nic i\/o SMS amb fins publicitaris i promocionals sobre els seus productes, novetats, promocions, sorteigs.<\/p><p><strong><em>Dades personals sol\u00b7licitades:<\/em><\/strong> nom, cognom, correu electr\u00f2nic i n\u00famero de tel\u00e8fon.<\/p><p><em> <\/em><strong><em>d. Formalitzar l&#8217;adquisici\u00f3 i la provisi\u00f3 dels productes: <\/em><\/strong>  Mitjan\u00e7ant el formulari de compra, VIN\u00d3TICO tractar\u00e0 les seves dades personals per tramitar correctament: l&#8217;adquisici\u00f3 de productes, la gesti\u00f3 del proc\u00e9s de pagament, aix\u00ed com el sorgiment de qualsevol incid\u00e8ncia relativa a la seva provisi\u00f3.<\/p><p><strong><em>Dades personals sol\u00b7licitades:<\/em><\/strong> <em>nom, cognom, n\u00famero de tel\u00e8fon, correu electr\u00f2nic, adre\u00e7a domicili\u00e0ria, tramitaci\u00f3 de reclamacions i\/o devolucions, historial de compra i mitjans de pagament.<\/em><\/p><p><em><strong>e.<\/strong><\/em> <strong><em>Exercici dels drets:<\/em><\/strong> VIN\u00d3TICO tractar\u00e0 les vostres dades de contacte per autentificar, en la mesura del possible, la validesa de les sol\u00b7licituds d&#8217;exercici de drets (vegeu l&#8217;apartat 4 d&#8217;aquesta pol\u00edtica de privadesa) i per comunicar-vos qualsevol violaci\u00f3 de seguretat que pugui comportar un alt risc per als vostres drets i llibertats.<\/p><p><strong><em>Dades personals sol\u00b7licitades:<\/em><\/strong> <em>nom, cognom, correu electr\u00f2nic i n\u00famero de tel\u00e8fon.<\/em><em><\/em><strong><\/strong><\/p><p><strong>2.2. Bases legitimadores del tractament:<\/strong><br\/>Les seves dades personals podran ser objecte de tractament de conformitat amb una o diverses de les bases jur\u00eddiques seg\u00fcents:<\/p><p><strong>a.<\/strong> El <strong>consentiment inequ\u00edvoc<\/strong> que vost\u00e8 manifesta en contactar amb nosaltres mitjan\u00e7ant els formularis i correus electr\u00f2nics que aquesta Web posa a la vostra disposici\u00f3, unit al nostre leg\u00edtim inter\u00e8s per atendre la vostra sol\u00b7licitud, consulta o reclamaci\u00f3;<\/p><p><strong>b.<\/strong> El <strong>consentiment expr\u00e9s<\/strong> que vost\u00e8 ens d\u00f3na per permetre&#8217;ns descarregar al dispositiu amb qu\u00e8 vost\u00e8 accedeix a aquest web les cookies (galetes i altres tecnologies de rastreig) que no s\u00f3n necess\u00e0ries per al correcte funcionament del lloc web;<\/p><p><strong>c.<\/strong> Per <strong>executar el contracte<\/strong> a partir del moment en qu\u00e8 vost\u00e8 accepta expressament els Termes i Condicions Generals de Contractaci\u00f3, es converteix en part del contracte de compra dels productes que subscriu amb VIN\u00d3TICO. Per donar compliment a les disposicions de les Condicions Generals de Contractaci\u00f3, cal recopilar les vostres dades personals. Davant la negativa de proporcionar les dades necess\u00e0ries, ser\u00e0 impossible fer efectivament la compra del producte sol\u00b7licitat; i,  <\/p><p><strong>d.<\/strong> El <strong>compliment d&#8217;obligacions legals<\/strong> que hagi de complir VIN\u00d3TICO com a responsable del tractament de les vostres dades personals.<\/p><p><strong>2.3. Termini de conservaci\u00f3 de dades:<\/strong><br\/>En general, les vostres dades personals es conservaran durant el termini necessari per a la consecuci\u00f3 de les finalitats establertes en aquesta pol\u00edtica de privadesa. Posteriorment, les seves dades personals seran conservades durant tot el temps que triguin a prescriure les responsabilitats legals derivades del tractament de qu\u00e8 es tracti, de conformitat amb la legislaci\u00f3 aplicable. Quan aquest termini prescrigui, es procedir\u00e0 a l&#8217;eliminaci\u00f3 de totes les dades personals dels usuaris i\/o clients.  <\/p><p><strong>2.4. Disposicions relatives al tractament de dades personals de menors i\/o tercers:<\/strong><\/p><p><strong>a.<\/strong>  No es poden facilitar dades personals que no siguin de titularitat de la persona que les facilita. No obstant aix\u00f2, en cas que fos justificable que aix\u00f2 passi, la persona que faciliti les dades personals assumeix la responsabilitat d&#8217;informar pr\u00e8viament el titular d&#8217;aquests de tot all\u00f2 previst en aquesta pol\u00edtica de privadesa. <\/p><p><strong>b.<\/strong> En els sup\u00f2sits de tractament de dades personals d&#8217;un menor d&#8217;edat, aquest garanteix a VIN\u00d3TICO que compta amb l&#8217;autoritzaci\u00f3 dels titulars de la seva p\u00e0tria potestat o tutela perqu\u00e8 VIN\u00d3TICO tracti les dades personals esmentades de conformitat amb el que estableix aquesta pol\u00edtica de privadesa. De la mateixa manera, en els sup\u00f2sits de tractament de dades personals d&#8217;una persona que tingui els seus drets limitats, aquesta garanteix a VIN\u00d3TICO que compta amb l&#8217;autoritzaci\u00f3 dels titulars de la seva tutela o curatela perqu\u00e8 VIN\u00d3TICO tracti les dades personals esmentades de conformitat amb el que estableix aquesta pol\u00edtica de privadesa. <\/p><h2 class=\"wp-block-heading\"><strong>3. CATEGORIES DE DESTINATARIS, INCLOSOS ELS PRESTADORS DE SERVEIS, I TRANSFER\u00c8NCIES A TERCERS PA\u00cfSOS O ORGANITZACIONS INTERNACIONALS (TRANSFER\u00c8NCIES INTERNACIONALS):<\/strong><\/h2><p><strong>3.1.  <\/strong>En cas que, per aconseguir les finalitats anteriorment esmentades, sigui necessari, les vostres dades personals podran comunicar-se a les seg\u00fcents categories de destinataris:<\/p><p><strong>a.<\/strong> Prove\u00efdors de serveis de VIN\u00d3TICO que hagin de processar les seves dades personals en relaci\u00f3 amb la finalitat de qu\u00e8 es tracti, cosa que realitzaran segons les instruccions de VIN\u00d3TICO i de conformitat amb aquesta pol\u00edtica de privadesa i qualsevol mesura de seguretat i confidencialitat apropiada que estableixi aquesta entitat;<\/p><p><strong>b.<\/strong> Tercers que no tinguin relaci\u00f3 amb VIN\u00d3TICO, si aquesta identifica, de bona fe, la necessitat de dur a terme la comunicaci\u00f3 de qu\u00e8 es tracti per: (1) complir qualsevol llei, una altra normativa o procediment legal; (2) i\/o detectar, prevenir o abordar altrament el frau, la seguretat o els problemes t\u00e8cnics; (3) fer complir els termes i condicions del producte adquirit, inclosa la investigaci\u00f3 de possibles violacions.<\/p><p><strong>c.<\/strong>  Administracions p\u00fabliques competents, en els casos que preveu la Llei i per a les finalitats que s&#8217;hi defineixen.<\/p><p><strong>3.2.  <\/strong>VIN\u00d3TICO no realitza transfer\u00e8ncies internacionals de dades personals de conformitat amb el que estableix la Llei 29\/2021, de 28 d&#8217;octubre, qualificada de protecci\u00f3 de dades personals.<\/p><h2 class=\"wp-block-heading\"><strong>4. DRETS EN RELACI\u00d3 AMB LES SEVES DADES PERSONALS:<\/strong><\/h2><p>En compliment del que estableix la Llei 29\/2021, de 28 d&#8217;octubre, qualificada de protecci\u00f3 de dades personals, i en el Reglament (UE) 679\/2016 del Parlament Europeu i del Consell, de 27 d&#8217;abril de 2016, relatiu a la protecci\u00f3 de les persones f\u00edsiques respecte al tractament de dades personals ia la lliure circula. d&#8217;acc\u00e9s, rectificaci\u00f3, supressi\u00f3, limitaci\u00f3 del tractament, portabilitat i oposici\u00f3 d&#8217;aquestes dades personals, reconegudes en la referida normativa, vost\u00e8 haur\u00e0 d&#8217;enviar una comunicaci\u00f3 escrita a l&#8217;adre\u00e7a de correu electr\u00f2nic  <a href=\"mailto:contacto@pidevinotico.com\">contacto@pidevinotico.com<\/a>.<\/p><p>Aix\u00ed mateix, podeu obtenir informaci\u00f3 addicional sobre els vostres drets dirigint-vos a una autoritat de control en mat\u00e8ria de protecci\u00f3 de dades, \u00e9s a dir principalment l&#8217;Ag\u00e8ncia Andorrana de Protecci\u00f3 de Dades i\/o l&#8217;autoritat de control del vostre pa\u00eds de resid\u00e8ncia.<\/p><h2 class=\"wp-block-heading\"><strong>5. SEGURETAT:<\/strong><\/h2><p>VIN\u00d3TICO t\u00e9 el ferm comprom\u00eds amb la protecci\u00f3 de les dades personals i la privadesa dels usuaris d&#8217;aquest Lloc Web, per la qual cosa per protegir les diferents tipologies de dades personals reflectides en aquesta pol\u00edtica de privadesa dur\u00e0 a terme les mesures de seguretat t\u00e8cniques necess\u00e0ries per evitar la seva p\u00e8rdua, manipulaci\u00f3, difusi\u00f3 o alteraci\u00f3.<\/p><h2 class=\"wp-block-heading\"><strong>6. CANVIS A LA POL\u00cdTICA DE PRIVACITAT:<\/strong><\/h2><p>Aquesta pol\u00edtica de privadesa est\u00e0 subjecta a modificacions peri\u00f2diques de conformitat amb la legislaci\u00f3 aplicable en cada moment. Per aix\u00f2, us recomanem que consulteu aquesta pol\u00edtica de privadesa de forma freq\u00fcent. <\/p><p><strong><em>Darrera actualitzaci\u00f3: 03 de juny del 2025<\/em><\/strong><\/p>","protected":false},"excerpt":{"rendered":"<p>1. RESPONSABLE DEL TRACTAMENT: Titular: VIN\u00d3TICO (d&#8217;ara endavant, \u201cVIN\u00d3TICO\u201d)Domicili: Carretera dels Vilars, n\u00famero 114, baix esquerra, Escaldes Engordany, AD700 (Principat d&#8217;Andorra)NRT: 192052RTel\u00e8fon: +376 630 290Correu electr\u00f2nic: contacto@pidevinotico.comDelegat de Protecci\u00f3 de Dades: contacto@pidevinotico.com 2. FINALITATS DEL TRACTAMENT DE LES DADES PERSONALS, BASES LEGITIMADORES I CATEGORIES DE DADES PERSONALS TRACTADES 2.1. Finalitats dels tractaments:VIN\u00d3TICO tractar\u00e0 les seves [&hellip;]<\/p>\n","protected":false},"author":1,"featured_media":0,"parent":0,"menu_order":0,"comment_status":"closed","ping_status":"closed","template":"","meta":{"footnotes":""},"class_list":["post-13529","page","type-page","status-publish","hentry"],"_links":{"self":[{"href":"https:\/\/clubvinotico.com\/ca\/wp-json\/wp\/v2\/pages\/13529","targetHints":{"allow":["GET"]}}],"collection":[{"href":"https:\/\/clubvinotico.com\/ca\/wp-json\/wp\/v2\/pages"}],"about":[{"href":"https:\/\/clubvinotico.com\/ca\/wp-json\/wp\/v2\/types\/page"}],"author":[{"embeddable":true,"href":"https:\/\/clubvinotico.com\/ca\/wp-json\/wp\/v2\/users\/1"}],"replies":[{"embeddable":true,"href":"https:\/\/clubvinotico.com\/ca\/wp-json\/wp\/v2\/comments?post=13529"}],"version-history":[{"count":6,"href":"https:\/\/clubvinotico.com\/ca\/wp-json\/wp\/v2\/pages\/13529\/revisions"}],"predecessor-version":[{"id":13555,"href":"https:\/\/clubvinotico.com\/ca\/wp-json\/wp\/v2\/pages\/13529\/revisions\/13555"}],"wp:attachment":[{"href":"https:\/\/clubvinotico.com\/ca\/wp-json\/wp\/v2\/media?parent=13529"}],"curies":[{"name":"wp","href":"https:\/\/api.w.org\/{rel}","templated":true}]}}