{"id":13508,"date":"2025-06-01T07:28:49","date_gmt":"2025-06-01T05:28:49","guid":{"rendered":"https:\/\/clubvinotico.com\/faqs\/"},"modified":"2025-10-02T12:28:26","modified_gmt":"2025-10-02T10:28:26","slug":"faqs","status":"publish","type":"page","link":"https:\/\/clubvinotico.com\/ca\/faqs\/","title":{"rendered":"FAQs"},"content":{"rendered":"\t\t<div data-elementor-type=\"wp-page\" data-elementor-id=\"13508\" class=\"elementor elementor-13508 elementor-609\" data-elementor-post-type=\"page\">\n\t\t\t\t\t\t<section class=\"elementor-section elementor-top-section elementor-element elementor-element-c22eabf elementor-section-boxed elementor-section-height-default elementor-section-height-default\" data-id=\"c22eabf\" data-element_type=\"section\">\n\t\t\t\t\t\t<div class=\"elementor-container elementor-column-gap-extended\">\n\t\t\t\t\t<div class=\"elementor-column elementor-col-16 elementor-top-column elementor-element elementor-element-eb69a9e elementor-hidden-tablet elementor-hidden-phone\" data-id=\"eb69a9e\" data-element_type=\"column\">\n\t\t\t<div class=\"elementor-widget-wrap\">\n\t\t\t\t\t\t\t<\/div>\n\t\t<\/div>\n\t\t\t\t<div class=\"elementor-column elementor-col-66 elementor-top-column elementor-element elementor-element-4c5906c\" data-id=\"4c5906c\" data-element_type=\"column\">\n\t\t\t<div class=\"elementor-widget-wrap elementor-element-populated\">\n\t\t\t\t\t\t<div class=\"elementor-element elementor-element-401bed2 elementor-widget elementor-widget-razzi-faq\" data-id=\"401bed2\" data-element_type=\"widget\" data-settings=\"{&quot;status&quot;:&quot;yes&quot;}\" data-widget_type=\"razzi-faq.default\">\n\t\t\t\t<div class=\"elementor-widget-container\">\n\t\t\t\t\t<div class=\"razzi-faq\"><div class=\"box-content active\"><h2 class=\"faq-title\">Com puc subscriure'm al vostre servei de vins?<span class=\"razzi-svg-icon razzi-svg-default\"><svg aria-hidden=\"true\" role=\"img\" focusable=\"false\" xmlns=\"http:\/\/www.w3.org\/2000\/svg\" width=\"24\" height=\"24\" viewBox=\"0 0 24 24\" fill=\"none\" stroke=\"currentColor\" stroke-width=\"2\" stroke-linecap=\"round\" stroke-linejoin=\"round\"><polyline points=\"6 9 12 15 18 9\"><\/polyline><\/svg><\/span><\/h2> <div class=\"faq-desc\"><p>Per subscriure't, simplement tria el pla de subscripci\u00f3 que m\u00e9s et convingui i completa el proc\u00e9s de registre a la nostra web. Podeu triar entre diferents opcions de freq\u00fc\u00e8ncia i tipus de vi. <\/p><\/div><\/div><div class=\"box-content \"><h2 class=\"faq-title\">Quins beneficis obtinc sent subscriptor?<span class=\"razzi-svg-icon razzi-svg-default\"><svg aria-hidden=\"true\" role=\"img\" focusable=\"false\" xmlns=\"http:\/\/www.w3.org\/2000\/svg\" width=\"24\" height=\"24\" viewBox=\"0 0 24 24\" fill=\"none\" stroke=\"currentColor\" stroke-width=\"2\" stroke-linecap=\"round\" stroke-linejoin=\"round\"><polyline points=\"6 9 12 15 18 9\"><\/polyline><\/svg><\/span><\/h2> <div class=\"faq-desc\"><p>Els subscriptors tenen beneficis com a descomptes a la botiga, acc\u00e9s a experi\u00e8ncies amb alguns cellers, sorteigs, accessoris mensuals, notes de tast detallades i un servei prioritari datenci\u00f3 al soci.<\/p><\/div><\/div><div class=\"box-content \"><h2 class=\"faq-title\">Quins tipus de vins inclouen les vostres subscripcions?<span class=\"razzi-svg-icon razzi-svg-default\"><svg aria-hidden=\"true\" role=\"img\" focusable=\"false\" xmlns=\"http:\/\/www.w3.org\/2000\/svg\" width=\"24\" height=\"24\" viewBox=\"0 0 24 24\" fill=\"none\" stroke=\"currentColor\" stroke-width=\"2\" stroke-linecap=\"round\" stroke-linejoin=\"round\"><polyline points=\"6 9 12 15 18 9\"><\/polyline><\/svg><\/span><\/h2> <div class=\"faq-desc\"><p>Oferim una varietat de vins, incloent negres, blancs, rosats i escumosos. Cada mes, els nostres experts seleccionen vins excepcionals de diferents regions d'Espanya i properament del m\u00f3n. <\/p><\/div><\/div><div class=\"box-content \"><h2 class=\"faq-title\">Puc triar els vins que rebr\u00e9 a la meva subscripci\u00f3?<span class=\"razzi-svg-icon razzi-svg-default\"><svg aria-hidden=\"true\" role=\"img\" focusable=\"false\" xmlns=\"http:\/\/www.w3.org\/2000\/svg\" width=\"24\" height=\"24\" viewBox=\"0 0 24 24\" fill=\"none\" stroke=\"currentColor\" stroke-width=\"2\" stroke-linecap=\"round\" stroke-linejoin=\"round\"><polyline points=\"6 9 12 15 18 9\"><\/polyline><\/svg><\/span><\/h2> <div class=\"faq-desc\"><p>Les nostres subscripcions estan dissenyades per sorprendre't amb una selecci\u00f3 curada cada mes. Tot i aix\u00f2, pots escollir entre els diferents plans per rebre el tipus de vi que vulguis. <\/p><\/div><\/div><div class=\"box-content \"><h2 class=\"faq-title\">Com funciona l'enviament dels vins?<span class=\"razzi-svg-icon razzi-svg-default\"><svg aria-hidden=\"true\" role=\"img\" focusable=\"false\" xmlns=\"http:\/\/www.w3.org\/2000\/svg\" width=\"24\" height=\"24\" viewBox=\"0 0 24 24\" fill=\"none\" stroke=\"currentColor\" stroke-width=\"2\" stroke-linecap=\"round\" stroke-linejoin=\"round\"><polyline points=\"6 9 12 15 18 9\"><\/polyline><\/svg><\/span><\/h2> <div class=\"faq-desc\"><p>Realitzem enviaments a tot el pa\u00eds. Els vins s'envien de forma segura i arribaran al teu domicili a la data indicada al pla de subscripci\u00f3. <\/p><\/div><\/div><div class=\"box-content \"><h2 class=\"faq-title\">Qu\u00e8 passa si un vi arriba malm\u00e8s?<span class=\"razzi-svg-icon razzi-svg-default\"><svg aria-hidden=\"true\" role=\"img\" focusable=\"false\" xmlns=\"http:\/\/www.w3.org\/2000\/svg\" width=\"24\" height=\"24\" viewBox=\"0 0 24 24\" fill=\"none\" stroke=\"currentColor\" stroke-width=\"2\" stroke-linecap=\"round\" stroke-linejoin=\"round\"><polyline points=\"6 9 12 15 18 9\"><\/polyline><\/svg><\/span><\/h2> <div class=\"faq-desc\"><p>Si un vi arriba malm\u00e8s, contacta'ns immediatament. Ens comprometem a reempla\u00e7ar qualsevol ampolla que no arribi en perfectes condicions. <\/p><\/div><\/div><div class=\"box-content \"><h2 class=\"faq-title\">Puc cancel\u00b7lar la meva subscripci\u00f3 en qualsevol moment?<span class=\"razzi-svg-icon razzi-svg-default\"><svg aria-hidden=\"true\" role=\"img\" focusable=\"false\" xmlns=\"http:\/\/www.w3.org\/2000\/svg\" width=\"24\" height=\"24\" viewBox=\"0 0 24 24\" fill=\"none\" stroke=\"currentColor\" stroke-width=\"2\" stroke-linecap=\"round\" stroke-linejoin=\"round\"><polyline points=\"6 9 12 15 18 9\"><\/polyline><\/svg><\/span><\/h2> <div class=\"faq-desc\"><p>S\u00ed, podeu cancel\u00b7lar la vostra subscripci\u00f3 en qualsevol moment sense penalitzacions. Nom\u00e9s necessites accedir al teu compte i seguir les instruccions per cancel\u00b7lar. <\/p><\/div><\/div><div class=\"box-content \"><h2 class=\"faq-title\">Com puc saber m\u00e9s sobre els vins que rebo?<span class=\"razzi-svg-icon razzi-svg-default\"><svg aria-hidden=\"true\" role=\"img\" focusable=\"false\" xmlns=\"http:\/\/www.w3.org\/2000\/svg\" width=\"24\" height=\"24\" viewBox=\"0 0 24 24\" fill=\"none\" stroke=\"currentColor\" stroke-width=\"2\" stroke-linecap=\"round\" stroke-linejoin=\"round\"><polyline points=\"6 9 12 15 18 9\"><\/polyline><\/svg><\/span><\/h2> <div class=\"faq-desc\"><p>Amb cada entrega, incloem informaci\u00f3 detallada sobre els vins, incloent-hi l'origen, les notes de tast i els suggeriments de maridatge.<\/p><\/div><\/div><div class=\"box-content \"><h2 class=\"faq-title\">Ofereixen subscripcions o plans per a empreses?<span class=\"razzi-svg-icon razzi-svg-default\"><svg aria-hidden=\"true\" role=\"img\" focusable=\"false\" xmlns=\"http:\/\/www.w3.org\/2000\/svg\" width=\"24\" height=\"24\" viewBox=\"0 0 24 24\" fill=\"none\" stroke=\"currentColor\" stroke-width=\"2\" stroke-linecap=\"round\" stroke-linejoin=\"round\"><polyline points=\"6 9 12 15 18 9\"><\/polyline><\/svg><\/span><\/h2> <div class=\"faq-desc\"><p>Estem treballant en plans espec\u00edfics per a empreses.<\/p><\/div><\/div><div class=\"box-content \"><h2 class=\"faq-title\">Tenen botiga f\u00edsica o nom\u00e9s venen en l\u00ednia?<span class=\"razzi-svg-icon razzi-svg-default\"><svg aria-hidden=\"true\" role=\"img\" focusable=\"false\" xmlns=\"http:\/\/www.w3.org\/2000\/svg\" width=\"24\" height=\"24\" viewBox=\"0 0 24 24\" fill=\"none\" stroke=\"currentColor\" stroke-width=\"2\" stroke-linecap=\"round\" stroke-linejoin=\"round\"><polyline points=\"6 9 12 15 18 9\"><\/polyline><\/svg><\/span><\/h2> <div class=\"faq-desc\"><p>El nostre enfocament principal \u00e9s la venda en l\u00ednia, estem treballant en oferir punts de recollida i venda f\u00edsics.<\/p><\/div><\/div><div class=\"box-content \"><h2 class=\"faq-title\">Qu\u00e8 rebr\u00e9 a cada caixa?<span class=\"razzi-svg-icon razzi-svg-default\"><svg aria-hidden=\"true\" role=\"img\" focusable=\"false\" xmlns=\"http:\/\/www.w3.org\/2000\/svg\" width=\"24\" height=\"24\" viewBox=\"0 0 24 24\" fill=\"none\" stroke=\"currentColor\" stroke-width=\"2\" stroke-linecap=\"round\" stroke-linejoin=\"round\"><polyline points=\"6 9 12 15 18 9\"><\/polyline><\/svg><\/span><\/h2> <div class=\"faq-desc\"><div id=\"main-content\"><article id=\"post-999\" class=\"post-999 page type-page status-publish hentry\"><div class=\"entry-content\"><div class=\"et-l et-l--post\"><div class=\"et_builder_inner_content et_pb_gutters3\"><div class=\"et_pb_section et_pb_section_0 et_section_regular\"><div class=\"et_pb_row et_pb_row_0\"><div class=\"et_pb_column et_pb_column_4_4 et_pb_column_0 et_pb_css_mix_blend_mode_passthrough et-last-child\"><div id=\"faqs_section\" class=\"et_pb_module et_pb_text et_pb_text_1 et_pb_text_align_left et_pb_bg_layout_light\"><div class=\"et_pb_text_inner\"><p>En cas de ser subscriptor, rebr\u00e0s els tres vins, una nota de tast detallada i opcions de maridatge, un accessori relacionat amb el vi i alguna sorpresa m\u00e9s.<\/p><\/div><\/div><\/div><\/div><\/div><\/div><\/div><\/div><\/article><\/div><footer class=\"et-l et-l--footer\"><div class=\"et_builder_inner_content et_pb_gutters3\"><div id=\"footer-first-row\" class=\"et_pb_section et_pb_section_0_tb_footer et_pb_with_background et_section_regular et_pb_section--with-menu\"><div class=\"et_pb_row et_pb_row_0_tb_footer et_pb_equal_columns et_pb_row--with-menu et_pb_row_1-4_1-2_1-4\"><div class=\"et_pb_column et_pb_column_1_4 et_pb_column_0_tb_footer et_pb_css_mix_blend_mode_passthrough\"> <\/div><\/div><\/div><\/div><\/footer><\/div><\/div><\/div>\t\t\t\t<\/div>\n\t\t\t\t<\/div>\n\t\t\t\t\t<\/div>\n\t\t<\/div>\n\t\t\t\t<div class=\"elementor-column elementor-col-16 elementor-top-column elementor-element elementor-element-a422420 elementor-hidden-tablet elementor-hidden-phone\" data-id=\"a422420\" data-element_type=\"column\">\n\t\t\t<div class=\"elementor-widget-wrap\">\n\t\t\t\t\t\t\t<\/div>\n\t\t<\/div>\n\t\t\t\t\t<\/div>\n\t\t<\/section>\n\t\t\t\t<\/div>\n\t\t","protected":false},"excerpt":{"rendered":"<p>Com puc subscriure&#8217;m al vostre servei de vins? Per subscriure&#8217;t, simplement tria el pla de subscripci\u00f3 que m\u00e9s et convingui i completa el proc\u00e9s de registre a la nostra web. Podeu triar entre diferents opcions de freq\u00fc\u00e8ncia i tipus de vi. Quins beneficis obtinc sent subscriptor? Els subscriptors tenen beneficis com a descomptes a la [&hellip;]<\/p>\n","protected":false},"author":1,"featured_media":0,"parent":0,"menu_order":0,"comment_status":"closed","ping_status":"closed","template":"","meta":{"footnotes":""},"class_list":["post-13508","page","type-page","status-publish","hentry"],"_links":{"self":[{"href":"https:\/\/clubvinotico.com\/ca\/wp-json\/wp\/v2\/pages\/13508","targetHints":{"allow":["GET"]}}],"collection":[{"href":"https:\/\/clubvinotico.com\/ca\/wp-json\/wp\/v2\/pages"}],"about":[{"href":"https:\/\/clubvinotico.com\/ca\/wp-json\/wp\/v2\/types\/page"}],"author":[{"embeddable":true,"href":"https:\/\/clubvinotico.com\/ca\/wp-json\/wp\/v2\/users\/1"}],"replies":[{"embeddable":true,"href":"https:\/\/clubvinotico.com\/ca\/wp-json\/wp\/v2\/comments?post=13508"}],"version-history":[{"count":2,"href":"https:\/\/clubvinotico.com\/ca\/wp-json\/wp\/v2\/pages\/13508\/revisions"}],"predecessor-version":[{"id":13511,"href":"https:\/\/clubvinotico.com\/ca\/wp-json\/wp\/v2\/pages\/13508\/revisions\/13511"}],"wp:attachment":[{"href":"https:\/\/clubvinotico.com\/ca\/wp-json\/wp\/v2\/media?parent=13508"}],"curies":[{"name":"wp","href":"https:\/\/api.w.org\/{rel}","templated":true}]}}