{"id":13436,"date":"2025-08-05T12:39:32","date_gmt":"2025-08-05T10:39:32","guid":{"rendered":"https:\/\/clubvinotico.com\/blog\/"},"modified":"2025-10-02T12:28:25","modified_gmt":"2025-10-02T10:28:25","slug":"blog","status":"publish","type":"page","link":"https:\/\/clubvinotico.com\/ca\/blog\/","title":{"rendered":"Blog"},"content":{"rendered":"\t\t<div data-elementor-type=\"wp-page\" data-elementor-id=\"13436\" class=\"elementor elementor-13436 elementor-13190\" data-elementor-post-type=\"page\">\n\t\t\t\t<div class=\"elementor-element elementor-element-61683b4d e-con-full elementor-hidden-mobile e-flex e-con e-parent\" data-id=\"61683b4d\" data-element_type=\"container\" data-settings=\"{&quot;background_background&quot;:&quot;classic&quot;}\">\n\t\t\t\t<div class=\"elementor-element elementor-element-9624142 elementor-widget elementor-widget-heading\" data-id=\"9624142\" data-element_type=\"widget\" data-widget_type=\"heading.default\">\n\t\t\t\t<div class=\"elementor-widget-container\">\n\t\t\t\t\t<h1 class=\"elementor-heading-title elementor-size-default\">BLOG<\/h1>\t\t\t\t<\/div>\n\t\t\t\t<\/div>\n\t\t\t\t<div class=\"elementor-element elementor-element-7231d10 elementor-widget elementor-widget-image\" data-id=\"7231d10\" data-element_type=\"widget\" data-widget_type=\"image.default\">\n\t\t\t\t<div class=\"elementor-widget-container\">\n\t\t\t\t\t\t\t\t\t\t\t\t\t\t\t<img fetchpriority=\"high\" decoding=\"async\" width=\"449\" height=\"638\" src=\"https:\/\/clubvinotico.com\/wp-content\/uploads\/2025\/06\/icon_bodega.png\" class=\"attachment-full size-full wp-image-13892\" alt=\"\" srcset=\"https:\/\/clubvinotico.com\/wp-content\/uploads\/2025\/06\/icon_bodega.png 449w, https:\/\/clubvinotico.com\/wp-content\/uploads\/2025\/06\/icon_bodega-211x300.png 211w\" sizes=\"(max-width: 449px) 100vw, 449px\" \/>\t\t\t\t\t\t\t\t\t\t\t\t\t\t\t<\/div>\n\t\t\t\t<\/div>\n\t\t\t\t<\/div>\n\t\t<div class=\"elementor-element elementor-element-55b91f6 e-con-full elementor-hidden-desktop elementor-hidden-tablet e-flex e-con e-parent\" data-id=\"55b91f6\" data-element_type=\"container\" data-settings=\"{&quot;background_background&quot;:&quot;classic&quot;}\">\n\t\t\t\t<div class=\"elementor-element elementor-element-2649739 elementor-widget elementor-widget-heading\" data-id=\"2649739\" data-element_type=\"widget\" data-widget_type=\"heading.default\">\n\t\t\t\t<div class=\"elementor-widget-container\">\n\t\t\t\t\t<h1 class=\"elementor-heading-title elementor-size-default\">BLOG<\/h1>\t\t\t\t<\/div>\n\t\t\t\t<\/div>\n\t\t\t\t<div class=\"elementor-element elementor-element-e7d3852 elementor-widget elementor-widget-image\" data-id=\"e7d3852\" data-element_type=\"widget\" data-widget_type=\"image.default\">\n\t\t\t\t<div class=\"elementor-widget-container\">\n\t\t\t\t\t\t\t\t\t\t\t\t\t\t\t<img fetchpriority=\"high\" decoding=\"async\" width=\"449\" height=\"638\" src=\"https:\/\/clubvinotico.com\/wp-content\/uploads\/2025\/06\/icon_bodega.png\" class=\"attachment-full size-full wp-image-13892\" alt=\"\" srcset=\"https:\/\/clubvinotico.com\/wp-content\/uploads\/2025\/06\/icon_bodega.png 449w, https:\/\/clubvinotico.com\/wp-content\/uploads\/2025\/06\/icon_bodega-211x300.png 211w\" sizes=\"(max-width: 449px) 100vw, 449px\" \/>\t\t\t\t\t\t\t\t\t\t\t\t\t\t\t<\/div>\n\t\t\t\t<\/div>\n\t\t\t\t<\/div>\n\t\t<div class=\"elementor-element elementor-element-3859c41 e-flex e-con-boxed e-con e-parent\" data-id=\"3859c41\" data-element_type=\"container\">\n\t\t\t\t\t<div class=\"e-con-inner\">\n\t\t\t\t<div class=\"elementor-element elementor-element-c45fe7e elementor-pagination-type-bullets elementor-arrows-position-inside elementor-pagination-position-outside elementor-widget elementor-widget-loop-carousel\" data-id=\"c45fe7e\" data-element_type=\"widget\" data-settings=\"{&quot;template_id&quot;:13192,&quot;_skin&quot;:&quot;post&quot;,&quot;slides_to_show&quot;:&quot;3&quot;,&quot;slides_to_show_tablet&quot;:&quot;2&quot;,&quot;slides_to_show_mobile&quot;:&quot;1&quot;,&quot;slides_to_scroll&quot;:&quot;1&quot;,&quot;edit_handle_selector&quot;:&quot;.elementor-widget-container&quot;,&quot;autoplay&quot;:&quot;yes&quot;,&quot;autoplay_speed&quot;:5000,&quot;pause_on_hover&quot;:&quot;yes&quot;,&quot;pause_on_interaction&quot;:&quot;yes&quot;,&quot;infinite&quot;:&quot;yes&quot;,&quot;speed&quot;:500,&quot;offset_sides&quot;:&quot;none&quot;,&quot;arrows&quot;:&quot;yes&quot;,&quot;pagination&quot;:&quot;bullets&quot;,&quot;image_spacing_custom&quot;:{&quot;unit&quot;:&quot;px&quot;,&quot;size&quot;:10,&quot;sizes&quot;:[]},&quot;image_spacing_custom_tablet&quot;:{&quot;unit&quot;:&quot;px&quot;,&quot;size&quot;:&quot;&quot;,&quot;sizes&quot;:[]},&quot;image_spacing_custom_mobile&quot;:{&quot;unit&quot;:&quot;px&quot;,&quot;size&quot;:&quot;&quot;,&quot;sizes&quot;:[]}}\" data-widget_type=\"loop-carousel.post\">\n\t\t\t\t<div class=\"elementor-widget-container\">\n\t\t\t\t\t\t\t<div class=\"swiper elementor-loop-container elementor-grid\" dir=\"ltr\">\n\t\t\t\t<div class=\"swiper-wrapper\" aria-live=\"off\">\n\t\t<style id=\"loop-13192\">.elementor-13192 .elementor-element.elementor-element-3d58d51{--display:flex;--flex-direction:column;--container-widget-width:100%;--container-widget-height:initial;--container-widget-flex-grow:0;--container-widget-align-self:initial;--flex-wrap-mobile:wrap;}.elementor-widget-theme-post-featured-image .widget-image-caption{color:var( --e-global-color-text );font-family:var( --e-global-typography-text-font-family ), Sans-serif;font-weight:var( --e-global-typography-text-font-weight );}.elementor-widget-theme-post-title .elementor-heading-title{font-family:var( --e-global-typography-primary-font-family ), Sans-serif;font-weight:var( --e-global-typography-primary-font-weight );color:var( --e-global-color-primary );}.elementor-13192 .elementor-element.elementor-element-55b766a .elementor-heading-title{color:#000000;}<\/style>\t\t<div data-elementor-type=\"loop-item\" data-elementor-id=\"13192\" class=\"elementor elementor-13192 swiper-slide e-loop-item e-loop-item-13455 post-13455 post type-post status-publish format-standard has-post-thumbnail hentry category-blog\" data-elementor-post-type=\"elementor_library\" role=\"group\" aria-roledescription=\"slide\" data-custom-edit-handle=\"1\">\n\t\t\t<div class=\"elementor-element elementor-element-3d58d51 e-flex e-con-boxed e-con e-parent\" data-id=\"3d58d51\" data-element_type=\"container\">\n\t\t\t\t\t<div class=\"e-con-inner\">\n\t\t\t\t<div class=\"elementor-element elementor-element-e58052f elementor-widget elementor-widget-theme-post-featured-image elementor-widget-image\" data-id=\"e58052f\" data-element_type=\"widget\" data-widget_type=\"theme-post-featured-image.default\">\n\t\t\t\t<div class=\"elementor-widget-container\">\n\t\t\t\t\t\t\t\t\t\t\t\t\t\t\t\t<a href=\"https:\/\/clubvinotico.com\/ca\/el-celler-de-vinotic-menys-referencies-mes-vins-de-qualitat\/\">\n\t\t\t\t\t\t\t<img decoding=\"async\" width=\"600\" height=\"398\" src=\"https:\/\/clubvinotico.com\/wp-content\/uploads\/2025\/08\/dd73f0bce0cf5c884777310ec14a193b-600x398.jpg\" class=\"attachment-razzi-blog-grid size-razzi-blog-grid wp-image-13456\" alt=\"\" \/>\t\t\t\t\t\t\t\t<\/a>\n\t\t\t\t\t\t\t\t\t\t\t\t\t\t\t<\/div>\n\t\t\t\t<\/div>\n\t\t\t\t<div class=\"elementor-element elementor-element-55b766a elementor-widget elementor-widget-theme-post-title elementor-page-title elementor-widget-heading\" data-id=\"55b766a\" data-element_type=\"widget\" data-widget_type=\"theme-post-title.default\">\n\t\t\t\t<div class=\"elementor-widget-container\">\n\t\t\t\t\t<h5 class=\"elementor-heading-title elementor-size-default\"><a href=\"https:\/\/clubvinotico.com\/ca\/el-celler-de-vinotic-menys-referencies-mes-vins-de-qualitat\/\">El Celler de Vin\u00f3tico: menys refer\u00e8ncies, m\u00e9s vins de qualitat<\/a><\/h5>\t\t\t\t<\/div>\n\t\t\t\t<\/div>\n\t\t\t\t\t<\/div>\n\t\t\t\t<\/div>\n\t\t\t\t<\/div>\n\t\t\t\t<div data-elementor-type=\"loop-item\" data-elementor-id=\"13192\" class=\"elementor elementor-13192 swiper-slide e-loop-item e-loop-item-13451 post-13451 post type-post status-publish format-standard has-post-thumbnail hentry category-blog\" data-elementor-post-type=\"elementor_library\" role=\"group\" aria-roledescription=\"slide\" data-custom-edit-handle=\"1\">\n\t\t\t<div class=\"elementor-element elementor-element-3d58d51 e-flex e-con-boxed e-con e-parent\" data-id=\"3d58d51\" data-element_type=\"container\">\n\t\t\t\t\t<div class=\"e-con-inner\">\n\t\t\t\t<div class=\"elementor-element elementor-element-e58052f elementor-widget elementor-widget-theme-post-featured-image elementor-widget-image\" data-id=\"e58052f\" data-element_type=\"widget\" data-widget_type=\"theme-post-featured-image.default\">\n\t\t\t\t<div class=\"elementor-widget-container\">\n\t\t\t\t\t\t\t\t\t\t\t\t\t\t\t\t<a href=\"https:\/\/clubvinotico.com\/ca\/vinotic-evoluciona-un-club-de-vins-amb-vins-de-qualitat-ben-seleccionats-i-sense-complicacions\/\">\n\t\t\t\t\t\t\t<img decoding=\"async\" width=\"600\" height=\"398\" src=\"https:\/\/clubvinotico.com\/wp-content\/uploads\/2025\/08\/12092024-_HMH1734-2-600x398.jpg\" class=\"attachment-razzi-blog-grid size-razzi-blog-grid wp-image-13452\" alt=\"\" srcset=\"https:\/\/clubvinotico.com\/wp-content\/uploads\/2025\/08\/12092024-_HMH1734-2-600x398.jpg 600w, https:\/\/clubvinotico.com\/wp-content\/uploads\/2025\/08\/12092024-_HMH1734-2-300x200.jpg 300w\" sizes=\"(max-width: 600px) 100vw, 600px\" \/>\t\t\t\t\t\t\t\t<\/a>\n\t\t\t\t\t\t\t\t\t\t\t\t\t\t\t<\/div>\n\t\t\t\t<\/div>\n\t\t\t\t<div class=\"elementor-element elementor-element-55b766a elementor-widget elementor-widget-theme-post-title elementor-page-title elementor-widget-heading\" data-id=\"55b766a\" data-element_type=\"widget\" data-widget_type=\"theme-post-title.default\">\n\t\t\t\t<div class=\"elementor-widget-container\">\n\t\t\t\t\t<h5 class=\"elementor-heading-title elementor-size-default\"><a href=\"https:\/\/clubvinotico.com\/ca\/vinotic-evoluciona-un-club-de-vins-amb-vins-de-qualitat-ben-seleccionats-i-sense-complicacions\/\">Vin\u00f3tico evoluciona: un club de vins amb vins de qualitat, ben seleccionats i sense complicacions<\/a><\/h5>\t\t\t\t<\/div>\n\t\t\t\t<\/div>\n\t\t\t\t\t<\/div>\n\t\t\t\t<\/div>\n\t\t\t\t<\/div>\n\t\t\t\t<div data-elementor-type=\"loop-item\" data-elementor-id=\"13192\" class=\"elementor elementor-13192 swiper-slide e-loop-item e-loop-item-13447 post-13447 post type-post status-publish format-standard has-post-thumbnail hentry category-llargs\" data-elementor-post-type=\"elementor_library\" role=\"group\" aria-roledescription=\"slide\" data-custom-edit-handle=\"1\">\n\t\t\t<div class=\"elementor-element elementor-element-3d58d51 e-flex e-con-boxed e-con e-parent\" data-id=\"3d58d51\" data-element_type=\"container\">\n\t\t\t\t\t<div class=\"e-con-inner\">\n\t\t\t\t<div class=\"elementor-element elementor-element-e58052f elementor-widget elementor-widget-theme-post-featured-image elementor-widget-image\" data-id=\"e58052f\" data-element_type=\"widget\" data-widget_type=\"theme-post-featured-image.default\">\n\t\t\t\t<div class=\"elementor-widget-container\">\n\t\t\t\t\t\t\t\t\t\t\t\t\t\t\t\t<a href=\"https:\/\/clubvinotico.com\/ca\/la-ciencia-darrere-del-vi-descobrint-els-secrets-de-la-vinificacio\/\">\n\t\t\t\t\t\t\t<img loading=\"lazy\" decoding=\"async\" width=\"600\" height=\"398\" src=\"https:\/\/clubvinotico.com\/wp-content\/uploads\/2025\/08\/imatgeblog2-600x398.png\" class=\"attachment-razzi-blog-grid size-razzi-blog-grid wp-image-13448\" alt=\"\" \/>\t\t\t\t\t\t\t\t<\/a>\n\t\t\t\t\t\t\t\t\t\t\t\t\t\t\t<\/div>\n\t\t\t\t<\/div>\n\t\t\t\t<div class=\"elementor-element elementor-element-55b766a elementor-widget elementor-widget-theme-post-title elementor-page-title elementor-widget-heading\" data-id=\"55b766a\" data-element_type=\"widget\" data-widget_type=\"theme-post-title.default\">\n\t\t\t\t<div class=\"elementor-widget-container\">\n\t\t\t\t\t<h5 class=\"elementor-heading-title elementor-size-default\"><a href=\"https:\/\/clubvinotico.com\/ca\/la-ciencia-darrere-del-vi-descobrint-els-secrets-de-la-vinificacio\/\">La Ci\u00e8ncia Darrere del Vi: Descobrint els Secrets de la Vinificaci\u00f3<\/a><\/h5>\t\t\t\t<\/div>\n\t\t\t\t<\/div>\n\t\t\t\t\t<\/div>\n\t\t\t\t<\/div>\n\t\t\t\t<\/div>\n\t\t\t\t<div data-elementor-type=\"loop-item\" data-elementor-id=\"13192\" class=\"elementor elementor-13192 swiper-slide e-loop-item e-loop-item-13443 post-13443 post type-post status-publish format-standard has-post-thumbnail hentry category-llargs\" data-elementor-post-type=\"elementor_library\" role=\"group\" aria-roledescription=\"slide\" data-custom-edit-handle=\"1\">\n\t\t\t<div class=\"elementor-element elementor-element-3d58d51 e-flex e-con-boxed e-con e-parent\" data-id=\"3d58d51\" data-element_type=\"container\">\n\t\t\t\t\t<div class=\"e-con-inner\">\n\t\t\t\t<div class=\"elementor-element elementor-element-e58052f elementor-widget elementor-widget-theme-post-featured-image elementor-widget-image\" data-id=\"e58052f\" data-element_type=\"widget\" data-widget_type=\"theme-post-featured-image.default\">\n\t\t\t\t<div class=\"elementor-widget-container\">\n\t\t\t\t\t\t\t\t\t\t\t\t\t\t\t\t<a href=\"https:\/\/clubvinotico.com\/ca\/maridatges-innovadors-combinant-vins-i-menjars-insolits\/\">\n\t\t\t\t\t\t\t<img loading=\"lazy\" decoding=\"async\" width=\"600\" height=\"398\" src=\"https:\/\/clubvinotico.com\/wp-content\/uploads\/2025\/08\/imatgeblog1-600x398.png\" class=\"attachment-razzi-blog-grid size-razzi-blog-grid wp-image-13444\" alt=\"\" \/>\t\t\t\t\t\t\t\t<\/a>\n\t\t\t\t\t\t\t\t\t\t\t\t\t\t\t<\/div>\n\t\t\t\t<\/div>\n\t\t\t\t<div class=\"elementor-element elementor-element-55b766a elementor-widget elementor-widget-theme-post-title elementor-page-title elementor-widget-heading\" data-id=\"55b766a\" data-element_type=\"widget\" data-widget_type=\"theme-post-title.default\">\n\t\t\t\t<div class=\"elementor-widget-container\">\n\t\t\t\t\t<h5 class=\"elementor-heading-title elementor-size-default\"><a href=\"https:\/\/clubvinotico.com\/ca\/maridatges-innovadors-combinant-vins-i-menjars-insolits\/\">Maridatges Innovadors: Combinant Vins i Menjars Ins\u00f2lits<\/a><\/h5>\t\t\t\t<\/div>\n\t\t\t\t<\/div>\n\t\t\t\t\t<\/div>\n\t\t\t\t<\/div>\n\t\t\t\t<\/div>\n\t\t\t\t<div data-elementor-type=\"loop-item\" data-elementor-id=\"13192\" class=\"elementor elementor-13192 swiper-slide e-loop-item e-loop-item-13439 post-13439 post type-post status-publish format-standard has-post-thumbnail hentry category-llargs\" data-elementor-post-type=\"elementor_library\" role=\"group\" aria-roledescription=\"slide\" data-custom-edit-handle=\"1\">\n\t\t\t<div class=\"elementor-element elementor-element-3d58d51 e-flex e-con-boxed e-con e-parent\" data-id=\"3d58d51\" data-element_type=\"container\">\n\t\t\t\t\t<div class=\"e-con-inner\">\n\t\t\t\t<div class=\"elementor-element elementor-element-e58052f elementor-widget elementor-widget-theme-post-featured-image elementor-widget-image\" data-id=\"e58052f\" data-element_type=\"widget\" data-widget_type=\"theme-post-featured-image.default\">\n\t\t\t\t<div class=\"elementor-widget-container\">\n\t\t\t\t\t\t\t\t\t\t\t\t\t\t\t\t<a href=\"https:\/\/clubvinotico.com\/ca\/descobrint-els-secrets-dels-raims-autoctons-varietats-de-vi-menys-conegudes\/\">\n\t\t\t\t\t\t\t<img loading=\"lazy\" decoding=\"async\" width=\"600\" height=\"398\" src=\"https:\/\/clubvinotico.com\/wp-content\/uploads\/2025\/08\/imatgeblog3-600x398.png\" class=\"attachment-razzi-blog-grid size-razzi-blog-grid wp-image-13440\" alt=\"\" \/>\t\t\t\t\t\t\t\t<\/a>\n\t\t\t\t\t\t\t\t\t\t\t\t\t\t\t<\/div>\n\t\t\t\t<\/div>\n\t\t\t\t<div class=\"elementor-element elementor-element-55b766a elementor-widget elementor-widget-theme-post-title elementor-page-title elementor-widget-heading\" data-id=\"55b766a\" data-element_type=\"widget\" data-widget_type=\"theme-post-title.default\">\n\t\t\t\t<div class=\"elementor-widget-container\">\n\t\t\t\t\t<h5 class=\"elementor-heading-title elementor-size-default\"><a href=\"https:\/\/clubvinotico.com\/ca\/descobrint-els-secrets-dels-raims-autoctons-varietats-de-vi-menys-conegudes\/\">Descobrint els Secrets dels Ra\u00efms Aut\u00f2ctons: Varietats de Vi Menys Conegudes<\/a><\/h5>\t\t\t\t<\/div>\n\t\t\t\t<\/div>\n\t\t\t\t\t<\/div>\n\t\t\t\t<\/div>\n\t\t\t\t<\/div>\n\t\t\t\t<\/div>\n\t\t<\/div>\n\t\t\t\t\t<div class=\"elementor-swiper-button elementor-swiper-button-prev\" role=\"button\" tabindex=\"0\" aria-label=\"Previous\">\n\t\t\t\t<svg aria-hidden=\"true\" class=\"e-font-icon-svg e-eicon-chevron-left\" viewBox=\"0 0 1000 1000\" xmlns=\"http:\/\/www.w3.org\/2000\/svg\"><path d=\"M646 125C629 125 613 133 604 142L308 442C296 454 292 471 292 487 292 504 296 521 308 533L604 854C617 867 629 875 646 875 663 875 679 871 692 858 704 846 713 829 713 812 713 796 708 779 692 767L438 487 692 225C700 217 708 204 708 187 708 171 704 154 692 142 675 129 663 125 646 125Z\"><\/path><\/svg>\t\t\t<\/div>\n\t\t\t<div class=\"elementor-swiper-button elementor-swiper-button-next\" role=\"button\" tabindex=\"0\" aria-label=\"Next\">\n\t\t\t\t<svg aria-hidden=\"true\" class=\"e-font-icon-svg e-eicon-chevron-right\" viewBox=\"0 0 1000 1000\" xmlns=\"http:\/\/www.w3.org\/2000\/svg\"><path d=\"M696 533C708 521 713 504 713 487 713 471 708 454 696 446L400 146C388 133 375 125 354 125 338 125 325 129 313 142 300 154 292 171 292 187 292 204 296 221 308 233L563 492 304 771C292 783 288 800 288 817 288 833 296 850 308 863 321 871 338 875 354 875 371 875 388 867 400 854L696 533Z\"><\/path><\/svg>\t\t\t<\/div>\n\t\t\t\t\t<div class=\"swiper-pagination\"><\/div>\n\t\t\t\t\t\t<\/div>\n\t\t\t\t<\/div>\n\t\t\t\t\t<\/div>\n\t\t\t\t<\/div>\n\t\t\t\t<\/div>\n\t\t","protected":false},"excerpt":{"rendered":"<p>BLOG BLOG<\/p>\n","protected":false},"author":1,"featured_media":0,"parent":0,"menu_order":0,"comment_status":"closed","ping_status":"closed","template":"","meta":{"footnotes":""},"class_list":["post-13436","page","type-page","status-publish","hentry"],"_links":{"self":[{"href":"https:\/\/clubvinotico.com\/ca\/wp-json\/wp\/v2\/pages\/13436","targetHints":{"allow":["GET"]}}],"collection":[{"href":"https:\/\/clubvinotico.com\/ca\/wp-json\/wp\/v2\/pages"}],"about":[{"href":"https:\/\/clubvinotico.com\/ca\/wp-json\/wp\/v2\/types\/page"}],"author":[{"embeddable":true,"href":"https:\/\/clubvinotico.com\/ca\/wp-json\/wp\/v2\/users\/1"}],"replies":[{"embeddable":true,"href":"https:\/\/clubvinotico.com\/ca\/wp-json\/wp\/v2\/comments?post=13436"}],"version-history":[{"count":2,"href":"https:\/\/clubvinotico.com\/ca\/wp-json\/wp\/v2\/pages\/13436\/revisions"}],"predecessor-version":[{"id":13438,"href":"https:\/\/clubvinotico.com\/ca\/wp-json\/wp\/v2\/pages\/13436\/revisions\/13438"}],"wp:attachment":[{"href":"https:\/\/clubvinotico.com\/ca\/wp-json\/wp\/v2\/media?parent=13436"}],"curies":[{"name":"wp","href":"https:\/\/api.w.org\/{rel}","templated":true}]}}