{"id":13431,"date":"2025-06-24T17:22:17","date_gmt":"2025-06-24T15:22:17","guid":{"rendered":"https:\/\/clubvinotico.com\/politica-de-cookies\/"},"modified":"2025-10-02T12:28:29","modified_gmt":"2025-10-02T10:28:29","slug":"politica-de-cookies","status":"publish","type":"page","link":"https:\/\/clubvinotico.com\/ca\/politica-de-cookies\/","title":{"rendered":"Pol\u00edtica de Cookies"},"content":{"rendered":"<h2 class=\"wp-block-heading\"><strong>1. Disposicions Generals<\/strong><\/h2><p>Aquest lloc web utilitza \u201ccookies\u201d, \u00e9s a dir, petits fitxers de dades generats als ordinadors i altres dispositius m\u00f2bils o electr\u00f2nics des dels quals vost\u00e8 accedeix a aquest lloc web i que permeten, entre altres, obtenir informaci\u00f3 sobre la data i hora de la seva entrada i els continguts seleccionats per vost\u00e8, el qual permetr\u00e0 a Vin\u00f2tic (d&#8217;ara endavant, \u201cVIN\u00d3TICO\u201d) millorar la qualitat i seguretat d&#8217;aquests continguts.<\/p><p>Aix\u00ed mateix, us informem que nom\u00e9s emmagatzemarem \u201ccookies\u201d al dispositiu si s\u00f3n estrictament necess\u00e0ries per al funcionament d&#8217;aquest lloc web. Per a tots els altres tipus de \u201ccookies\u201d, sol\u00b7licitarem el seu perm\u00eds i per tant no emmagatzemarem cap de les referides \u201ccookies\u201d -a excepci\u00f3 de les abans referides \u201ccookies\u201d estrictament necess\u00e0ries per al funcionament d&#8217;aquest lloc web- que vost\u00e8 no hagi acceptat pr\u00e8viament. <\/p><p>Vost\u00e8 podr\u00e0 modificar o retirar el seu consentiment de conformitat amb all\u00f2 establert en aquesta pol\u00edtica.<\/p><p>En aquells casos en qu\u00e8 les cookies d&#8217;aquest lloc web puguin ser considerades com a dades personals, VIN\u00d3TICO tractar\u00e0 aquestes de conformitat amb la seva pol\u00edtica de privadesa.<\/p><p>Si voleu obtenir m\u00e9s informaci\u00f3 en relaci\u00f3 amb VIN\u00d3TICO i les vostres dades de contacte, aix\u00ed com respecte a com aquest comer\u00e7 tracta les vostres dades de car\u00e0cter personal, podeu accedir a la pol\u00edtica de privadesa de VIN\u00d3TICO mitjan\u00e7ant el seg\u00fcent enlla\u00e7: <a href=\"https:\/\/clubvinotico.com\/politica-de-privacidad\/\">Pol\u00edtica de privadesa<\/a><\/p><h2 class=\"wp-block-heading\"><strong>2. Tipologies de \u201ccookies\u201d<\/strong><\/h2><p>Les cookies es poden catalogar segons la finalitat, la durada o segons qui les gestiona. Cal tenir en compte que una mateixa galeta pot formar part de diverses categories. VIN\u00d3TICO utilitza cookies pr\u00f2pies i de tercers que permeten gestionar i millorar els serveis oferts.  <\/p><p>Seguidament, trobareu un cat\u00e0leg de cookies utilitzades en aquesta p\u00e0gina web i la seva corresponent descripci\u00f3.<\/p><p><strong>2.1. Galetes T\u00e8cniques<\/strong><\/p><p>Aquest tipus de cookies t\u00e8cniques s\u00f3n necess\u00e0ries ja que permeten que aquest lloc web pugui utilitzar activant funcions b\u00e0siques, com, a t\u00edtol enunciatiu i no limitatiu, la navegaci\u00f3 de p\u00e0gines. El lloc web no pot funcionar correctament sense aquestes galetes. <\/p><figure class=\"wp-block-table\"><table class=\"has-fixed-layout\"><tbody><tr><td><strong><em>Cookie<\/em><\/strong><\/td><td><strong>Prove\u00efdor<\/strong><\/td><td><strong>Finalitat<\/strong><\/td><td><strong>Expiraci\u00f3<\/strong><\/td><\/tr><tr><td>PHPSESSID<\/td><td>pidevinotico.com<\/td><td>per proporcionar funcions a trav\u00e9s de la p\u00e0gina<\/td><td>sessi\u00f3<\/td><\/tr><\/tbody><\/table><\/figure><p><strong>2.2. Galetes i altres tecnologies de recollida amb finalitat d&#8217;estad\u00edstica<\/strong><\/p><p>Aquestes tecnologies permeten a VIN\u00d3TICO, i\/oa la resta de prove\u00efdors esmentats a continuaci\u00f3 quan actuen com a responsables, entendre com interactua amb la p\u00e0gina web, i aix\u00ed realitzar l&#8217;an\u00e0lisi estad\u00edstica del seu \u00fas per tal d&#8217;introduir millores en els productes i serveis oferts pel responsable.<\/p><figure class=\"wp-block-table\"><table class=\"has-fixed-layout\"><tbody><tr><td><strong><em>Cookie<\/em><\/strong><\/td><td><strong>Prove\u00efdor<\/strong><\/td><td><strong>Finalitat<\/strong><\/td><td><strong>Expiraci\u00f3<\/strong><\/td><\/tr><tr><td>_gid<\/td><td>Google.com<\/td><td>Per emmagatzemar i comptar p\u00e0gines vistes<\/td><td>1 dia<\/td><\/tr><tr><td>_gat<\/td><td>Google.com<\/td><td>Per emmagatzemar i comptar p\u00e0gines vistes<\/td><td>2 anys<\/td><\/tr><tr><td>_gat_UA-165120690-1<\/td><td>Google.com<\/td><td>Per proporcionar seguiment t\u00e8cnic<\/td><td>sessi\u00f3<\/td><\/tr><\/tbody><\/table><\/figure><p><strong>2.3. Cookies de publicitat comportamental<\/strong><\/p><p>Aquestes cookies emmagatzemen informaci\u00f3 del seu comportament obtingut a trav\u00e9s de la cont\u00ednua observaci\u00f3 dels seus h\u00e0bits de navegaci\u00f3, cosa que permet mostrar publicitat en funci\u00f3 del desenvolupament del perfil espec\u00edfic.<\/p><figure class=\"wp-block-table\"><table class=\"has-fixed-layout\"><tbody><tr><td><strong><em>Cookie<\/em><\/strong><\/td><td><strong>Prove\u00efdor<\/strong><\/td><td><strong>Finalitat<\/strong><\/td><td><strong>Expiraci\u00f3<\/strong><\/td><\/tr><tr><td>_gid<\/td><td>Google.com<\/td><td>Per emmagatzemar i comptar p\u00e0gines vistes<\/td><td>1 dia<\/td><\/tr><tr><td>_gat<\/td><td>Google.com<\/td><td>Per emmagatzemar i comptar p\u00e0gines vistes<\/td><td>2 anys<\/td><\/tr><tr><td>_gat_UA-165120690-1<\/td><td>Google.com<\/td><td>Per proporcionar seguiment t\u00e8cnic<\/td><td>sessi\u00f3<\/td><\/tr><\/tbody><\/table><\/figure><p><strong>2.4. Galetes de personalitzaci\u00f3<\/strong><\/p><p>Les cookies de personalitzaci\u00f3 permeten a aquest lloc web recordar certa informaci\u00f3 que permet modificar-ne el funcionament, com ara, a t\u00edtol enunciatiu i no limitatiu, el seu idioma de prefer\u00e8ncia.<\/p><figure class=\"wp-block-table\"><table class=\"has-fixed-layout\"><tbody><tr><td><strong><em>Cookie<\/em><\/strong><\/td><td><strong>Prove\u00efdor<\/strong><\/td><td><strong>Finalitat<\/strong><\/td><td><strong>Expiraci\u00f3<\/strong><\/td><\/tr><tr><td>_gid<\/td><td>Google.com<\/td><td>Per emmagatzemar i comptar p\u00e0gines vistes<\/td><td>1 dia<\/td><\/tr><tr><td>_gat<\/td><td>Google.com<\/td><td>Per emmagatzemar i comptar p\u00e0gines vistes<\/td><td>2 anys<\/td><\/tr><tr><td>_gat_UA-165120690-1<\/td><td>Google.com<\/td><td>Per proporcionar seguiment t\u00e8cnic<\/td><td>sessi\u00f3<\/td><\/tr><\/tbody><\/table><\/figure><p><strong>2.5. Galetes funcionals amb finalitat social<\/strong><\/p><p>Aquestes cookies s&#8217;utilitzaran perqu\u00e8 els usuaris puguin interactuar i compartir el nostre contingut a diferents plataformes socials (Facebook, Twitter, Instagram i Youtube). Les condicions d&#8217;\u00fas d&#8217;aquestes galetes i la informaci\u00f3 recopilada pertanyen a cada plataforma social corresponent. <\/p><figure class=\"wp-block-table\"><table class=\"has-fixed-layout\"><tbody><tr><td><strong><em>Cookie<\/em><\/strong><\/td><td><strong>Prove\u00efdor<\/strong><\/td><td><strong>Finalitat<\/strong><\/td><td><strong>Expiraci\u00f3<\/strong><\/td><\/tr><tr><td>_gid<\/td><td>Google.com<\/td><td>Per emmagatzemar i comptar p\u00e0gines vistes<\/td><td>1 dia<\/td><\/tr><tr><td>_gat<\/td><td>Google.com<\/td><td>Per emmagatzemar i comptar p\u00e0gines vistes<\/td><td>2 anys<\/td><\/tr><tr><td>_gat_UA-165120690-1<\/td><td>Google.com<\/td><td>Per proporcionar seguiment t\u00e8cnic<\/td><td>sessi\u00f3<\/td><\/tr><\/tbody><\/table><\/figure><h2 class=\"wp-block-heading\"><strong>3. Bloquejar, deshabilitar i\/o eliminar cookies<\/strong><\/h2><p>VIN\u00d3TICO us informa que les \u201ccookies\u201d establertes a l&#8217;apartat anterior -a excepci\u00f3 de les Cookies Necess\u00e0ries- es podran bloquejar, deshabilitar i\/o eliminar en qualsevol moment segons les indicacions de cada navegador web, que trobareu a continuaci\u00f3:<\/p><p><a href=\"https:\/\/support.google.com\/chrome\/answer\/95647?co=GENIE.Platform%3DAndroid&amp;hl=es\">Google Chrome <\/a><\/p><p><a href=\"https:\/\/support.mozilla.org\/es\/kb\/Borrar%20cookies\">Mozilla Firefox<\/a><\/p><p><a href=\"https:\/\/support.apple.com\/es-us\/guide\/safari\/sfri11471\/mac\">Safari<\/a><\/p><p><a href=\"https:\/\/support.microsoft.com\/es-es\/help\/278835\/how-to-delete-cookie-files-in-internet-explorer\">Internet Explorer<\/a><\/p><p>Per a m\u00e9s informaci\u00f3 en relaci\u00f3 amb el bloqueig, deshabilitaci\u00f3 i\/o eliminaci\u00f3 de les cookies, podeu visitar la seg\u00fcent p\u00e0gina web: <a href=\"http:\/\/www.aboutcookies.org\/\">About Cookies<\/a><\/p><p><strong><em>Darrera actualitzaci\u00f3: 01 de 06 de 2024<\/em><\/strong><\/p>","protected":false},"excerpt":{"rendered":"<p>1. Disposicions Generals Aquest lloc web utilitza \u201ccookies\u201d, \u00e9s a dir, petits fitxers de dades generats als ordinadors i altres dispositius m\u00f2bils o electr\u00f2nics des dels quals vost\u00e8 accedeix a aquest lloc web i que permeten, entre altres, obtenir informaci\u00f3 sobre la data i hora de la seva entrada i els continguts seleccionats per vost\u00e8, [&hellip;]<\/p>\n","protected":false},"author":1,"featured_media":0,"parent":0,"menu_order":0,"comment_status":"closed","ping_status":"closed","template":"","meta":{"footnotes":""},"class_list":["post-13431","page","type-page","status-publish","hentry"],"_links":{"self":[{"href":"https:\/\/clubvinotico.com\/ca\/wp-json\/wp\/v2\/pages\/13431","targetHints":{"allow":["GET"]}}],"collection":[{"href":"https:\/\/clubvinotico.com\/ca\/wp-json\/wp\/v2\/pages"}],"about":[{"href":"https:\/\/clubvinotico.com\/ca\/wp-json\/wp\/v2\/types\/page"}],"author":[{"embeddable":true,"href":"https:\/\/clubvinotico.com\/ca\/wp-json\/wp\/v2\/users\/1"}],"replies":[{"embeddable":true,"href":"https:\/\/clubvinotico.com\/ca\/wp-json\/wp\/v2\/comments?post=13431"}],"version-history":[{"count":4,"href":"https:\/\/clubvinotico.com\/ca\/wp-json\/wp\/v2\/pages\/13431\/revisions"}],"predecessor-version":[{"id":13557,"href":"https:\/\/clubvinotico.com\/ca\/wp-json\/wp\/v2\/pages\/13431\/revisions\/13557"}],"wp:attachment":[{"href":"https:\/\/clubvinotico.com\/ca\/wp-json\/wp\/v2\/media?parent=13431"}],"curies":[{"name":"wp","href":"https:\/\/api.w.org\/{rel}","templated":true}]}}