{"id":13409,"date":"2025-06-24T16:50:58","date_gmt":"2025-06-24T14:50:58","guid":{"rendered":"https:\/\/clubvinotico.com\/avis-legal\/"},"modified":"2025-10-02T12:28:29","modified_gmt":"2025-10-02T10:28:29","slug":"avis-legal","status":"publish","type":"page","link":"https:\/\/clubvinotico.com\/ca\/avis-legal\/","title":{"rendered":"Av\u00eds Legal"},"content":{"rendered":"<h2 class=\"wp-block-heading\"><strong>Titularitat i finalitat del Lloc Web<\/strong><\/h2><p>De conformitat amb el requerit per la Llei 20\/2014, de 16 d&#8217;octubre, reguladora de la contractaci\u00f3 electr\u00f2nica i dels operadors que desenvolupen la seva activitat econ\u00f2mica en un espai digital, us informem que vost\u00e8 ha accedit a un lloc web (d&#8217;ara endavant, \u201cel Lloc Web\u201d) quin nom de domini <a href=\"https:\/\/clubvinotico.com\/ca\/\">www.clubvinotico.com<\/a> \u00e9s de titularitat del comer\u00e7 andorr\u00e0. de Comer\u00e7 del MI Govern d&#8217;Andorra amb n\u00famero de registre de comer\u00e7 934377C, i amb n\u00famero de registre tributari F192052R. El seu domicili comercial \u00e9s a la carretera del Vilars, n\u00famero 114, sota esquerra, Escaldes Engordany, AD700 (Principat d&#8217;Andorra). <\/p><p>La finalitat del Lloc Web \u00e9s informar sobre els productes i serveis, les activitats i altres iniciatives del Comer\u00e7 (d&#8217;ara endavant, conjuntament, \u201cles Iniciatives\u201d).<\/p><p>Per a qualsevol consulta o reclamaci\u00f3 en relaci\u00f3 amb el Lloc Web o Iniciatives, el Comer\u00e7 posa a la vostra disposici\u00f3 el correu electr\u00f2nic de contacte <a href=\"mailto:contacto@pidevinotico.com\">contacto@pidevinotico.com<\/a> i el n\u00famero de tel\u00e8fon de contacte +376 630290.<\/p><h2 class=\"wp-block-heading\"><strong>Acceptaci\u00f3 dels Termes i Condicions d&#8217;\u00fas del Lloc Web<\/strong><\/h2><p>L&#8217;acc\u00e9s al Lloc Web comporta la plena acceptaci\u00f3, per part dels seus usuaris, d&#8217;aquests termes i condicions d&#8217;\u00fas, aix\u00ed com de la pol\u00edtica de privadesa i la pol\u00edtica de galetes, tot el qual tamb\u00e9 es troba a la seva disposici\u00f3 al Lloc Web (d&#8217;ara endavant, conjuntament, els Termes i Condicions).<\/p><p>Aix\u00ed mateix, els usuaris del Lloc Web s&#8217;obliguen a fer-ne un \u00fas diligent i dels continguts continguts, d&#8217;acord amb el que estableix la legislaci\u00f3 vigent, aix\u00ed com amb la bona fe i els bons costums, i sense contravenir la moral ni l&#8217;ordre p\u00fablic.<\/p><p>Per tant, entre d&#8217;altres, no est\u00e0 perm\u00e8s l&#8217;acc\u00e9s o la utilitzaci\u00f3 del Lloc Web amb finalitats il\u00b7legals, per la qual cosa, a t\u00edtol merament enunciatiu i no limitatiu, queda prohibit:<\/p><ul class=\"wp-block-list\"><li>Fer \u00fas del Lloc Web de manera que es puguin provocar danys, interrupcions, inefici\u00e8ncies o defectes en el funcionament;<\/li>\n\n<li>Fer \u00fas del Lloc Web per a la transmissi\u00f3, instal\u00b7laci\u00f3 o publicaci\u00f3 de qualsevol virus, codi malici\u00f3s o altres programes o arxius perjudicials;<\/li>\n\n<li>Fer \u00fas del Lloc Web per recollir, sense autoritzaci\u00f3, dades de car\u00e0cter personal daltres usuaris;<\/li>\n\n<li>Accedir sense autoritzaci\u00f3 a xarxes o sistemes de la informaci\u00f3 connectats al Lloc Web, mitjan\u00e7ant pirateig o falsificaci\u00f3, extracci\u00f3 de contrasenyes o qualsevol altre mitj\u00e0 il\u00b7leg\u00edtim;<\/li>\n\n<li>Trencar, o intentar trencar, les mesures de seguretat o d&#8217;autenticaci\u00f3 del Lloc Web o de qualsevol xarxa o sistema de la informaci\u00f3 connectats a aquest, o les mesures de seguretat o protecci\u00f3 inherents als continguts del Lloc Web; o<\/li>\n\n<li>Dur a terme alguna acci\u00f3 que provoqui una saturaci\u00f3 desproporcionada o innecess\u00e0ria a la infraestructura del Lloc Web oa les xarxes o sistemes de la informaci\u00f3 connectats al Lloc Web.<\/li><\/ul><h2 class=\"wp-block-heading\"><strong>Reserva de la facultat de modificaci\u00f3 i actualitzaci\u00f3 dels Termes i Condicions d&#8217;\u00fas del Lloc Web<\/strong><\/h2><p>El Comer\u00e7 es reserva la facultat d&#8217;efectuar, sense av\u00eds previ, en qualsevol moment i amb efectes immediats, les modificacions i actualitzacions peri\u00f2diques que consideri oportunes en els Termes i Condicions. Per tant, el Comer\u00e7 recomana als usuaris del Lloc Web que revisin els Termes i Condicions peri\u00f2dicament. <\/p><h2 class=\"wp-block-heading\"><strong>Drets i posicions jur\u00eddiques sobre els continguts que integren el Lloc Web<\/strong><\/h2><ul class=\"wp-block-list\"><li>Definici\u00f3 del terme \u201ccontinguts\u201d:<\/li><\/ul><p>A efectes dels Termes i Condicions, el terme \u00abcontinguts\u00bb fa refer\u00e8ncia a tots els continguts que conformen el Lloc Web, entenent-se com a tals, a t\u00edtol merament enunciatiu i no limitatiu, el codi font, el disseny i l&#8217;estructura de navegaci\u00f3 del Lloc Web, aix\u00ed com els signes distintius, v\u00eddeos, fotografies, il\u00b7lustracions, gr\u00e0fics, textos, dades.<\/p><ul class=\"wp-block-list\"><li>Drets i posicions jur\u00eddiques sobre els continguts:<\/li><\/ul><p>Els continguts s\u00f3n objecte de drets de propietat intel\u00b7lectual, drets de propietat industrial, drets d&#8217;imatge i\/o altres drets o posicions jur\u00eddiques d&#8217;an\u00e0leg contingut econ\u00f2mic de titularitat del comer\u00e7 o de tercers que li han atorgat les llic\u00e8ncies o autoritzacions pertinents. Per tant, l&#8217;acc\u00e9s al Lloc Web no atorga als usuaris cap titularitat ni dret d&#8217;\u00fas sobre els continguts (mitjan\u00e7ant, entre d&#8217;altres, la seva reproducci\u00f3, distribuci\u00f3, comunicaci\u00f3 p\u00fablica, posada a disposici\u00f3 o transformaci\u00f3), llevat que el Comer\u00e7 o els tercers titulars dels drets o posicions jur\u00eddiques de qu\u00e8 es tracti els ho autoritzin b\u00e9 indicant-ho expressament al Lloc Web o mitjan\u00e7ant llic\u00e8ncies. <\/p><p>Per tant, el Comer\u00e7 es reserva la facultat de fer \u00fas de marques d&#8217;aigua, de dispositius tecnol\u00f2gics o d&#8217;altres mitjans de seguretat que permetin el rastreig o el seguiment en l\u00ednia dels usos no autoritzats dels continguts. I, en qualsevol cas, el Comer\u00e7 es reserva la facultat d&#8217;interposar les accions legals de l&#8217;ordre civil o penal que corresponguin contra els usuaris del Lloc Web que infringeixin drets de propietat intel\u00b7lectual, drets de propietat industrial, drets d&#8217;imatge o altres drets o posicions jur\u00eddiques d&#8217;an\u00e0leg contingut econ\u00f2mic que recaiguin sobre els continguts. <\/p><p>En cas que qualsevol usuari consideri que algun dels continguts vulnera drets o posicions jur\u00eddiques de tercers, ho haur\u00e0 de notificar immediatament al Comer\u00e7 pels mitjans de contacte o reclamaci\u00f3 indicats a l&#8217;apartat \u201cTitularitat i finalitat del Lloc Web\u201d, per tal que aquesta societat pugui analitzar i valorar el sup\u00f2sit que es tracti.<\/p><h2 class=\"wp-block-heading\"><strong>Dret d&#8217;exclusi\u00f3 del Lloc Web<\/strong><\/h2><p>El Comer\u00e7 es reserva la facultat de denegar o suspendre, sense av\u00eds previ i de forma discrecional, en qualsevol moment i amb car\u00e0cter definitiu o temporal, l&#8217;acc\u00e9s al Lloc Web als usuaris que incompleixin els Termes i Condicions. Aquesta facultat del comer\u00e7 \u00e9s sens perjudici de les eventuals accions legals de lordre civil o penal que aquesta pugui iniciar en contra dels usuaris de qu\u00e8 es tracti. <\/p><h2 class=\"wp-block-heading\"><strong>Responsabilitat<\/strong><\/h2><p>1. Responsabilitat dels usuaris<\/p><p>Els usuaris seran els \u00fanics responsables de prendre totes les mesures adequades per protegir els dispositius i programes inform\u00e0tics associats mitjan\u00e7ant els quals accedeixin al Lloc Web de, entre d&#8217;altres, virus, codis maliciosos o altres programes o arxius perjudicials.<\/p><p>Els usuaris seran els \u00fanics responsables de l\u00fas que aquests facin dels continguts que es facilitin mitjan\u00e7ant el Lloc Web.<\/p><p>En cas que efectu\u00efn consultes o reclamacions al Comer\u00e7 pels mitjans que es preveuen a l&#8217;apartat \u201cTitularitat i finalitat del Lloc Web\u201d, els usuaris respondran dels danys i perjudicis que ocasionin al Comer\u00e7 oa tercers per facilitar dades o informacions falses o inexactes.<\/p><p>Els usuaris tamb\u00e9 seran responsables en tots aquells altres sup\u00f2sits en qu\u00e8 incompleixin els Termes i Condicions, com ara, a t\u00edtol merament enunciatiu i no limitatiu, en els sup\u00f2sits indicats a l&#8217;apartat \u201cAcceptaci\u00f3 dels Termes i Condicions d&#8217;\u00das del Lloc Web\u201d.<\/p><p>2. Responsabilitat del Comer\u00e7<\/p><p>El Comer\u00e7 no ser\u00e0 responsable dels danys i perjudicis ni d&#8217;altres conseq\u00fc\u00e8ncies que derivin de la utilitzaci\u00f3 que els usuaris facin del Lloc Web ni dels continguts continguts en ells.<\/p><p>El Comer\u00e7 no ser\u00e0 responsable dels danys i perjudicis ni d&#8217;altres conseq\u00fc\u00e8ncies que es derivin de la indisponibilitat del Lloc Web o dels seus continguts per motius t\u00e8cnics, de seguretat, de control, d&#8217;actualitzacions o de manteniment, o per errors deguts a servidors oa tercers intermediaris o prove\u00efdors, com ara defici\u00e8ncies de l\u00ednies telef\u00f2niques o sobrec\u00e0rregues a Internet.<\/p><p>El Comer\u00e7 no ser\u00e0 responsable dels danys i perjudicis causats als usuaris del Lloc Web per part de programes inform\u00e0tics maliciosos, daccions de ciberdelinq\u00fcents o daltres intromissions il\u00b7leg\u00edtimes de tercers.<\/p><p>El Comer\u00e7 no exerceix cap control sobre els serveis, continguts i\/o altres elements als quals els usuaris del Lloc Web puguin accedir a trav\u00e9s dels dispositius t\u00e8cnics d&#8217;enlla\u00e7os, directoris o altres mitjans als quals es pugui accedir mitjan\u00e7ant el Lloc Web (com ara Facebook, Instagram, Twitter, LinkedIn i similars). Per tant, el comer\u00e7 no ser\u00e0 responsable de la disponibilitat t\u00e8cnica, la qualitat o l&#8217;exactitud, entre d&#8217;altres, dels serveis, continguts i\/o altres elements als quals s&#8217;hagi accedit, ni dels danys i perjudicis ni d&#8217;altres conseq\u00fc\u00e8ncies que es produeixin com a resultat del seu \u00fas. En cap cas, l&#8217;exist\u00e8ncia dels accessos esmentats pressuposa l&#8217;exist\u00e8ncia d&#8217;acords amb els titulars o responsables dels serveis, continguts o altres elements de qu\u00e8 es tracti, ni la recomanaci\u00f3, promoci\u00f3 o identificaci\u00f3 del comer\u00e7 amb aquests.  <\/p><p>Els usuaris que decideixin visitar i\/o utilitzar qualsevol dels enlla\u00e7os de tercers, ho faran pel seu compte i risc, i han de prendre les mesures de protecci\u00f3 oportunes.<\/p><p>Sense perjudici de l&#8217;anterior, en cas que qualsevol usuari consideri que mitjan\u00e7ant algun dels dispositius t\u00e8cnics d&#8217;enlla\u00e7os, directoris o altres mitjans als quals es pugui accedir mitjan\u00e7ant el Lloc Web es vulneren drets o posicions jur\u00eddiques de tercers, haur\u00e0 de notificar-ho immediatament al Comer\u00e7 pels mitjans de contacte o reclamaci\u00f3 indicats en l&#8217;apartat \u201cTitularitat i finalitat d&#8217;aquest lloc web\u201d, a fi que es tracti d&#8217;aquesta web i, per tal que es tracti d&#8217;aquesta web.<\/p><p>El Comer\u00e7 pot, temporalment o definitivament, interrompre l&#8217;acc\u00e9s al Lloc Web, en cas que no pugui o simplement no vulgui continuar explotant-lo; en aquests casos, l&#8217;acc\u00e9s dels usuaris es cancel\u00b7lar\u00e0 de manera immediata sense que els usuaris puguin requerir responsabilitats al comer\u00e7.<\/p><p>Aix\u00ed mateix, el Comer\u00e7 es reserva el dret, en qualsevol moment i sense av\u00eds previ als usuaris, de modificar qualsevol contingut del Lloc Web, o d&#8217;actualitzar o corregir errors o inexactituds, sense que els usuaris puguin requerir-li responsabilitats.<\/p><p>Sempre que no contradigui el que estableix la legislaci\u00f3 vigent, en cas que, eventualment, el Comer\u00e7 fos considerat responsable per danys i perjudicis cap a usuaris del Lloc Web, la responsabilitat del Comer\u00e7 es limitar\u00e0 als danys i perjudicis certs, reals i concrets.<\/p><p>No obstant aix\u00f2, el Comer\u00e7 no es responsabilitzar\u00e0 en cap cas dels danys i perjudicis ni d&#8217;altres conseq\u00fc\u00e8ncies que derivin de l&#8217;incompliment dels Termes i Condicions per part dels usuaris.<\/p><h2 class=\"wp-block-heading\"><strong>Enlla\u00e7os cap al Lloc Web<\/strong><\/h2><p>Qualsevol enlla\u00e7 de tercers amb el Lloc Web, no podr\u00e0 suposar un aprofitament deslleial dels continguts del mateix, llevat que els tercers de qu\u00e8 es tracti hagin obtingut la pr\u00e8via autoritzaci\u00f3 per escrit del Comer\u00e7.<\/p><p>Aix\u00ed mateix, el Comer\u00e7 prohibeix la creaci\u00f3 denlla\u00e7os cap al Lloc Web des daltres llocs web amb continguts que siguin contraris a la llei, la bona fe, els bons costums, la moral o lordre p\u00fablic.<\/p><h2 class=\"wp-block-heading\"><strong>Legislaci\u00f3 aplicable als Termes i Condicions, i jurisdicci\u00f3<\/strong><\/h2><p>Els Termes i Condicions es regiran per la legislaci\u00f3 andorrana.<\/p><p>Els usuaris del Lloc Web se sotmeten a la jurisdicci\u00f3 andorrana, amb ren\u00fancia expressa a qualsevol altre fur que, d&#8217;acord amb Dret, els pogu\u00e9s correspondre.<\/p><p>Aix\u00f2 \u00e9s sens perjudici que, per ra\u00f3 de la condici\u00f3 de consumidor d&#8217;un usuari, per imperatiu legal pugui ser aplicable una altra legislaci\u00f3 i\/o jurisdicci\u00f3.<\/p><p>Darrera actualitzaci\u00f3: 30 de juny de 2025<\/p>","protected":false},"excerpt":{"rendered":"<p>Titularitat i finalitat del Lloc Web De conformitat amb el requerit per la Llei 20\/2014, de 16 d&#8217;octubre, reguladora de la contractaci\u00f3 electr\u00f2nica i dels operadors que desenvolupen la seva activitat econ\u00f2mica en un espai digital, us informem que vost\u00e8 ha accedit a un lloc web (d&#8217;ara endavant, \u201cel Lloc Web\u201d) quin nom de domini [&hellip;]<\/p>\n","protected":false},"author":1,"featured_media":0,"parent":0,"menu_order":0,"comment_status":"closed","ping_status":"closed","template":"","meta":{"footnotes":""},"class_list":["post-13409","page","type-page","status-publish","hentry"],"_links":{"self":[{"href":"https:\/\/clubvinotico.com\/ca\/wp-json\/wp\/v2\/pages\/13409","targetHints":{"allow":["GET"]}}],"collection":[{"href":"https:\/\/clubvinotico.com\/ca\/wp-json\/wp\/v2\/pages"}],"about":[{"href":"https:\/\/clubvinotico.com\/ca\/wp-json\/wp\/v2\/types\/page"}],"author":[{"embeddable":true,"href":"https:\/\/clubvinotico.com\/ca\/wp-json\/wp\/v2\/users\/1"}],"replies":[{"embeddable":true,"href":"https:\/\/clubvinotico.com\/ca\/wp-json\/wp\/v2\/comments?post=13409"}],"version-history":[{"count":5,"href":"https:\/\/clubvinotico.com\/ca\/wp-json\/wp\/v2\/pages\/13409\/revisions"}],"predecessor-version":[{"id":13901,"href":"https:\/\/clubvinotico.com\/ca\/wp-json\/wp\/v2\/pages\/13409\/revisions\/13901"}],"wp:attachment":[{"href":"https:\/\/clubvinotico.com\/ca\/wp-json\/wp\/v2\/media?parent=13409"}],"curies":[{"name":"wp","href":"https:\/\/api.w.org\/{rel}","templated":true}]}}